{"id":2923,"date":"2023-04-17T13:57:26","date_gmt":"2023-04-17T12:57:26","guid":{"rendered":"https:\/\/avada.picarussailingclub.com\/politica-de-calidad\/"},"modified":"2023-05-03T19:45:05","modified_gmt":"2023-05-03T18:45:05","slug":"quality-politics","status":"publish","type":"page","link":"https:\/\/www.picarussailingclub.com\/en\/quality-politics\/","title":{"rendered":"Quality politics"},"content":{"rendered":"<div class=\"fusion-fullwidth fullwidth-box fusion-builder-row-1 fusion-flex-container nonhundred-percent-fullwidth non-hundred-percent-height-scrolling\" style=\"--awb-border-radius-top-left:0px;--awb-border-radius-top-right:0px;--awb-border-radius-bottom-right:0px;--awb-border-radius-bottom-left:0px;--awb-flex-wrap:wrap;\" ><div class=\"fusion-builder-row fusion-row fusion-flex-align-items-flex-start fusion-flex-content-wrap\" style=\"max-width:1216.8px;margin-left: calc(-4% \/ 2 );margin-right: calc(-4% \/ 2 );\"><div class=\"fusion-layout-column fusion_builder_column fusion-builder-column-0 fusion_builder_column_1_1 1_1 fusion-flex-column\" style=\"--awb-bg-size:cover;--awb-width-large:100%;--awb-margin-top-large:0px;--awb-spacing-right-large:1.92%;--awb-margin-bottom-large:20px;--awb-spacing-left-large:1.92%;--awb-width-medium:100%;--awb-order-medium:0;--awb-spacing-right-medium:1.92%;--awb-spacing-left-medium:1.92%;--awb-width-small:100%;--awb-order-small:0;--awb-spacing-right-small:1.92%;--awb-spacing-left-small:1.92%;\"><div class=\"fusion-column-wrapper fusion-column-has-shadow fusion-flex-justify-content-flex-start fusion-content-layout-column\"><div class=\"fusion-text fusion-text-1\"><p>La Direcci\u00f3n de PICARUS SAILING CLUB manifiesta que es su voluntad empresarial y objetivo prioritario prestar la m\u00e1xima atenci\u00f3n a cada una de las actividades que realizamos, en cada decisi\u00f3n que adoptamos y en cada acci\u00f3n que llevamos a cabo. As\u00ed como el cumplimiento de los requisitos del cliente y la satisfacci\u00f3n de sus expectativas, siendo los principios estrat\u00e9gicos de esta organizaci\u00f3n.<\/p>\n<p>Esta pol\u00edtica de calidad est\u00e1 definida dentro de la finalidad de la organizaci\u00f3n, que es prestar un servicio de calidad en el avistamiento de cet\u00e1ceos y en la organizaci\u00f3n de excursiones mar\u00edtimas, sirviendo de marco para el establecimiento de objetivos de calidad. Esta filosof\u00eda debe ser asumida por todos los trabajadores de PICARUS SAILING CLUB a trav\u00e9s de la fiel el cumplimiento de los siguientes principios:<\/p>\n<p>La plena satisfacci\u00f3n de nuestros clientes, ofreciendo servicios que cumplan sus expectativas. Por ello, centramos nuestras acciones en identificar, evaluar y definir los requisitos, necesidades y expectativas del cliente.<\/p>\n<p>Controlar sistem\u00e1ticamente todos y cada uno de los factores relevantes de los que depende la calidad de nuestros servicios.<\/p>\n<p>Entendemos que nuestro trabajo debe aunar esfuerzos de cara a una mayor sostenibilidad ambiental en lo que respecta a la gesti\u00f3n de los residuos generados por nuestra actividad tur\u00edstica. Por ello, en la medida de lo posible, incorporamos materiales reciclables en nuestras actividades, utilizamos productos que no son potencialmente da\u00f1inos para el medio marino y realizamos una gesti\u00f3n selectiva de los residuos (vidrio\/pl\u00e1stico\/papel\/org\u00e1nico) en nuestras oficinas y barcos.<br \/>\nQueremos promover la protecci\u00f3n del entorno natural donde desarrollamos nuestras actividades, para ello colaboramos activamente con la limpieza del medio marino, y durante nuestras actividades nos comprometemos a parar o modificar nuestro recorrido para recoger los residuos que aparecen en la superficie.<br \/>\nCumplir con todas las especificaciones, normas, requisitos legales u otros establecidos.<\/p>\n<p>Promover la mejora continua del sistema de gesti\u00f3n de la calidad mediante el establecimiento de indicadores, el seguimiento, la medici\u00f3n, el an\u00e1lisis y la evaluaci\u00f3n del mismo, as\u00ed como el planteamiento de objetivos de calidad y mejora en las funciones y niveles pertinentes de la organizaci\u00f3n.<\/p>\n<p>Esta pol\u00edtica proporciona un marco de referencia para establecer y revisar los objetivos de calidad.<\/p>\n<p>La direcci\u00f3n se compromete a divulgar, hacer comprender y aplicar nuestra pol\u00edtica a todos los niveles de la organizaci\u00f3n, proveedores y terceros que se relacionen con PICARUS SAILING CLUB y sus partes interesadas, con el compromiso de cumplir con las l\u00edneas establecidas, estando a disposici\u00f3n de todo aquel que quieres comprobarlo.<\/p>\n<\/div><\/div><\/div><\/div><\/div>\n","protected":false},"excerpt":{"rendered":"","protected":false},"author":1,"featured_media":0,"parent":0,"menu_order":0,"comment_status":"closed","ping_status":"open","template":"","meta":{"footnotes":""},"class_list":["post-2923","page","type-page","status-publish","hentry"],"yoast_head":"<!-- This site is optimized with the Yoast SEO plugin v27.5 - https:\/\/yoast.com\/product\/yoast-seo-wordpress\/ -->\n<title>Quality politics - Los Gigantes - Tenerife - Picarus<\/title>\n<meta name=\"description\" content=\"Pol\u00edtica de Calidad relacionada con las actividades propuestas por Picarus Sailing Club\" \/>\n<meta name=\"robots\" content=\"index, follow, max-snippet:-1, max-image-preview:large, max-video-preview:-1\" \/>\n<link rel=\"canonical\" href=\"https:\/\/www.picarussailingclub.com\/en\/quality-politics\/\" \/>\n<meta property=\"og:locale\" content=\"en_US\" \/>\n<meta property=\"og:type\" content=\"article\" \/>\n<meta property=\"og:title\" content=\"Quality politics - Los Gigantes - Tenerife - Picarus\" \/>\n<meta property=\"og:description\" content=\"Pol\u00edtica de Calidad relacionada con las actividades propuestas por Picarus Sailing Club\" \/>\n<meta property=\"og:url\" content=\"https:\/\/www.picarussailingclub.com\/en\/quality-politics\/\" \/>\n<meta property=\"og:site_name\" content=\"PICARUS SAILING CLUB\" \/>\n<meta property=\"article:publisher\" content=\"https:\/\/www.facebook.com\/picarussailingclub\/\" \/>\n<meta property=\"article:modified_time\" content=\"2023-05-03T18:45:05+00:00\" \/>\n<meta name=\"twitter:card\" content=\"summary_large_image\" \/>\n<script type=\"application\/ld+json\" class=\"yoast-schema-graph\">{\"@context\":\"https:\\\/\\\/schema.org\",\"@graph\":[{\"@type\":\"WebPage\",\"@id\":\"https:\\\/\\\/www.picarussailingclub.com\\\/en\\\/quality-politics\\\/\",\"url\":\"https:\\\/\\\/www.picarussailingclub.com\\\/en\\\/quality-politics\\\/\",\"name\":\"Quality politics - Los Gigantes - Tenerife - Picarus\",\"isPartOf\":{\"@id\":\"https:\\\/\\\/www.picarussailingclub.com\\\/en\\\/#website\"},\"datePublished\":\"2023-04-17T12:57:26+00:00\",\"dateModified\":\"2023-05-03T18:45:05+00:00\",\"description\":\"Pol\u00edtica de Calidad relacionada con las actividades propuestas por Picarus Sailing Club\",\"breadcrumb\":{\"@id\":\"https:\\\/\\\/www.picarussailingclub.com\\\/en\\\/quality-politics\\\/#breadcrumb\"},\"inLanguage\":\"en-US\",\"potentialAction\":[{\"@type\":\"ReadAction\",\"target\":[\"https:\\\/\\\/www.picarussailingclub.com\\\/en\\\/quality-politics\\\/\"]}]},{\"@type\":\"BreadcrumbList\",\"@id\":\"https:\\\/\\\/www.picarussailingclub.com\\\/en\\\/quality-politics\\\/#breadcrumb\",\"itemListElement\":[{\"@type\":\"ListItem\",\"position\":1,\"name\":\"Portada\",\"item\":\"https:\\\/\\\/www.picarussailingclub.com\\\/en\\\/\"},{\"@type\":\"ListItem\",\"position\":2,\"name\":\"Quality politics\"}]},{\"@type\":\"WebSite\",\"@id\":\"https:\\\/\\\/www.picarussailingclub.com\\\/en\\\/#website\",\"url\":\"https:\\\/\\\/www.picarussailingclub.com\\\/en\\\/\",\"name\":\"Picarus Sailing Club\",\"description\":\"Avistamiento de Ballenas y Delfines\",\"publisher\":{\"@id\":\"https:\\\/\\\/www.picarussailingclub.com\\\/en\\\/#organization\"},\"alternateName\":\"Avistamiento de Cet\u00e1ceos\",\"potentialAction\":[{\"@type\":\"SearchAction\",\"target\":{\"@type\":\"EntryPoint\",\"urlTemplate\":\"https:\\\/\\\/www.picarussailingclub.com\\\/en\\\/?s={search_term_string}\"},\"query-input\":{\"@type\":\"PropertyValueSpecification\",\"valueRequired\":true,\"valueName\":\"search_term_string\"}}],\"inLanguage\":\"en-US\"},{\"@type\":\"Organization\",\"@id\":\"https:\\\/\\\/www.picarussailingclub.com\\\/en\\\/#organization\",\"name\":\"Picarus Sailing Club\",\"alternateName\":\"Avistamiento de Cet\u00e1ceos en Tenerife\",\"url\":\"https:\\\/\\\/www.picarussailingclub.com\\\/en\\\/\",\"logo\":{\"@type\":\"ImageObject\",\"inLanguage\":\"en-US\",\"@id\":\"https:\\\/\\\/www.picarussailingclub.com\\\/en\\\/#\\\/schema\\\/logo\\\/image\\\/\",\"url\":\"https:\\\/\\\/avada.picarussailingclub.com\\\/wp-content\\\/uploads\\\/2023\\\/05\\\/picarus-696x696-1.png\",\"contentUrl\":\"https:\\\/\\\/avada.picarussailingclub.com\\\/wp-content\\\/uploads\\\/2023\\\/05\\\/picarus-696x696-1.png\",\"width\":696,\"height\":696,\"caption\":\"Picarus Sailing Club\"},\"image\":{\"@id\":\"https:\\\/\\\/www.picarussailingclub.com\\\/en\\\/#\\\/schema\\\/logo\\\/image\\\/\"},\"sameAs\":[\"https:\\\/\\\/www.facebook.com\\\/picarussailingclub\\\/\",\"https:\\\/\\\/www.instagram.com\\\/picarus_sailing_club\\\/\"]}]}<\/script>\n<!-- \/ Yoast SEO plugin. -->","yoast_head_json":{"title":"Quality politics - Los Gigantes - Tenerife - Picarus","description":"Pol\u00edtica de Calidad relacionada con las actividades propuestas por Picarus Sailing Club","robots":{"index":"index","follow":"follow","max-snippet":"max-snippet:-1","max-image-preview":"max-image-preview:large","max-video-preview":"max-video-preview:-1"},"canonical":"https:\/\/www.picarussailingclub.com\/en\/quality-politics\/","og_locale":"en_US","og_type":"article","og_title":"Quality politics - Los Gigantes - Tenerife - Picarus","og_description":"Pol\u00edtica de Calidad relacionada con las actividades propuestas por Picarus Sailing Club","og_url":"https:\/\/www.picarussailingclub.com\/en\/quality-politics\/","og_site_name":"PICARUS SAILING CLUB","article_publisher":"https:\/\/www.facebook.com\/picarussailingclub\/","article_modified_time":"2023-05-03T18:45:05+00:00","twitter_card":"summary_large_image","schema":{"@context":"https:\/\/schema.org","@graph":[{"@type":"WebPage","@id":"https:\/\/www.picarussailingclub.com\/en\/quality-politics\/","url":"https:\/\/www.picarussailingclub.com\/en\/quality-politics\/","name":"Quality politics - Los Gigantes - Tenerife - Picarus","isPartOf":{"@id":"https:\/\/www.picarussailingclub.com\/en\/#website"},"datePublished":"2023-04-17T12:57:26+00:00","dateModified":"2023-05-03T18:45:05+00:00","description":"Pol\u00edtica de Calidad relacionada con las actividades propuestas por Picarus Sailing Club","breadcrumb":{"@id":"https:\/\/www.picarussailingclub.com\/en\/quality-politics\/#breadcrumb"},"inLanguage":"en-US","potentialAction":[{"@type":"ReadAction","target":["https:\/\/www.picarussailingclub.com\/en\/quality-politics\/"]}]},{"@type":"BreadcrumbList","@id":"https:\/\/www.picarussailingclub.com\/en\/quality-politics\/#breadcrumb","itemListElement":[{"@type":"ListItem","position":1,"name":"Portada","item":"https:\/\/www.picarussailingclub.com\/en\/"},{"@type":"ListItem","position":2,"name":"Quality politics"}]},{"@type":"WebSite","@id":"https:\/\/www.picarussailingclub.com\/en\/#website","url":"https:\/\/www.picarussailingclub.com\/en\/","name":"Picarus Sailing Club","description":"Avistamiento de Ballenas y Delfines","publisher":{"@id":"https:\/\/www.picarussailingclub.com\/en\/#organization"},"alternateName":"Avistamiento de Cet\u00e1ceos","potentialAction":[{"@type":"SearchAction","target":{"@type":"EntryPoint","urlTemplate":"https:\/\/www.picarussailingclub.com\/en\/?s={search_term_string}"},"query-input":{"@type":"PropertyValueSpecification","valueRequired":true,"valueName":"search_term_string"}}],"inLanguage":"en-US"},{"@type":"Organization","@id":"https:\/\/www.picarussailingclub.com\/en\/#organization","name":"Picarus Sailing Club","alternateName":"Avistamiento de Cet\u00e1ceos en Tenerife","url":"https:\/\/www.picarussailingclub.com\/en\/","logo":{"@type":"ImageObject","inLanguage":"en-US","@id":"https:\/\/www.picarussailingclub.com\/en\/#\/schema\/logo\/image\/","url":"https:\/\/avada.picarussailingclub.com\/wp-content\/uploads\/2023\/05\/picarus-696x696-1.png","contentUrl":"https:\/\/avada.picarussailingclub.com\/wp-content\/uploads\/2023\/05\/picarus-696x696-1.png","width":696,"height":696,"caption":"Picarus Sailing Club"},"image":{"@id":"https:\/\/www.picarussailingclub.com\/en\/#\/schema\/logo\/image\/"},"sameAs":["https:\/\/www.facebook.com\/picarussailingclub\/","https:\/\/www.instagram.com\/picarus_sailing_club\/"]}]}},"_links":{"self":[{"href":"https:\/\/www.picarussailingclub.com\/en\/wp-json\/wp\/v2\/pages\/2923","targetHints":{"allow":["GET"]}}],"collection":[{"href":"https:\/\/www.picarussailingclub.com\/en\/wp-json\/wp\/v2\/pages"}],"about":[{"href":"https:\/\/www.picarussailingclub.com\/en\/wp-json\/wp\/v2\/types\/page"}],"author":[{"embeddable":true,"href":"https:\/\/www.picarussailingclub.com\/en\/wp-json\/wp\/v2\/users\/1"}],"replies":[{"embeddable":true,"href":"https:\/\/www.picarussailingclub.com\/en\/wp-json\/wp\/v2\/comments?post=2923"}],"version-history":[{"count":3,"href":"https:\/\/www.picarussailingclub.com\/en\/wp-json\/wp\/v2\/pages\/2923\/revisions"}],"predecessor-version":[{"id":3279,"href":"https:\/\/www.picarussailingclub.com\/en\/wp-json\/wp\/v2\/pages\/2923\/revisions\/3279"}],"wp:attachment":[{"href":"https:\/\/www.picarussailingclub.com\/en\/wp-json\/wp\/v2\/media?parent=2923"}],"curies":[{"name":"wp","href":"https:\/\/api.w.org\/{rel}","templated":true}]}}