{"id":2929,"date":"2023-02-13T11:59:21","date_gmt":"2023-02-13T10:59:21","guid":{"rendered":"https:\/\/avada.picarussailingclub.com\/politica-de-privacidad\/"},"modified":"2023-05-03T19:45:12","modified_gmt":"2023-05-03T18:45:12","slug":"privacy-policies","status":"publish","type":"page","link":"https:\/\/www.picarussailingclub.com\/en\/privacy-policies\/","title":{"rendered":"Privacy Policies"},"content":{"rendered":"<div class=\"fusion-fullwidth fullwidth-box fusion-builder-row-1 fusion-flex-container nonhundred-percent-fullwidth non-hundred-percent-height-scrolling\" style=\"--awb-border-radius-top-left:0px;--awb-border-radius-top-right:0px;--awb-border-radius-bottom-right:0px;--awb-border-radius-bottom-left:0px;--awb-flex-wrap:wrap;\" ><div class=\"fusion-builder-row fusion-row fusion-flex-align-items-flex-start fusion-flex-content-wrap\" style=\"max-width:1216.8px;margin-left: calc(-4% \/ 2 );margin-right: calc(-4% \/ 2 );\"><div class=\"fusion-layout-column fusion_builder_column fusion-builder-column-0 fusion_builder_column_1_1 1_1 fusion-flex-column\" style=\"--awb-bg-size:cover;--awb-width-large:100%;--awb-margin-top-large:0px;--awb-spacing-right-large:1.92%;--awb-margin-bottom-large:20px;--awb-spacing-left-large:1.92%;--awb-width-medium:100%;--awb-order-medium:0;--awb-spacing-right-medium:1.92%;--awb-spacing-left-medium:1.92%;--awb-width-small:100%;--awb-order-small:0;--awb-spacing-right-small:1.92%;--awb-spacing-left-small:1.92%;\"><div class=\"fusion-column-wrapper fusion-column-has-shadow fusion-flex-justify-content-flex-start fusion-content-layout-column\"><div class=\"fusion-text fusion-text-1\"><p>En este sitio web s\u00f3lo se recaban datos personales con el conocimiento e informaci\u00f3n de los usuarios.<\/p>\n<p>En este documento le explicamos con detalle qui\u00e9n va a tratar sus datos, para qu\u00e9 se van a utilizar y cu\u00e1les son los derechos que puede ejercer entre otros puntos. Si quiere tener una mayor informaci\u00f3n puedes leer esta Pol\u00edtica de Privacidad, as\u00ed como el Aviso Legal y la Pol\u00edtica de Cookies.<\/p>\n<p><strong>1. RESPONSABLES DE TRATAMIENTO. \u00bfQUI\u00c9N VA A TRATAR SUS DATOS?<\/strong><\/p>\n<ul>\n<li>Identidad: Estaci\u00f3n de Servicios Tejina S.L.<\/li>\n<li>Direcci\u00f3n: Carretera General Tejina Km 9.4, 73, 38260, San Crist\u00f3bal de La Laguna, Santa Cruz de Tenerife<\/li>\n<li>Email: infopicarussailing@gmail.com<\/li>\n<\/ul>\n<p><strong>2. \u00bfQU\u00c9 DATOS PERSONALES TRATAMOS Y DE D\u00d3NDE PROCEDEN?<\/strong><\/p>\n<p>Con motivo de su relaci\u00f3n con nosotros podremos tratar distintas categor\u00edas de datos personales, dependiendo siempre del servicio o producto contratado con nosotros. Estos datos, podr\u00e1n ser recogidos por cualquiera de los medios que Estaci\u00f3n de Servicios Tejina S.L. ofrece, tanto online como en persona.<\/p>\n<p>Las categor\u00edas de datos tratadas, podr\u00e1n ser las siguientes:<\/p>\n<ul>\n<li>Datos de contactos.<\/li>\n<li>Car\u00e1cter identificativos de personas f\u00edsicas: nombre y apellidos, DNI\/documento identificativo, tel\u00e9fono,<br \/>\ncorreo electr\u00f3nico, direcci\u00f3n.<\/li>\n<li>Datos bancarios.<\/li>\n<\/ul>\n<p><strong>3. FINALIDAD. \u00bfPARA QU\u00c9 SE UTILIZAN SUS DATOS PERSONALES?<\/strong><\/p>\n<p>Estaci\u00f3n de Servicios Tejina S.L. le informa que podr\u00e1 tratar los datos de car\u00e1cter personal para la finalidad que se<br \/>\nindica a continuaci\u00f3n, en la medida en que exista una base legal para cada tratamiento seg\u00fan se explica m\u00e1s<br \/>\nadelante.<\/p>\n<p>Las principales finalidades para las que se van a poder utilizar sus datos personales son las siguientes:<\/p>\n<ul>\n<li><strong>FINALIDAD:<\/strong> M\u00e1s informaci\u00f3n sobre los tratamientos de datos<\/li>\n<li><strong>PRESTACION DE LOS SERVICIOS:<\/strong> Se utilizaran sus datos para la prestaci\u00f3n de los servicios ofrecidos por Estaci\u00f3n de Servicios Tejina S.L. .<\/li>\n<li><strong>RESERVAS Y GESTIONES COMERCIALES:<\/strong>\n<ul>\n<li>Enviarle informaci\u00f3n solicitada sobre el presupuesto de la reserva y realizar el seguimiento oportuno.<\/li>\n<li>Formalizar y gestionar la reserva.<\/li>\n<li>Gestionar la actividad.<\/li>\n<\/ul>\n<\/li>\n<li><strong>RESOLUCI\u00d3N DE CONSULTAS O DUDAS:<\/strong> S\u00f3lo tratamos los datos personales que sean estrictamente necesarios para gestionar o resolver tu solicitud o petici\u00f3n.<\/li>\n<li><strong>ENV\u00cdO DE INFORMACI\u00d3N COMERCIAL:<\/strong> En Estaci\u00f3n de Servicios Tejina S.L. solo enviamos informaci\u00f3n comercial en caso de contar con su consentimiento.<\/li>\n<\/ul>\n<p>Adem\u00e1s, al proporcionar sus datos por cualquiera de los medios facilitados, garantiza la veracidad de los datos aportados y se comprometes a comunicar cualquier cambio que se produzca en los mismos.<\/p>\n<p>Recuerde que, cuando le pidamos que rellene sus datos personales para darle acceso a alguna funcionalidad o servicio, marcaremos algunos campos como obligatorios, puesto que son datos que necesitamos para poder prestarle el servicio en cuesti\u00f3n. Por favor, tenga en cuenta que si decide no facilitarnos esos datos, es posible que no pueda no pueda disfrutar de esos servicios o funcionalidades o enviarnos su solicitud.<\/p>\n<p><strong>4. LEGITIMACI\u00d3N. \u00bfPOR QU\u00c9 USAMOS SUS DATOS PERSONALES?<\/strong><\/p>\n<p>Estaci\u00f3n de Servicios Tejina S.L. est\u00e1 legitimado para usar sus datos personales por diferentes motivos, en particular los siguientes:<\/p>\n<ul>\n<li><strong>FINALIDAD:<\/strong> LEGITIMACI\u00d3N<\/li>\n<li><strong>PRESTACION DE LOS SERVICIOS:<\/strong> Ejecuci\u00f3n de contrato y su consentimiento.<\/li>\n<li><strong>RESERVAS Y GESTIONES COMERCIALES:<\/strong> Estaci\u00f3n de Servicios Tejina S.L. est\u00e1 legitimada para tratar sus datos por la ejecuci\u00f3n de un contrato (Reserva de la actividad).<\/li>\n<li><strong>RESOLUCI\u00d3N DE CONSULTAS O DUDAS:<\/strong> En caso de realizar alguna consulta, solicitud o sugerencia la legitimaci\u00f3n se basa en su consentimiento y el inter\u00e9s leg\u00edtimo para poder darle respuesta a lo solicitado.<\/li>\n<li><strong>ENV\u00cdO DE INFORMACI\u00d3N COMERCIAL:<\/strong> El tratamiento de datos se basar\u00e1 en su consentimiento.<\/li>\n<\/ul>\n<p><strong>5. CONSERVACI\u00d3N DE TUS DATOS. \u00bfCU\u00c1NTO TIEMPO LOS CONSERVAREMOS?<\/strong><\/p>\n<p>Los datos personales proporcionados se conservar\u00e1n durante el tiempo necesario para cumplir con la finalidad para la que se recaban. Una vez finalizado este plazo conservaremos sus datos debidamente guardados y protegidos durante los plazos de prescripci\u00f3n legal exigidos. Una vez prescriban las posibles acciones de cada caso, procederemos a la supresi\u00f3n de los datos personales.<\/p>\n<p><strong>6. \u00bfA QUI\u00c9N COMUNICAMOS SUS DATOS?<\/strong><\/p>\n<p>Para cumplir las finalidades indicadas en la presente Pol\u00edtica de Privacidad, es necesario que demos acceso a sus datos personales a entidades que nos prestan apoyo en los servicios que le ofrecemos, a saber:<\/p>\n<ul>\n<li>Entidades financieras<\/li>\n<li>Proveedores de servicios tecnol\u00f3gicos<\/li>\n<li>Seguridad Social<\/li>\n<li>Agencia Tributaria<\/li>\n<\/ul>\n<p>Al margen de las se\u00f1aladas, Estaci\u00f3n de Servicios Tejina S.L. no ceder\u00e1 los datos personales a terceros, excepto por obligaci\u00f3n legal. Sin embargo, en el caso de ser cedidos a alg\u00fan tercero se informar\u00e1 previamente al usuario solicitando el consentimiento expreso para tal cesi\u00f3n. La entidad responsable de la base de datos, as\u00ed como los que intervengan en cualquier fase del tratamiento y\/o las entidades a quienes se los haya comunicado -en todo caso siempre con la correspondiente autorizaci\u00f3n otorgada por el usuario-, est\u00e1n obligadas a observar el secreto profesional y a la adopci\u00f3n de los niveles de protecci\u00f3n y las medidas t\u00e9cnicas y organizativas necesarias a su alcance ara garantizar la seguridad de los datos de car\u00e1cter personal, evitando, dentro de lo posible, accesos no autorizados, modificaciones il\u00edcitas, sustracciones y\/o la p\u00e9rdida de los datos, con objeto de procurar el correspondiente nivel de seguridad de los ficheros, seg\u00fan la naturaleza y sensibilidad de los datos facilitados por los usuarios del presente sitio web.<\/p>\n<p><strong>7. DERECHOS QUE PUEDE EJERCER<\/strong><\/p>\n<p>Puede ejercitar cualquiera de los derechos que a continuaci\u00f3n le explicamos, simplemente indic\u00e1ndonos el motivo de tu solicitud y el derecho que quiere ejercitar. En caso de que lo consideremos necesario para poder identificarle, podremos solicitarle copia de un documento acreditativo de su identidad.<\/p>\n<p>En general siempre tendr\u00e1 derecho a:<\/p>\n<ul>\n<li>Solicitar el acceso a sus datos personales, para conocer qu\u00e9 datos tenemos suyos.<\/li>\n<li>Solicitar la rectificaci\u00f3n de sus datos: tenga en cuenta que, al facilitarnos activamente sus datos personales por cualquier v\u00eda, garantiza que son ciertos y exactos y se compromete a notificarnos cualquier cambio o modificaci\u00f3n de los mismos.<\/li>\n<li>Solicitar que suprimamos sus datos en la medida en que ya no sean necesarios para la finalidad para los que necesitemos tratarlos seg\u00fan le hemos informado m\u00e1s arriba, o en que ya no contemos con legitimaci\u00f3n para hacerlo.<\/li>\n<li>Solicitar que limitemos el tratamiento de sus datos, lo que supone que en determinados casos pueda solicitarnos que suspendamos temporalmente el tratamiento de los datos o que los conservemos m\u00e1s all\u00e1 del tiempo necesario cuando puedas necesitarlo.<\/li>\n<li>Solicitar la portabilidad de tus datos personales. Esto significa que tendr\u00e1 derecho a recibir los datos personales que nos haya facilitado en un formato estructurado, de uso com\u00fan y legible por una m\u00e1quina, para poder transmitirlo a otra entidad directamente, siempre que t\u00e9cnicamente sea posible.<\/li>\n<li>Solicitar el derecho de oposici\u00f3n al tratamiento de sus datos cuando el tratamiento de tus datos est\u00e9 basado en nuestro inter\u00e9s leg\u00edtimo.<\/li>\n<\/ul>\n<p>Puede solicitar el ejercicio de derecho a trav\u00e9s de los siguientes medios:<\/p>\n<ul>\n<li>Correo postal, enviando su solicitud o entreg\u00e1ndola presencialmente en: Carretera General Tejina Km 9.4, 73, 38260, San Crist\u00f3bal de La Laguna, Santa Cruz de Tenerife<\/li>\n<li>A trav\u00e9s del correo electr\u00f3nico: infopicarussailing@gmail.com<\/li>\n<\/ul>\n<p>Estaci\u00f3n de Servicios Tejina S.L. deber\u00e1 contestar la solicitud en el plazo de un mes a partir de la recepci\u00f3n de la solicitud. Dicho plazo podr\u00e1 prorrogarse otros dos meses en el caso de ser necesario, teniendo en cuenta la complejidad y el n\u00famero de solicitudes.<\/p>\n<p>Tiene derecho a retirar el consentimiento prestado en cualquier momento enviando correo electr\u00f3nico a infopicarussailing@gmail.com. La retirada del consentimiento no afectar\u00e1 a la licitud del tratamiento efectuado antes de la retirada del consentimiento.<\/p>\n<p>En caso de considerar vulnerado su derecho a la protecci\u00f3n de sus datos de car\u00e1cter personal, podr\u00e1 interponer una reclamaci\u00f3n delante de la Agencia Espa\u00f1ola de Protecci\u00f3n de Datos, www.aepd.es.<\/p>\n<p><strong>8. \u00bfQU\u00c9 PASA SI NOS FACILITA DATOS DE TERCEROS O SI UN TERCERO NOS HA FACILITADO DATOS<\/strong><br \/>\n<strong>SUYOS?<\/strong><\/p>\n<p>Hay ocasiones en las que puede facilitar datos de terceros, por ejemplo, personas de contactos. Si nos proporciona Datos Personales de terceras personas garantiza haberles informado acerca de las finalidades y la forma en la que necesitamos tratar sus datos personales.<\/p>\n<p>Si un tercero nos ha facilitado sus datos los trataremos dentro de las finalidades recogidas en esta Pol\u00edtica de Privacidad.<\/p>\n<p><strong>9. CAMBIOS A LA POL\u00cdTICA DE PRIVACIDAD<\/strong><\/p>\n<p>Es posible que modifiquemos la informaci\u00f3n contenida en esta Pol\u00edtica de Privacidad cuando lo estimemos conveniente, en cumplimiento por ejemplo de cambios legislativos o jurisprudenciales. En caso de que lo hagamos, se lo notificaremos por distintas v\u00edas a trav\u00e9s de los cambios en la web, o incluso se lo comunicaremos a su direcci\u00f3n de correo electr\u00f3nico cuando el cambio en cuesti\u00f3n sea significativo para con tu privacidad, de manera que pueda revisar los cambios, valorarlos y, en su caso, oponerse o darse de baja en alg\u00fan servicio o funcionalidad.<\/p>\n<p><strong>10. \u00bfALGUNA CONSULTA SOBRE ESTA POL\u00cdTICA O SUS DERECHOS?<\/strong><\/p>\n<p>En el caso de tener alguna duda o pregunta sobre la pol\u00edtica de privacidad o sobre c\u00f3mo gestionar alg\u00fan dato personal que nos haya proporcionado puede contactar en infopicarussailing@gmail.com.<\/p>\n<\/div><\/div><\/div><\/div><\/div>\n","protected":false},"excerpt":{"rendered":"","protected":false},"author":1,"featured_media":0,"parent":0,"menu_order":0,"comment_status":"closed","ping_status":"open","template":"","meta":{"footnotes":""},"class_list":["post-2929","page","type-page","status-publish","hentry"],"yoast_head":"<!-- This site is optimized with the Yoast SEO plugin v27.5 - https:\/\/yoast.com\/product\/yoast-seo-wordpress\/ -->\n<title>Privacy Policies - Los Gigantes - Tenerife - Picarus<\/title>\n<meta name=\"description\" content=\"Pol\u00edtica de Privacidad relacionada con las actividades propuestas por Picarus Sailing Club\" \/>\n<meta name=\"robots\" content=\"index, follow, max-snippet:-1, max-image-preview:large, max-video-preview:-1\" \/>\n<link rel=\"canonical\" href=\"https:\/\/www.picarussailingclub.com\/en\/privacy-policies\/\" \/>\n<meta property=\"og:locale\" content=\"en_US\" \/>\n<meta property=\"og:type\" content=\"article\" \/>\n<meta property=\"og:title\" content=\"Privacy Policies - Los Gigantes - Tenerife - Picarus\" \/>\n<meta property=\"og:description\" content=\"Pol\u00edtica de Privacidad relacionada con las actividades propuestas por Picarus Sailing Club\" \/>\n<meta property=\"og:url\" content=\"https:\/\/www.picarussailingclub.com\/en\/privacy-policies\/\" \/>\n<meta property=\"og:site_name\" content=\"PICARUS SAILING CLUB\" \/>\n<meta property=\"article:publisher\" content=\"https:\/\/www.facebook.com\/picarussailingclub\/\" \/>\n<meta property=\"article:modified_time\" content=\"2023-05-03T18:45:12+00:00\" \/>\n<meta name=\"twitter:card\" content=\"summary_large_image\" \/>\n<script type=\"application\/ld+json\" class=\"yoast-schema-graph\">{\"@context\":\"https:\\\/\\\/schema.org\",\"@graph\":[{\"@type\":\"WebPage\",\"@id\":\"https:\\\/\\\/www.picarussailingclub.com\\\/en\\\/privacy-policies\\\/\",\"url\":\"https:\\\/\\\/www.picarussailingclub.com\\\/en\\\/privacy-policies\\\/\",\"name\":\"Privacy Policies - Los Gigantes - Tenerife - Picarus\",\"isPartOf\":{\"@id\":\"https:\\\/\\\/www.picarussailingclub.com\\\/en\\\/#website\"},\"datePublished\":\"2023-02-13T10:59:21+00:00\",\"dateModified\":\"2023-05-03T18:45:12+00:00\",\"description\":\"Pol\u00edtica de Privacidad relacionada con las actividades propuestas por Picarus Sailing Club\",\"breadcrumb\":{\"@id\":\"https:\\\/\\\/www.picarussailingclub.com\\\/en\\\/privacy-policies\\\/#breadcrumb\"},\"inLanguage\":\"en-US\",\"potentialAction\":[{\"@type\":\"ReadAction\",\"target\":[\"https:\\\/\\\/www.picarussailingclub.com\\\/en\\\/privacy-policies\\\/\"]}]},{\"@type\":\"BreadcrumbList\",\"@id\":\"https:\\\/\\\/www.picarussailingclub.com\\\/en\\\/privacy-policies\\\/#breadcrumb\",\"itemListElement\":[{\"@type\":\"ListItem\",\"position\":1,\"name\":\"Portada\",\"item\":\"https:\\\/\\\/www.picarussailingclub.com\\\/en\\\/\"},{\"@type\":\"ListItem\",\"position\":2,\"name\":\"Privacy Policies\"}]},{\"@type\":\"WebSite\",\"@id\":\"https:\\\/\\\/www.picarussailingclub.com\\\/en\\\/#website\",\"url\":\"https:\\\/\\\/www.picarussailingclub.com\\\/en\\\/\",\"name\":\"Picarus Sailing Club\",\"description\":\"Avistamiento de Ballenas y Delfines\",\"publisher\":{\"@id\":\"https:\\\/\\\/www.picarussailingclub.com\\\/en\\\/#organization\"},\"alternateName\":\"Avistamiento de Cet\u00e1ceos\",\"potentialAction\":[{\"@type\":\"SearchAction\",\"target\":{\"@type\":\"EntryPoint\",\"urlTemplate\":\"https:\\\/\\\/www.picarussailingclub.com\\\/en\\\/?s={search_term_string}\"},\"query-input\":{\"@type\":\"PropertyValueSpecification\",\"valueRequired\":true,\"valueName\":\"search_term_string\"}}],\"inLanguage\":\"en-US\"},{\"@type\":\"Organization\",\"@id\":\"https:\\\/\\\/www.picarussailingclub.com\\\/en\\\/#organization\",\"name\":\"Picarus Sailing Club\",\"alternateName\":\"Avistamiento de Cet\u00e1ceos en Tenerife\",\"url\":\"https:\\\/\\\/www.picarussailingclub.com\\\/en\\\/\",\"logo\":{\"@type\":\"ImageObject\",\"inLanguage\":\"en-US\",\"@id\":\"https:\\\/\\\/www.picarussailingclub.com\\\/en\\\/#\\\/schema\\\/logo\\\/image\\\/\",\"url\":\"https:\\\/\\\/avada.picarussailingclub.com\\\/wp-content\\\/uploads\\\/2023\\\/05\\\/picarus-696x696-1.png\",\"contentUrl\":\"https:\\\/\\\/avada.picarussailingclub.com\\\/wp-content\\\/uploads\\\/2023\\\/05\\\/picarus-696x696-1.png\",\"width\":696,\"height\":696,\"caption\":\"Picarus Sailing Club\"},\"image\":{\"@id\":\"https:\\\/\\\/www.picarussailingclub.com\\\/en\\\/#\\\/schema\\\/logo\\\/image\\\/\"},\"sameAs\":[\"https:\\\/\\\/www.facebook.com\\\/picarussailingclub\\\/\",\"https:\\\/\\\/www.instagram.com\\\/picarus_sailing_club\\\/\"]}]}<\/script>\n<!-- \/ Yoast SEO plugin. -->","yoast_head_json":{"title":"Privacy Policies - Los Gigantes - Tenerife - Picarus","description":"Pol\u00edtica de Privacidad relacionada con las actividades propuestas por Picarus Sailing Club","robots":{"index":"index","follow":"follow","max-snippet":"max-snippet:-1","max-image-preview":"max-image-preview:large","max-video-preview":"max-video-preview:-1"},"canonical":"https:\/\/www.picarussailingclub.com\/en\/privacy-policies\/","og_locale":"en_US","og_type":"article","og_title":"Privacy Policies - Los Gigantes - Tenerife - Picarus","og_description":"Pol\u00edtica de Privacidad relacionada con las actividades propuestas por Picarus Sailing Club","og_url":"https:\/\/www.picarussailingclub.com\/en\/privacy-policies\/","og_site_name":"PICARUS SAILING CLUB","article_publisher":"https:\/\/www.facebook.com\/picarussailingclub\/","article_modified_time":"2023-05-03T18:45:12+00:00","twitter_card":"summary_large_image","schema":{"@context":"https:\/\/schema.org","@graph":[{"@type":"WebPage","@id":"https:\/\/www.picarussailingclub.com\/en\/privacy-policies\/","url":"https:\/\/www.picarussailingclub.com\/en\/privacy-policies\/","name":"Privacy Policies - Los Gigantes - Tenerife - Picarus","isPartOf":{"@id":"https:\/\/www.picarussailingclub.com\/en\/#website"},"datePublished":"2023-02-13T10:59:21+00:00","dateModified":"2023-05-03T18:45:12+00:00","description":"Pol\u00edtica de Privacidad relacionada con las actividades propuestas por Picarus Sailing Club","breadcrumb":{"@id":"https:\/\/www.picarussailingclub.com\/en\/privacy-policies\/#breadcrumb"},"inLanguage":"en-US","potentialAction":[{"@type":"ReadAction","target":["https:\/\/www.picarussailingclub.com\/en\/privacy-policies\/"]}]},{"@type":"BreadcrumbList","@id":"https:\/\/www.picarussailingclub.com\/en\/privacy-policies\/#breadcrumb","itemListElement":[{"@type":"ListItem","position":1,"name":"Portada","item":"https:\/\/www.picarussailingclub.com\/en\/"},{"@type":"ListItem","position":2,"name":"Privacy Policies"}]},{"@type":"WebSite","@id":"https:\/\/www.picarussailingclub.com\/en\/#website","url":"https:\/\/www.picarussailingclub.com\/en\/","name":"Picarus Sailing Club","description":"Avistamiento de Ballenas y Delfines","publisher":{"@id":"https:\/\/www.picarussailingclub.com\/en\/#organization"},"alternateName":"Avistamiento de Cet\u00e1ceos","potentialAction":[{"@type":"SearchAction","target":{"@type":"EntryPoint","urlTemplate":"https:\/\/www.picarussailingclub.com\/en\/?s={search_term_string}"},"query-input":{"@type":"PropertyValueSpecification","valueRequired":true,"valueName":"search_term_string"}}],"inLanguage":"en-US"},{"@type":"Organization","@id":"https:\/\/www.picarussailingclub.com\/en\/#organization","name":"Picarus Sailing Club","alternateName":"Avistamiento de Cet\u00e1ceos en Tenerife","url":"https:\/\/www.picarussailingclub.com\/en\/","logo":{"@type":"ImageObject","inLanguage":"en-US","@id":"https:\/\/www.picarussailingclub.com\/en\/#\/schema\/logo\/image\/","url":"https:\/\/avada.picarussailingclub.com\/wp-content\/uploads\/2023\/05\/picarus-696x696-1.png","contentUrl":"https:\/\/avada.picarussailingclub.com\/wp-content\/uploads\/2023\/05\/picarus-696x696-1.png","width":696,"height":696,"caption":"Picarus Sailing Club"},"image":{"@id":"https:\/\/www.picarussailingclub.com\/en\/#\/schema\/logo\/image\/"},"sameAs":["https:\/\/www.facebook.com\/picarussailingclub\/","https:\/\/www.instagram.com\/picarus_sailing_club\/"]}]}},"_links":{"self":[{"href":"https:\/\/www.picarussailingclub.com\/en\/wp-json\/wp\/v2\/pages\/2929","targetHints":{"allow":["GET"]}}],"collection":[{"href":"https:\/\/www.picarussailingclub.com\/en\/wp-json\/wp\/v2\/pages"}],"about":[{"href":"https:\/\/www.picarussailingclub.com\/en\/wp-json\/wp\/v2\/types\/page"}],"author":[{"embeddable":true,"href":"https:\/\/www.picarussailingclub.com\/en\/wp-json\/wp\/v2\/users\/1"}],"replies":[{"embeddable":true,"href":"https:\/\/www.picarussailingclub.com\/en\/wp-json\/wp\/v2\/comments?post=2929"}],"version-history":[{"count":3,"href":"https:\/\/www.picarussailingclub.com\/en\/wp-json\/wp\/v2\/pages\/2929\/revisions"}],"predecessor-version":[{"id":3278,"href":"https:\/\/www.picarussailingclub.com\/en\/wp-json\/wp\/v2\/pages\/2929\/revisions\/3278"}],"wp:attachment":[{"href":"https:\/\/www.picarussailingclub.com\/en\/wp-json\/wp\/v2\/media?parent=2929"}],"curies":[{"name":"wp","href":"https:\/\/api.w.org\/{rel}","templated":true}]}}