{"id":1973,"date":"2023-04-17T14:08:09","date_gmt":"2023-04-17T13:08:09","guid":{"rendered":"https:\/\/avada.picarussailingclub.com\/politique-de-reservation-et-dannulation\/"},"modified":"2023-10-31T10:50:01","modified_gmt":"2023-10-31T09:50:01","slug":"politique-de-reservation-et-dannulation","status":"publish","type":"page","link":"https:\/\/www.picarussailingclub.com\/fr\/politique-de-reservation-et-dannulation\/","title":{"rendered":"Politique de r\u00e9servation et d&rsquo;annulation"},"content":{"rendered":"<div class=\"fusion-fullwidth fullwidth-box fusion-builder-row-1 fusion-flex-container nonhundred-percent-fullwidth non-hundred-percent-height-scrolling\" style=\"--awb-border-radius-top-left:0px;--awb-border-radius-top-right:0px;--awb-border-radius-bottom-right:0px;--awb-border-radius-bottom-left:0px;--awb-flex-wrap:wrap;\" ><div class=\"fusion-builder-row fusion-row fusion-flex-align-items-flex-start fusion-flex-content-wrap\" style=\"max-width:1216.8px;margin-left: calc(-4% \/ 2 );margin-right: calc(-4% \/ 2 );\"><div class=\"fusion-layout-column fusion_builder_column fusion-builder-column-0 fusion_builder_column_1_1 1_1 fusion-flex-column\" style=\"--awb-bg-size:cover;--awb-width-large:100%;--awb-margin-top-large:0px;--awb-spacing-right-large:1.92%;--awb-margin-bottom-large:20px;--awb-spacing-left-large:1.92%;--awb-width-medium:100%;--awb-order-medium:0;--awb-spacing-right-medium:1.92%;--awb-spacing-left-medium:1.92%;--awb-width-small:100%;--awb-order-small:0;--awb-spacing-right-small:1.92%;--awb-spacing-left-small:1.92%;\"><div class=\"fusion-column-wrapper fusion-column-has-shadow fusion-flex-justify-content-flex-start fusion-content-layout-column\"><div class=\"fusion-text fusion-text-1\"><p>Si vous souhaitez r\u00e9server une excursion avec nous pour voir les baleines et les dauphins \u00e0 T\u00e9n\u00e9rife, il est important de lire nos recommandations et conditions avant de finaliser votre r\u00e9servation.<\/p>\n<p><strong>TERMES ET CONDITIONS<\/strong><\/p>\n<ul>\n<li><em><strong>Les r\u00e9servations ne sont valables que pour le jour et l&rsquo;heure indiqu\u00e9s.<\/strong><\/em> Tout <strong>changement de r\u00e9servation de la part du client n\u00e9cessite un pr\u00e9avis d&rsquo;au moins 48 heures<\/strong>, sinon, nous ne pouvons pas garantir le changement de date ni le remboursement du montant pay\u00e9 en cas de demande.<\/li>\n<li><em><strong>Nous nous r\u00e9servons le droit d&rsquo;annuler la visite avec un pr\u00e9avis<\/strong><\/em> en raison des conditions m\u00e9t\u00e9orologiques ou de toute autre raison pouvant affecter la s\u00e9curit\u00e9 des passagers. Dans ce cas, une alternative pour changer la date ou le remboursement du montant sera offerte.<\/li>\n<li><strong>O<\/strong><strong style=\"font-style: italic;\">ccupation minimale,<\/strong> si le minimum n&rsquo;est pas atteint, la r\u00e9servation pourra \u00eatre annul\u00e9e et une alternative de date ou un remboursement du montant sera offert.<\/li>\n<li><em>Pour le respect des autres personnes et pour \u00e9viter des retards dans les excursions suivantes, nous exigeons <strong>la ponctualit\u00e9 et d&rsquo;\u00eatre en avance au lieu indiqu\u00e9<\/strong><\/em>, le Port de plaisance des Falaises des G\u00e9ants est g\u00e9n\u00e9ralement tr\u00e8s fr\u00e9quent\u00e9, donc nous vous conseillons de venir suffisamment \u00e0 l&rsquo;avance, vous trouverez un parking payant dans le m\u00eame port ou un parking gratuit \u00e0 proximit\u00e9. Aucun remboursement ne sera effectu\u00e9 en cas de perte du bateau pour cause de retard, un maximum de 5 minutes de courtoisie sera accord\u00e9.<\/li>\n<li>Il est important que lorsque vous faites votre r\u00e9servation, vous \u00e9criviez <strong>le pr\u00e9fixe de votre num\u00e9ro pour que nous puissions vous contacter<\/strong> en cas de besoin de changer les dates ou de vous localiser le jour de l&rsquo;excursion si vous arrivez en retard.<\/li>\n<\/ul>\n<p><strong>RESTRICTIONS D&rsquo;ACC\u00c8S<\/strong><\/p>\n<p>Pour des raisons de s\u00e9curit\u00e9, <strong>ne pourront pas monter<\/strong> \u00e0 bord :<\/p>\n<ul>\n<li>Enfants de moins de 3 ans (<strong>sauf pour la visite priv\u00e9e<\/strong>)<\/li>\n<li>Pour l&rsquo;excursion de 4 heures partag\u00e9e, les enfants de moins de 11 ans ne seront pas admis.<\/li>\n<li>Personnes pesant plus de 130 kg.<\/li>\n<li>Personnes \u00e0 mobilit\u00e9 r\u00e9duite, op\u00e9rations r\u00e9centes ou probl\u00e8mes graves de dos ou de cou.<\/li>\n<\/ul>\n<p>En cas de non-respect de l&rsquo;une des restrictions, le Picarus Sailing Club se r\u00e9serve le droit d&rsquo;admission, et le montant pay\u00e9 ne sera pas rembours\u00e9.<\/p>\n<\/div><\/div><\/div><\/div><\/div>\n","protected":false},"excerpt":{"rendered":"","protected":false},"author":1,"featured_media":0,"parent":0,"menu_order":0,"comment_status":"closed","ping_status":"open","template":"","meta":{"footnotes":""},"class_list":["post-1973","page","type-page","status-publish","hentry"],"yoast_head":"<!-- This site is optimized with the Yoast SEO plugin v27.5 - https:\/\/yoast.com\/product\/yoast-seo-wordpress\/ -->\n<title>Politique de r\u00e9servation et d&#039;annulation - Los Gigantes - Tenerife - Picarus<\/title>\n<meta name=\"description\" content=\"Politique de r\u00e9servation et d&#039;annulation relative aux activit\u00e9s propos\u00e9es par Picarus Sailing Club\" \/>\n<meta name=\"robots\" content=\"index, follow, max-snippet:-1, max-image-preview:large, max-video-preview:-1\" \/>\n<link rel=\"canonical\" href=\"https:\/\/www.picarussailingclub.com\/fr\/politique-de-reservation-et-dannulation\/\" \/>\n<meta property=\"og:locale\" content=\"fr_FR\" \/>\n<meta property=\"og:type\" content=\"article\" \/>\n<meta property=\"og:title\" content=\"Politique de r\u00e9servation et d&#039;annulation - Los Gigantes - Tenerife - Picarus\" \/>\n<meta property=\"og:description\" content=\"Politique de r\u00e9servation et d&#039;annulation relative aux activit\u00e9s propos\u00e9es par Picarus Sailing Club\" \/>\n<meta property=\"og:url\" content=\"https:\/\/www.picarussailingclub.com\/fr\/politique-de-reservation-et-dannulation\/\" \/>\n<meta property=\"og:site_name\" content=\"PICARUS SAILING CLUB\" \/>\n<meta property=\"article:publisher\" content=\"https:\/\/www.facebook.com\/picarussailingclub\/\" \/>\n<meta property=\"article:modified_time\" content=\"2023-10-31T09:50:01+00:00\" \/>\n<meta name=\"twitter:card\" content=\"summary_large_image\" \/>\n<script type=\"application\/ld+json\" class=\"yoast-schema-graph\">{\"@context\":\"https:\\\/\\\/schema.org\",\"@graph\":[{\"@type\":\"WebPage\",\"@id\":\"https:\\\/\\\/www.picarussailingclub.com\\\/fr\\\/politique-de-reservation-et-dannulation\\\/\",\"url\":\"https:\\\/\\\/www.picarussailingclub.com\\\/fr\\\/politique-de-reservation-et-dannulation\\\/\",\"name\":\"Politique de r\u00e9servation et d'annulation - Los Gigantes - Tenerife - Picarus\",\"isPartOf\":{\"@id\":\"https:\\\/\\\/www.picarussailingclub.com\\\/fr\\\/#website\"},\"datePublished\":\"2023-04-17T13:08:09+00:00\",\"dateModified\":\"2023-10-31T09:50:01+00:00\",\"description\":\"Politique de r\u00e9servation et d'annulation relative aux activit\u00e9s propos\u00e9es par Picarus Sailing Club\",\"breadcrumb\":{\"@id\":\"https:\\\/\\\/www.picarussailingclub.com\\\/fr\\\/politique-de-reservation-et-dannulation\\\/#breadcrumb\"},\"inLanguage\":\"fr-FR\",\"potentialAction\":[{\"@type\":\"ReadAction\",\"target\":[\"https:\\\/\\\/www.picarussailingclub.com\\\/fr\\\/politique-de-reservation-et-dannulation\\\/\"]}]},{\"@type\":\"BreadcrumbList\",\"@id\":\"https:\\\/\\\/www.picarussailingclub.com\\\/fr\\\/politique-de-reservation-et-dannulation\\\/#breadcrumb\",\"itemListElement\":[{\"@type\":\"ListItem\",\"position\":1,\"name\":\"Portada\",\"item\":\"https:\\\/\\\/www.picarussailingclub.com\\\/fr\\\/\"},{\"@type\":\"ListItem\",\"position\":2,\"name\":\"Politique de r\u00e9servation et d&#8217;annulation\"}]},{\"@type\":\"WebSite\",\"@id\":\"https:\\\/\\\/www.picarussailingclub.com\\\/fr\\\/#website\",\"url\":\"https:\\\/\\\/www.picarussailingclub.com\\\/fr\\\/\",\"name\":\"Picarus Sailing Club\",\"description\":\"Excursiones en Barco en Acantilado de los Gigantes\",\"publisher\":{\"@id\":\"https:\\\/\\\/www.picarussailingclub.com\\\/fr\\\/#organization\"},\"alternateName\":\"Avistamiento de Cet\u00e1ceos\",\"potentialAction\":[{\"@type\":\"SearchAction\",\"target\":{\"@type\":\"EntryPoint\",\"urlTemplate\":\"https:\\\/\\\/www.picarussailingclub.com\\\/fr\\\/?s={search_term_string}\"},\"query-input\":{\"@type\":\"PropertyValueSpecification\",\"valueRequired\":true,\"valueName\":\"search_term_string\"}}],\"inLanguage\":\"fr-FR\"},{\"@type\":\"Organization\",\"@id\":\"https:\\\/\\\/www.picarussailingclub.com\\\/fr\\\/#organization\",\"name\":\"Picarus Sailing Club\",\"alternateName\":\"Avistamiento de Cet\u00e1ceos en Tenerife\",\"url\":\"https:\\\/\\\/www.picarussailingclub.com\\\/fr\\\/\",\"logo\":{\"@type\":\"ImageObject\",\"inLanguage\":\"fr-FR\",\"@id\":\"https:\\\/\\\/www.picarussailingclub.com\\\/fr\\\/#\\\/schema\\\/logo\\\/image\\\/\",\"url\":\"https:\\\/\\\/avada.picarussailingclub.com\\\/wp-content\\\/uploads\\\/2023\\\/05\\\/picarus-696x696-1.png\",\"contentUrl\":\"https:\\\/\\\/avada.picarussailingclub.com\\\/wp-content\\\/uploads\\\/2023\\\/05\\\/picarus-696x696-1.png\",\"width\":696,\"height\":696,\"caption\":\"Picarus Sailing Club\"},\"image\":{\"@id\":\"https:\\\/\\\/www.picarussailingclub.com\\\/fr\\\/#\\\/schema\\\/logo\\\/image\\\/\"},\"sameAs\":[\"https:\\\/\\\/www.facebook.com\\\/picarussailingclub\\\/\",\"https:\\\/\\\/www.instagram.com\\\/picarus_sailing_club\\\/\"]}]}<\/script>\n<!-- \/ Yoast SEO plugin. -->","yoast_head_json":{"title":"Politique de r\u00e9servation et d'annulation - Los Gigantes - Tenerife - Picarus","description":"Politique de r\u00e9servation et d'annulation relative aux activit\u00e9s propos\u00e9es par Picarus Sailing Club","robots":{"index":"index","follow":"follow","max-snippet":"max-snippet:-1","max-image-preview":"max-image-preview:large","max-video-preview":"max-video-preview:-1"},"canonical":"https:\/\/www.picarussailingclub.com\/fr\/politique-de-reservation-et-dannulation\/","og_locale":"fr_FR","og_type":"article","og_title":"Politique de r\u00e9servation et d'annulation - Los Gigantes - Tenerife - Picarus","og_description":"Politique de r\u00e9servation et d'annulation relative aux activit\u00e9s propos\u00e9es par Picarus Sailing Club","og_url":"https:\/\/www.picarussailingclub.com\/fr\/politique-de-reservation-et-dannulation\/","og_site_name":"PICARUS SAILING CLUB","article_publisher":"https:\/\/www.facebook.com\/picarussailingclub\/","article_modified_time":"2023-10-31T09:50:01+00:00","twitter_card":"summary_large_image","schema":{"@context":"https:\/\/schema.org","@graph":[{"@type":"WebPage","@id":"https:\/\/www.picarussailingclub.com\/fr\/politique-de-reservation-et-dannulation\/","url":"https:\/\/www.picarussailingclub.com\/fr\/politique-de-reservation-et-dannulation\/","name":"Politique de r\u00e9servation et d'annulation - Los Gigantes - Tenerife - Picarus","isPartOf":{"@id":"https:\/\/www.picarussailingclub.com\/fr\/#website"},"datePublished":"2023-04-17T13:08:09+00:00","dateModified":"2023-10-31T09:50:01+00:00","description":"Politique de r\u00e9servation et d'annulation relative aux activit\u00e9s propos\u00e9es par Picarus Sailing Club","breadcrumb":{"@id":"https:\/\/www.picarussailingclub.com\/fr\/politique-de-reservation-et-dannulation\/#breadcrumb"},"inLanguage":"fr-FR","potentialAction":[{"@type":"ReadAction","target":["https:\/\/www.picarussailingclub.com\/fr\/politique-de-reservation-et-dannulation\/"]}]},{"@type":"BreadcrumbList","@id":"https:\/\/www.picarussailingclub.com\/fr\/politique-de-reservation-et-dannulation\/#breadcrumb","itemListElement":[{"@type":"ListItem","position":1,"name":"Portada","item":"https:\/\/www.picarussailingclub.com\/fr\/"},{"@type":"ListItem","position":2,"name":"Politique de r\u00e9servation et d&#8217;annulation"}]},{"@type":"WebSite","@id":"https:\/\/www.picarussailingclub.com\/fr\/#website","url":"https:\/\/www.picarussailingclub.com\/fr\/","name":"Picarus Sailing Club","description":"Excursiones en Barco en Acantilado de los Gigantes","publisher":{"@id":"https:\/\/www.picarussailingclub.com\/fr\/#organization"},"alternateName":"Avistamiento de Cet\u00e1ceos","potentialAction":[{"@type":"SearchAction","target":{"@type":"EntryPoint","urlTemplate":"https:\/\/www.picarussailingclub.com\/fr\/?s={search_term_string}"},"query-input":{"@type":"PropertyValueSpecification","valueRequired":true,"valueName":"search_term_string"}}],"inLanguage":"fr-FR"},{"@type":"Organization","@id":"https:\/\/www.picarussailingclub.com\/fr\/#organization","name":"Picarus Sailing Club","alternateName":"Avistamiento de Cet\u00e1ceos en Tenerife","url":"https:\/\/www.picarussailingclub.com\/fr\/","logo":{"@type":"ImageObject","inLanguage":"fr-FR","@id":"https:\/\/www.picarussailingclub.com\/fr\/#\/schema\/logo\/image\/","url":"https:\/\/avada.picarussailingclub.com\/wp-content\/uploads\/2023\/05\/picarus-696x696-1.png","contentUrl":"https:\/\/avada.picarussailingclub.com\/wp-content\/uploads\/2023\/05\/picarus-696x696-1.png","width":696,"height":696,"caption":"Picarus Sailing Club"},"image":{"@id":"https:\/\/www.picarussailingclub.com\/fr\/#\/schema\/logo\/image\/"},"sameAs":["https:\/\/www.facebook.com\/picarussailingclub\/","https:\/\/www.instagram.com\/picarus_sailing_club\/"]}]}},"_links":{"self":[{"href":"https:\/\/www.picarussailingclub.com\/fr\/wp-json\/wp\/v2\/pages\/1973","targetHints":{"allow":["GET"]}}],"collection":[{"href":"https:\/\/www.picarussailingclub.com\/fr\/wp-json\/wp\/v2\/pages"}],"about":[{"href":"https:\/\/www.picarussailingclub.com\/fr\/wp-json\/wp\/v2\/types\/page"}],"author":[{"embeddable":true,"href":"https:\/\/www.picarussailingclub.com\/fr\/wp-json\/wp\/v2\/users\/1"}],"replies":[{"embeddable":true,"href":"https:\/\/www.picarussailingclub.com\/fr\/wp-json\/wp\/v2\/comments?post=1973"}],"version-history":[{"count":10,"href":"https:\/\/www.picarussailingclub.com\/fr\/wp-json\/wp\/v2\/pages\/1973\/revisions"}],"predecessor-version":[{"id":3468,"href":"https:\/\/www.picarussailingclub.com\/fr\/wp-json\/wp\/v2\/pages\/1973\/revisions\/3468"}],"wp:attachment":[{"href":"https:\/\/www.picarussailingclub.com\/fr\/wp-json\/wp\/v2\/media?parent=1973"}],"curies":[{"name":"wp","href":"https:\/\/api.w.org\/{rel}","templated":true}]}}