{"id":2247,"date":"2023-04-18T11:21:22","date_gmt":"2023-04-18T10:21:22","guid":{"rendered":"https:\/\/avada.picarussailingclub.com\/questions-frequentes\/"},"modified":"2023-05-03T07:45:09","modified_gmt":"2023-05-03T06:45:09","slug":"questions-frequentes","status":"publish","type":"page","link":"https:\/\/www.picarussailingclub.com\/fr\/questions-frequentes\/","title":{"rendered":"Questions fr\u00e9quentes"},"content":{"rendered":"<p><div class=\"fusion-fullwidth fullwidth-box fusion-builder-row-1 fusion-flex-container has-pattern-background has-mask-background fusion-parallax-none hundred-percent-fullwidth non-hundred-percent-height-scrolling fusion-no-small-visibility fusion-no-medium-visibility lazyload\" style=\"--awb-background-position:center bottom;--awb-border-radius-top-left:0px;--awb-border-radius-top-right:0px;--awb-border-radius-bottom-right:0px;--awb-border-radius-bottom-left:0px;--awb-margin-top-small:500px;--awb-min-height:675px;--awb-min-height-medium:675px;--awb-min-height-small:675px;--awb-background-color:var(--awb-custom_color_2);--awb-background-size:cover;--awb-flex-wrap:wrap;\" data-bg=\"https:\/\/www.picarussailingclub.com\/wp-content\/uploads\/2023\/04\/DJI_0090-100kb.jpg\" ><div class=\"fusion-builder-row fusion-row fusion-flex-align-items-center fusion-flex-align-content-center fusion-flex-content-wrap\" style=\"width:104% !important;max-width:104% !important;margin-left: calc(-4% \/ 2 );margin-right: calc(-4% \/ 2 );\"><div class=\"fusion-layout-column fusion_builder_column fusion-builder-column-0 fusion_builder_column_1_1 1_1 fusion-flex-column\" style=\"--awb-bg-size:cover;--awb-width-large:100%;--awb-margin-top-large:0px;--awb-spacing-right-large:1.92%;--awb-margin-bottom-large:20px;--awb-spacing-left-large:1.92%;--awb-width-medium:100%;--awb-order-medium:0;--awb-spacing-right-medium:1.92%;--awb-spacing-left-medium:1.92%;--awb-width-small:100%;--awb-order-small:0;--awb-spacing-right-small:1.92%;--awb-spacing-left-small:1.92%;\"><div class=\"fusion-column-wrapper fusion-column-has-shadow fusion-flex-justify-content-flex-start fusion-content-layout-column\"><div class=\"fusion-section-separator section-separator hills-opacity fusion-section-separator-1 fusion-no-small-visibility fusion-no-medium-visibility\" style=\"--awb-spacer-padding-top:inherit;--awb-svg-margin-left:1.92%;--awb-svg-margin-right:1.92%;--awb-svg-margin-left-medium:1.92%;--awb-svg-margin-right-medium:1.92%;--awb-svg-margin-left-small:1.92%;--awb-svg-margin-right-small:1.92%;--awb-divider-height:100px;--awb-spacer-height:100px;--awb-sep-font-size:0;--awb-sep-line-height:0;--awb-margin-top:-130px;\"><div class=\"fusion-section-separator-svg\"><svg class=\"fusion-hills-opacity-candy\" xmlns=\"http:\/\/www.w3.org\/2000\/svg\" version=\"1.1\" width=\"100%\" viewBox=\"0 0 1024 182\" preserveAspectRatio=\"none\" fill=\"rgba(24,24,50,1)\"><path class=\"st0\" d=\"M0 0h1024v140.5C995.9 162 963.9 178 926.9 178c-112.8 0-198.1-93.8-289.8-93.8s-199.5 91-285.3 91-142.2-82.1-238.5-82.1c-63.1 0-75.7 31.6-113.3 53.6V0z\"\/>\n\t\t\t\t\t\t\t\t\t<path class=\"st1\" d=\"M1024 0v75.9C984.3 60 942.2 48.6 905.3 50.1c-110.4 4.5-191.8 109.8-325.5 116.2C470.6 171.5 235.6 46.1 150.3 0H1024z\"\/>\n\t\t\t\t\t\t\t\t\t<path class=\"st2\" d=\"M0 0h1024v92c-57.5 30.9-116.9 73.7-199.9 75-133.8 2-158.9-87.9-342-87.9S202.1 183.7 74.2 182c-27.8-.3-52.4-4.2-74.2-9.7V0z\"\/>\n\t\t\t\t\t\t\t\t\t<path class=\"st3\" d=\"M0 0h1024v101.6C986.8 82 943.3 66.3 884.4 65.4 733.3 63 742.8 94 585.9 94.6S447 47.6 280.4 50.9C132.8 53.6 91.2 137.5 0 154V0z\"\/>\n\t\t\t\t\t\t\t\t\t<path class=\"st4\" d=\"M0 0h1024v77.3c-49-20.1-120.5-42.4-193.2-42.1-128.9.5-159.8 72.3-255.8 72.3-89.1 0-134.7-80.2-245-82-110.4-1.8-160.9 57.2-280 59.2-17.2.3-33.9-1.8-50-5.7V0z\"\/>\n\t\t\t\t\t\t\t\t<\/svg><\/div><div class=\"fusion-section-separator-spacer\"><div class=\"fusion-section-separator-spacer-height\"><\/div><\/div><\/div><\/div><\/div><div class=\"fusion-layout-column fusion_builder_column fusion-builder-column-1 fusion_builder_column_1_1 1_1 fusion-flex-column\" style=\"--awb-bg-size:cover;--awb-width-large:100%;--awb-margin-top-large:0px;--awb-spacing-right-large:1.92%;--awb-margin-bottom-large:0px;--awb-spacing-left-large:1.92%;--awb-width-medium:100%;--awb-order-medium:0;--awb-spacing-right-medium:1.92%;--awb-spacing-left-medium:1.92%;--awb-width-small:100%;--awb-order-small:0;--awb-spacing-right-small:1.92%;--awb-spacing-left-small:1.92%;\"><div class=\"fusion-column-wrapper fusion-column-has-shadow fusion-flex-justify-content-flex-start fusion-content-layout-column\"><div class=\"fusion-title title fusion-title-1 fusion-title-center fusion-title-text fusion-title-size-one\" style=\"--awb-text-color:var(--awb-color1);--awb-margin-top-small:0px;--awb-margin-right-small:0px;--awb-margin-bottom-small:20px;--awb-margin-left-small:0px;--awb-font-size:70px;\"><div class=\"title-sep-container title-sep-container-left\"><div class=\"title-sep sep- sep-solid\" style=\"border-color:var(--awb-color3);\"><\/div><\/div><span class=\"awb-title-spacer\"><\/span><h1 class=\"fusion-title-heading title-heading-center fusion-responsive-typography-calculated\" style=\"margin:0;font-size:1em;--fontSize:70;line-height:var(--awb-typography1-line-height);\">QUESTIONS FR\u00c9QUENTES<\/h1><span class=\"awb-title-spacer\"><\/span><div class=\"title-sep-container title-sep-container-right\"><div class=\"title-sep sep- sep-solid\" style=\"border-color:var(--awb-color3);\"><\/div><\/div><\/div><div class=\"fusion-title title fusion-title-2 fusion-title-center fusion-title-text fusion-title-size-two\" style=\"--awb-text-color:var(--awb-color1);--awb-margin-top:24px;--awb-margin-bottom:32px;--awb-margin-top-small:0px;--awb-margin-right-small:0px;--awb-margin-bottom-small:20px;--awb-margin-left-small:0px;--awb-font-size:30px;\"><div class=\"title-sep-container title-sep-container-left\"><div class=\"title-sep sep- sep-solid\" style=\"border-color:var(--awb-color3);\"><\/div><\/div><span class=\"awb-title-spacer\"><\/span><h2 class=\"fusion-title-heading title-heading-center fusion-responsive-typography-calculated\" style=\"margin:0;font-size:1em;--fontSize:30;line-height:var(--awb-typography1-line-height);\"><p align=\"justify\">Engag\u00e9 \u00e0 toutes les normes de qualit\u00e9.<\/p><\/h2><span class=\"awb-title-spacer\"><\/span><div class=\"title-sep-container title-sep-container-right\"><div class=\"title-sep sep- sep-solid\" style=\"border-color:var(--awb-color3);\"><\/div><\/div><\/div><\/div><\/div><\/div><\/div><div class=\"fusion-fullwidth fullwidth-box fusion-builder-row-2 fusion-flex-container has-pattern-background has-mask-background hundred-percent-fullwidth non-hundred-percent-height-scrolling\" style=\"--awb-background-position:left top;--awb-border-sizes-top:0px;--awb-border-sizes-bottom:0px;--awb-border-sizes-left:0px;--awb-border-sizes-right:0px;--awb-border-radius-top-left:0px;--awb-border-radius-top-right:0px;--awb-border-radius-bottom-right:0px;--awb-border-radius-bottom-left:0px;--awb-padding-top:10px;--awb-padding-right:0px;--awb-padding-bottom:0px;--awb-padding-left:0px;--awb-flex-wrap:wrap;\" ><div class=\"fusion-builder-row fusion-row fusion-flex-align-items-stretch fusion-flex-content-wrap\" style=\"width:104% !important;max-width:104% !important;margin-left: calc(-4% \/ 2 );margin-right: calc(-4% \/ 2 );\"><div class=\"fusion-layout-column fusion_builder_column fusion-builder-column-2 fusion_builder_column_1_1 1_1 fusion-flex-column\" style=\"--awb-padding-right:30px;--awb-padding-bottom:30px;--awb-padding-left:15%;--awb-padding-right-small:60px;--awb-padding-left-small:60px;--awb-bg-blend:overlay;--awb-bg-size:cover;--awb-width-large:100%;--awb-margin-top-large:0px;--awb-spacing-right-large:1.92%;--awb-margin-bottom-large:20px;--awb-spacing-left-large:1.92%;--awb-width-medium:50%;--awb-order-medium:0;--awb-spacing-right-medium:3.84%;--awb-spacing-left-medium:3.84%;--awb-width-small:100%;--awb-order-small:0;--awb-spacing-right-small:1.92%;--awb-spacing-left-small:1.92%;\"><div class=\"fusion-column-wrapper fusion-column-has-shadow fusion-flex-justify-content-flex-start fusion-content-layout-column\"><div class=\"fusion-text fusion-text-1\"><ul>\n<li>\n<p align=\"justify\"><strong>Quelle est la capacit\u00e9 maximale du bateau?<\/strong><\/p>\n<\/li>\n<\/ul>\n<p align=\"justify\">Notre bateau a une capacit\u00e9 de 9 personnes, y compris les enfants et les b\u00e9b\u00e9s.<\/p>\n<ul>\n<li>\n<p align=\"justify\"><strong>Quelle est la diff\u00e9rence entre la visite partag\u00e9e de 4 heures et de 3 heures?<\/strong><\/p>\n<\/li>\n<\/ul>\n<p align=\"justify\">La diff\u00e9rence entre les deux excursions est que seuls les enfants de plus de 11 ans sont autoris\u00e9s sur l&rsquo;excursion de 4 heures, vous pourrez profiter davantage du temps d&rsquo;excursion, de l&rsquo;observation et du bain.<\/p>\n<ul>\n<li>\n<p align=\"justify\"><strong>Les enfants peuvent-ils faire des excursions?<\/strong><\/p>\n<\/li>\n<\/ul>\n<p align=\"justify\">Oui, les enfants de plus de 3 ans pour l&rsquo;excursion de 3 heures et de plus de 11 ans pour l&rsquo;excursion de 4 heures, sauf pour les visites priv\u00e9es o\u00f9 il n&rsquo;y a pas de limite d&rsquo;\u00e2ge.<\/p>\n<ul>\n<li>\n<p align=\"justify\"><strong>Allons-nous naviguer?<\/strong><\/p>\n<\/li>\n<\/ul>\n<p align=\"justify\">Lors de nos excursions, nous sortons toujours la grand-voile, mais nous ne naviguons pas seuls, car lors d&rsquo;excursions partag\u00e9es, les man\u0153uvres \u00e0 la voile deviennent impossibles. Si la voile vous int\u00e9resse, demandez-nous, nous avons une activit\u00e9 diff\u00e9rente pour vous!<\/p>\n<ul>\n<li>\n<p align=\"justify\"><strong>Acceptons-nous les animaux domestiques?<\/strong><\/p>\n<\/li>\n<\/ul>\n<p align=\"justify\">Pour \u00e9viter les malentendus et pour savoir comment se comporte votre animal, vous devez nous contacter afin que nous puissions convenir s&rsquo;il convient de faire le voyage. Nous acceptons g\u00e9n\u00e9ralement les petits chiens (-5Kgs) qui sont sur un harnais et bien \u00e9lev\u00e9s. Rappelez-vous \u00e0 tout moment que c&rsquo;est votre responsabilit\u00e9 et que vous devez \u00eatre avec lui.<\/p>\n<ul>\n<li>\n<p align=\"justify\"><strong>Sommes-nous en s\u00e9curit\u00e9 \u00e0 bord?<\/strong><\/p>\n<\/li>\n<\/ul>\n<p align=\"justify\">Notre bateau est enti\u00e8rement \u00e9quip\u00e9 pour votre s\u00e9curit\u00e9, nous avons \u00e0 bord des gilets pour adultes et enfants, nous avons \u00e9galement une trousse de secours de type C, avec tout ce dont vous avez besoin en cas d&rsquo;accident. Nous avons \u00e9galement des \u00e9quipements de protection cardio, notre \u00e9quipage a re\u00e7u une formation en RCR et l&rsquo;utilisation du DEA, en plus d&rsquo;avoir des cours de secourisme. Votre s\u00e9curit\u00e9 est notre priorit\u00e9, vous devrez suivre \u00e0 tout moment les consignes donn\u00e9es par l&rsquo;\u00e9quipage.<\/p>\n<ul>\n<li>\n<p align=\"justify\"><strong>Quel genre de baleines peut-on voir \u00e0 Tenerife?<\/strong><\/p>\n<\/li>\n<\/ul>\n<p align=\"justify\">Le globic\u00e9phale (Globicephala macrorhynchus) est l&rsquo;esp\u00e8ce r\u00e9sidente la plus nombreuse \u00e0 Tenerife. Selon la saison, nous pourrons apercevoir la baleine tropicale (Balaenoptera edeni), c&rsquo;est l&rsquo;une des esp\u00e8ces qui visitent fr\u00e9quemment nos eaux d&rsquo;avril \u00e0 juin, bien qu&rsquo;elle puisse \u00eatre vue pendant les autres mois de l&rsquo;ann\u00e9e.<\/p>\n<ul>\n<li>\n<p align=\"justify\"><strong>Quel genre de dauphins peut-on voir \u00e0 Tenerife?<\/strong><\/p>\n<\/li>\n<\/ul>\n<p align=\"justify\">Le grand dauphin (Tursiops truncatus) est r\u00e9sident, ce qui en fait la deuxi\u00e8me esp\u00e8ce la plus observ\u00e9e, le dauphin tachet\u00e9 (Stenella frontalis) et le dauphin commun peuvent \u00e9galement \u00eatre vus sporadiquement.<\/p>\n<ul>\n<li>\n<p align=\"justify\"><strong>Offrez-vous le transport depuis l&rsquo;h\u00f4tel?<\/strong><\/p>\n<\/li>\n<\/ul>\n<p align=\"justify\">Nous proposons le transport depuis diff\u00e9rentes zones de l&rsquo;\u00eele, il n&rsquo;est pas inclus dans le prix de base de l&rsquo;excursion, selon les zones o\u00f9 vous demandez le transport, le prix de l&rsquo;excursion sera augment\u00e9, cela sera sous r\u00e9serve de disponibilit\u00e9.<\/p>\n<ul>\n<li>\n<p align=\"justify\">Quel type de menu et de boissons proposez-vous lors de vos excursions?<\/p>\n<\/li>\n<\/ul>\n<p>Notre menu est principalement v\u00e9g\u00e9tarien, vous pourrez profiter d&rsquo;un ap\u00e9ritif copieux, dans lequel vous pourrez d\u00e9guster, omelette espagnole, fromage canarien aux noix, guacamole aux nachos, salade de tomates, saucisses ib\u00e9riques et fruits de saison. Nous proposons des boissons fra\u00eeches pendant le voyage, Golden Beer, des boissons gazeuses (pas de marques blanches), du vin blanc et de l&rsquo;eau (la boisson est limit\u00e9e, mais nous ne l\u00e9sinons pas)<\/p>\n<p>Si vous avez des allergies alimentaires, demandez-nous et nous vous pr\u00e9parerons un menu alternatif.<\/p>\n<ul>\n<li>\n<p align=\"justify\"><strong>Existe-t-il des restrictions et des conditions?<\/strong><\/p>\n<\/li>\n<\/ul>\n<p align=\"justify\">Pour respecter la qualit\u00e9 et la s\u00e9curit\u00e9 de nos voyages, nous avons pr\u00e9par\u00e9 un document o\u00f9 vous trouverez nos <strong>termes et conditions<\/strong>, il est tr\u00e8s important que vous le lisiez avant d&rsquo;engager le tour.<\/p>\n<ul>\n<li>\n<p align=\"justify\"><strong>Quelles sont les recommandations pour la tourn\u00e9e?<\/strong><\/p>\n<\/li>\n<\/ul>\n<p align=\"justify\">V\u00eatements confortables, quelque chose de chaud, maillot de bain, cr\u00e8me solaire biod\u00e9gradable \u00e0 haute protection +50, serviette, chapeau ou casquette, lunettes de soleil et \u00e9quipement de snorkeling (si vous n&rsquo;en avez pas, ne vous inqui\u00e9tez pas, nous en avons \u00e0 bord). Sur le bateau, nous serons tous pieds nus, donc la meilleure option de chaussures est les tongs.<\/p>\n<ul>\n<li>\n<p align=\"justify\"><strong>Que puis-je faire si j&rsquo;ai des vertiges ?<\/strong><\/p>\n<\/li>\n<\/ul>\n<p align=\"justify\">Si vous avez l&rsquo;habitude d&rsquo;avoir des vertiges ou si vous n&rsquo;avez jamais navigu\u00e9 auparavant, vous pouvez demander dans n&rsquo;importe quelle pharmacie de la \u00ab\u00a0biodramine caf\u00e9in\u00e9e\u00a0\u00bb. Il est recommand\u00e9 de le prendre une heure et demie avant le voyage. Un estomac vide est un peu dangereux pour le mal des transports, il est donc pr\u00e9f\u00e9rable d&rsquo;avoir quelque chose \u00e0 grignoter avant.<\/p>\n<ul>\n<li>\n<p align=\"justify\"><strong>Quel est le point de rendez-vous?<\/strong><\/p>\n<\/li>\n<\/ul>\n<p align=\"justify\"><span style=\"color: #000000;\">\ud83d\udccd<\/span><span style=\"color: #000000;\"> <span style=\"font-family: Calibri, serif;\"><span style=\"font-size: large;\">Puerto Deportivo Los Gigantes, pantal\u00e1n 1, amarre 152.<\/span><\/span><\/span><\/p>\n<p align=\"justify\"><a href=\"https:\/\/maps.google.com\/?q=28.246872,-16.842499\"><span style=\"color: #000000;\"><span style=\"font-family: Calibri, serif;\"><span style=\"font-size: large;\"><u>Cliquez ici pour voir l&#8217;emplacement exact sur Google Maps.<\/u><\/span><\/span><\/span><\/a><\/p>\n<\/div><\/div><\/div><\/div><\/div><\/p>\n","protected":false},"excerpt":{"rendered":"","protected":false},"author":1,"featured_media":0,"parent":0,"menu_order":0,"comment_status":"closed","ping_status":"open","template":"100-width.php","meta":{"footnotes":""},"class_list":["post-2247","page","type-page","status-publish","hentry"],"yoast_head":"<!-- This site is optimized with the Yoast SEO plugin v27.5 - https:\/\/yoast.com\/product\/yoast-seo-wordpress\/ -->\n<title>Questions fr\u00e9quentes - Los Gigantes - Tenerife - Picarus<\/title>\n<meta name=\"description\" content=\"Foire aux questions sur notre exp\u00e9rience en voilier naviguant sur Los Acantilados de los Gigantes.\" \/>\n<meta name=\"robots\" content=\"index, follow, max-snippet:-1, max-image-preview:large, max-video-preview:-1\" \/>\n<link rel=\"canonical\" href=\"https:\/\/www.picarussailingclub.com\/fr\/questions-frequentes\/\" \/>\n<meta property=\"og:locale\" content=\"fr_FR\" \/>\n<meta property=\"og:type\" content=\"article\" \/>\n<meta property=\"og:title\" content=\"Questions fr\u00e9quentes - Los Gigantes - Tenerife - Picarus\" \/>\n<meta property=\"og:description\" content=\"Foire aux questions sur notre exp\u00e9rience en voilier naviguant sur Los Acantilados de los Gigantes.\" \/>\n<meta property=\"og:url\" content=\"https:\/\/www.picarussailingclub.com\/fr\/questions-frequentes\/\" \/>\n<meta property=\"og:site_name\" content=\"PICARUS SAILING CLUB\" \/>\n<meta property=\"article:publisher\" content=\"https:\/\/www.facebook.com\/picarussailingclub\/\" \/>\n<meta property=\"article:modified_time\" content=\"2023-05-03T06:45:09+00:00\" \/>\n<meta name=\"twitter:card\" content=\"summary_large_image\" \/>\n<script type=\"application\/ld+json\" class=\"yoast-schema-graph\">{\"@context\":\"https:\\\/\\\/schema.org\",\"@graph\":[{\"@type\":\"WebPage\",\"@id\":\"https:\\\/\\\/www.picarussailingclub.com\\\/fr\\\/questions-frequentes\\\/\",\"url\":\"https:\\\/\\\/www.picarussailingclub.com\\\/fr\\\/questions-frequentes\\\/\",\"name\":\"Questions fr\u00e9quentes - Los Gigantes - Tenerife - Picarus\",\"isPartOf\":{\"@id\":\"https:\\\/\\\/www.picarussailingclub.com\\\/fr\\\/#website\"},\"datePublished\":\"2023-04-18T10:21:22+00:00\",\"dateModified\":\"2023-05-03T06:45:09+00:00\",\"description\":\"Foire aux questions sur notre exp\u00e9rience en voilier naviguant sur Los Acantilados de los Gigantes.\",\"breadcrumb\":{\"@id\":\"https:\\\/\\\/www.picarussailingclub.com\\\/fr\\\/questions-frequentes\\\/#breadcrumb\"},\"inLanguage\":\"fr-FR\",\"potentialAction\":[{\"@type\":\"ReadAction\",\"target\":[\"https:\\\/\\\/www.picarussailingclub.com\\\/fr\\\/questions-frequentes\\\/\"]}]},{\"@type\":\"BreadcrumbList\",\"@id\":\"https:\\\/\\\/www.picarussailingclub.com\\\/fr\\\/questions-frequentes\\\/#breadcrumb\",\"itemListElement\":[{\"@type\":\"ListItem\",\"position\":1,\"name\":\"Portada\",\"item\":\"https:\\\/\\\/www.picarussailingclub.com\\\/fr\\\/\"},{\"@type\":\"ListItem\",\"position\":2,\"name\":\"Questions fr\u00e9quentes\"}]},{\"@type\":\"WebSite\",\"@id\":\"https:\\\/\\\/www.picarussailingclub.com\\\/fr\\\/#website\",\"url\":\"https:\\\/\\\/www.picarussailingclub.com\\\/fr\\\/\",\"name\":\"Picarus Sailing Club\",\"description\":\"Excursiones en Barco en Acantilado de los Gigantes\",\"publisher\":{\"@id\":\"https:\\\/\\\/www.picarussailingclub.com\\\/fr\\\/#organization\"},\"alternateName\":\"Avistamiento de Cet\u00e1ceos\",\"potentialAction\":[{\"@type\":\"SearchAction\",\"target\":{\"@type\":\"EntryPoint\",\"urlTemplate\":\"https:\\\/\\\/www.picarussailingclub.com\\\/fr\\\/?s={search_term_string}\"},\"query-input\":{\"@type\":\"PropertyValueSpecification\",\"valueRequired\":true,\"valueName\":\"search_term_string\"}}],\"inLanguage\":\"fr-FR\"},{\"@type\":\"Organization\",\"@id\":\"https:\\\/\\\/www.picarussailingclub.com\\\/fr\\\/#organization\",\"name\":\"Picarus Sailing Club\",\"alternateName\":\"Avistamiento de Cet\u00e1ceos en Tenerife\",\"url\":\"https:\\\/\\\/www.picarussailingclub.com\\\/fr\\\/\",\"logo\":{\"@type\":\"ImageObject\",\"inLanguage\":\"fr-FR\",\"@id\":\"https:\\\/\\\/www.picarussailingclub.com\\\/fr\\\/#\\\/schema\\\/logo\\\/image\\\/\",\"url\":\"https:\\\/\\\/avada.picarussailingclub.com\\\/wp-content\\\/uploads\\\/2023\\\/05\\\/picarus-696x696-1.png\",\"contentUrl\":\"https:\\\/\\\/avada.picarussailingclub.com\\\/wp-content\\\/uploads\\\/2023\\\/05\\\/picarus-696x696-1.png\",\"width\":696,\"height\":696,\"caption\":\"Picarus Sailing Club\"},\"image\":{\"@id\":\"https:\\\/\\\/www.picarussailingclub.com\\\/fr\\\/#\\\/schema\\\/logo\\\/image\\\/\"},\"sameAs\":[\"https:\\\/\\\/www.facebook.com\\\/picarussailingclub\\\/\",\"https:\\\/\\\/www.instagram.com\\\/picarus_sailing_club\\\/\"]}]}<\/script>\n<!-- \/ Yoast SEO plugin. -->","yoast_head_json":{"title":"Questions fr\u00e9quentes - Los Gigantes - Tenerife - Picarus","description":"Foire aux questions sur notre exp\u00e9rience en voilier naviguant sur Los Acantilados de los Gigantes.","robots":{"index":"index","follow":"follow","max-snippet":"max-snippet:-1","max-image-preview":"max-image-preview:large","max-video-preview":"max-video-preview:-1"},"canonical":"https:\/\/www.picarussailingclub.com\/fr\/questions-frequentes\/","og_locale":"fr_FR","og_type":"article","og_title":"Questions fr\u00e9quentes - Los Gigantes - Tenerife - Picarus","og_description":"Foire aux questions sur notre exp\u00e9rience en voilier naviguant sur Los Acantilados de los Gigantes.","og_url":"https:\/\/www.picarussailingclub.com\/fr\/questions-frequentes\/","og_site_name":"PICARUS SAILING CLUB","article_publisher":"https:\/\/www.facebook.com\/picarussailingclub\/","article_modified_time":"2023-05-03T06:45:09+00:00","twitter_card":"summary_large_image","schema":{"@context":"https:\/\/schema.org","@graph":[{"@type":"WebPage","@id":"https:\/\/www.picarussailingclub.com\/fr\/questions-frequentes\/","url":"https:\/\/www.picarussailingclub.com\/fr\/questions-frequentes\/","name":"Questions fr\u00e9quentes - Los Gigantes - Tenerife - Picarus","isPartOf":{"@id":"https:\/\/www.picarussailingclub.com\/fr\/#website"},"datePublished":"2023-04-18T10:21:22+00:00","dateModified":"2023-05-03T06:45:09+00:00","description":"Foire aux questions sur notre exp\u00e9rience en voilier naviguant sur Los Acantilados de los Gigantes.","breadcrumb":{"@id":"https:\/\/www.picarussailingclub.com\/fr\/questions-frequentes\/#breadcrumb"},"inLanguage":"fr-FR","potentialAction":[{"@type":"ReadAction","target":["https:\/\/www.picarussailingclub.com\/fr\/questions-frequentes\/"]}]},{"@type":"BreadcrumbList","@id":"https:\/\/www.picarussailingclub.com\/fr\/questions-frequentes\/#breadcrumb","itemListElement":[{"@type":"ListItem","position":1,"name":"Portada","item":"https:\/\/www.picarussailingclub.com\/fr\/"},{"@type":"ListItem","position":2,"name":"Questions fr\u00e9quentes"}]},{"@type":"WebSite","@id":"https:\/\/www.picarussailingclub.com\/fr\/#website","url":"https:\/\/www.picarussailingclub.com\/fr\/","name":"Picarus Sailing Club","description":"Excursiones en Barco en Acantilado de los Gigantes","publisher":{"@id":"https:\/\/www.picarussailingclub.com\/fr\/#organization"},"alternateName":"Avistamiento de Cet\u00e1ceos","potentialAction":[{"@type":"SearchAction","target":{"@type":"EntryPoint","urlTemplate":"https:\/\/www.picarussailingclub.com\/fr\/?s={search_term_string}"},"query-input":{"@type":"PropertyValueSpecification","valueRequired":true,"valueName":"search_term_string"}}],"inLanguage":"fr-FR"},{"@type":"Organization","@id":"https:\/\/www.picarussailingclub.com\/fr\/#organization","name":"Picarus Sailing Club","alternateName":"Avistamiento de Cet\u00e1ceos en Tenerife","url":"https:\/\/www.picarussailingclub.com\/fr\/","logo":{"@type":"ImageObject","inLanguage":"fr-FR","@id":"https:\/\/www.picarussailingclub.com\/fr\/#\/schema\/logo\/image\/","url":"https:\/\/avada.picarussailingclub.com\/wp-content\/uploads\/2023\/05\/picarus-696x696-1.png","contentUrl":"https:\/\/avada.picarussailingclub.com\/wp-content\/uploads\/2023\/05\/picarus-696x696-1.png","width":696,"height":696,"caption":"Picarus Sailing Club"},"image":{"@id":"https:\/\/www.picarussailingclub.com\/fr\/#\/schema\/logo\/image\/"},"sameAs":["https:\/\/www.facebook.com\/picarussailingclub\/","https:\/\/www.instagram.com\/picarus_sailing_club\/"]}]}},"_links":{"self":[{"href":"https:\/\/www.picarussailingclub.com\/fr\/wp-json\/wp\/v2\/pages\/2247","targetHints":{"allow":["GET"]}}],"collection":[{"href":"https:\/\/www.picarussailingclub.com\/fr\/wp-json\/wp\/v2\/pages"}],"about":[{"href":"https:\/\/www.picarussailingclub.com\/fr\/wp-json\/wp\/v2\/types\/page"}],"author":[{"embeddable":true,"href":"https:\/\/www.picarussailingclub.com\/fr\/wp-json\/wp\/v2\/users\/1"}],"replies":[{"embeddable":true,"href":"https:\/\/www.picarussailingclub.com\/fr\/wp-json\/wp\/v2\/comments?post=2247"}],"version-history":[{"count":3,"href":"https:\/\/www.picarussailingclub.com\/fr\/wp-json\/wp\/v2\/pages\/2247\/revisions"}],"predecessor-version":[{"id":2908,"href":"https:\/\/www.picarussailingclub.com\/fr\/wp-json\/wp\/v2\/pages\/2247\/revisions\/2908"}],"wp:attachment":[{"href":"https:\/\/www.picarussailingclub.com\/fr\/wp-json\/wp\/v2\/media?parent=2247"}],"curies":[{"name":"wp","href":"https:\/\/api.w.org\/{rel}","templated":true}]}}