{"id":3795,"date":"2023-12-14T19:34:56","date_gmt":"2023-12-14T18:34:56","guid":{"rendered":"https:\/\/www.picarussailingclub.com\/producto\/malizia\/"},"modified":"2023-12-14T19:34:56","modified_gmt":"2023-12-14T18:34:56","slug":"malizia","status":"publish","type":"product","link":"https:\/\/www.picarussailingclub.com\/fr\/producto\/malizia\/","title":{"rendered":"Malizia"},"content":{"rendered":"<p>VALLON, en partenariat avec Boris Herrmann et l&rsquo;\u00e9quipage Malizia, a d\u00e9velopp\u00e9 les meilleures lunettes de soleil pour la voile \u00e0 partir de mat\u00e9riaux durables. 85 % de la structure est constitu\u00e9e de filets de p\u00eache recycl\u00e9s, transform\u00e9s en un mat\u00e9riau durable, le nylon 6, pour une long\u00e9vit\u00e9 maximale. \u00c9quip\u00e9es de verres polarisants V52\u00ae connus pour leur clart\u00e9 exceptionnelle et construites avec une courbure enveloppante \u00e0 8 bases, les lunettes Malizia offrent une clart\u00e9 ultra nette et une vision p\u00e9riph\u00e9rique maximis\u00e9e. Ils sont livr\u00e9s avec un Sport Retainer et un \u00e9tui de protection avec crochet.<\/p>\n<p>L&rsquo;\u00e9quipe Malizia, qui a aid\u00e9 Greta Thunberg \u00e0 effectuer sa travers\u00e9e de l&rsquo;Atlantique sans \u00e9mission de carbone, navigue pour sensibiliser le public au changement climatique. Une initiative cl\u00e9 est le parc de mangroves de Malizia, qui est en passe de planter un million de pal\u00e9tuviers. Pour chaque paire de VALLON Malizia vendue, 10 pal\u00e9tuviers seront donn\u00e9s au parc de la mangrove de Malizia.<\/p>\n","protected":false},"excerpt":{"rendered":"<p>VALLON, en partenariat avec Boris Herrmann et l&rsquo;\u00e9quipage Malizia, a d\u00e9velopp\u00e9 les meilleures lunettes de soleil pour la voile \u00e0 partir de mat\u00e9riaux durables. 85 % de la structure est constitu\u00e9e de filets de p\u00eache recycl\u00e9s, transform\u00e9s en un mat\u00e9riau durable, le nylon 6, pour une long\u00e9vit\u00e9 maximale. \u00c9quip\u00e9es de verres polarisants V52\u00ae connus pour leur clart\u00e9 exceptionnelle et construites avec une courbure enveloppante \u00e0 8 bases, les lunettes Malizia offrent une clart\u00e9 ultra nette et une vision p\u00e9riph\u00e9rique maximis\u00e9e. Ils sont livr\u00e9s avec un Sport Retainer et un \u00e9tui de protection avec crochet.<\/p>\n<p>L&rsquo;\u00e9quipe Malizia, qui a aid\u00e9 Greta Thunberg \u00e0 effectuer sa travers\u00e9e de l&rsquo;Atlantique sans \u00e9mission de carbone, navigue pour sensibiliser le public au changement climatique. Une initiative cl\u00e9 est le parc de mangroves de Malizia, qui est en passe de planter un million de pal\u00e9tuviers. Pour chaque paire de VALLON Malizia vendue, 10 pal\u00e9tuviers seront donn\u00e9s au parc de la mangrove de Malizia.<\/p>\n","protected":false},"featured_media":3716,"template":"","meta":[],"product_brand":[],"product_cat":[96],"product_tag":[],"class_list":{"0":"post-3795","1":"product","2":"type-product","3":"status-publish","4":"has-post-thumbnail","6":"product_cat-lunettes","8":"first","9":"instock","10":"taxable","11":"shipping-taxable","12":"purchasable","13":"product-type-simple"},"yoast_head":"<!-- This site is optimized with the Yoast SEO plugin v27.5 - https:\/\/yoast.com\/product\/yoast-seo-wordpress\/ -->\n<title>Lunettes Vallon Malizia - PICARUS SAILING CLUB<\/title>\n<meta name=\"description\" content=\"VALLON, en partenariat avec Boris Herrmann et l&#039;\u00e9quipage Malizia, a d\u00e9velopp\u00e9 les meilleures lunettes de soleil pour la voile \u00e0 partir de mat\u00e9riaux durables.\" \/>\n<meta name=\"robots\" content=\"index, follow, max-snippet:-1, max-image-preview:large, max-video-preview:-1\" \/>\n<link rel=\"canonical\" href=\"https:\/\/www.picarussailingclub.com\/fr\/producto\/malizia\/\" \/>\n<meta property=\"og:locale\" content=\"fr_FR\" \/>\n<meta property=\"og:type\" content=\"article\" \/>\n<meta property=\"og:title\" content=\"Lunettes Vallon Malizia - PICARUS SAILING CLUB\" \/>\n<meta property=\"og:description\" content=\"VALLON, en partenariat avec Boris Herrmann et l&#039;\u00e9quipage Malizia, a d\u00e9velopp\u00e9 les meilleures lunettes de soleil pour la voile \u00e0 partir de mat\u00e9riaux durables.\" \/>\n<meta property=\"og:url\" content=\"https:\/\/www.picarussailingclub.com\/fr\/producto\/malizia\/\" \/>\n<meta property=\"og:site_name\" content=\"PICARUS SAILING CLUB\" \/>\n<meta property=\"article:publisher\" content=\"https:\/\/www.facebook.com\/picarussailingclub\/\" \/>\n<meta property=\"og:image\" content=\"https:\/\/www.picarussailingclub.com\/wp-content\/uploads\/2023\/12\/MALIZIA.webp\" \/>\n\t<meta property=\"og:image:width\" content=\"736\" \/>\n\t<meta property=\"og:image:height\" content=\"736\" \/>\n\t<meta property=\"og:image:type\" content=\"image\/webp\" \/>\n<meta name=\"twitter:card\" content=\"summary_large_image\" \/>\n<script type=\"application\/ld+json\" class=\"yoast-schema-graph\">{\"@context\":\"https:\\\/\\\/schema.org\",\"@graph\":[{\"@type\":\"WebPage\",\"@id\":\"https:\\\/\\\/www.picarussailingclub.com\\\/fr\\\/producto\\\/malizia\\\/\",\"url\":\"https:\\\/\\\/www.picarussailingclub.com\\\/fr\\\/producto\\\/malizia\\\/\",\"name\":\"Lunettes Vallon Malizia - PICARUS SAILING CLUB\",\"isPartOf\":{\"@id\":\"https:\\\/\\\/www.picarussailingclub.com\\\/fr\\\/#website\"},\"primaryImageOfPage\":{\"@id\":\"https:\\\/\\\/www.picarussailingclub.com\\\/fr\\\/producto\\\/malizia\\\/#primaryimage\"},\"image\":{\"@id\":\"https:\\\/\\\/www.picarussailingclub.com\\\/fr\\\/producto\\\/malizia\\\/#primaryimage\"},\"thumbnailUrl\":\"https:\\\/\\\/www.picarussailingclub.com\\\/wp-content\\\/uploads\\\/2023\\\/12\\\/MALIZIA.webp\",\"datePublished\":\"2023-12-14T18:34:56+00:00\",\"description\":\"VALLON, en partenariat avec Boris Herrmann et l'\u00e9quipage Malizia, a d\u00e9velopp\u00e9 les meilleures lunettes de soleil pour la voile \u00e0 partir de mat\u00e9riaux durables.\",\"breadcrumb\":{\"@id\":\"https:\\\/\\\/www.picarussailingclub.com\\\/fr\\\/producto\\\/malizia\\\/#breadcrumb\"},\"inLanguage\":\"fr-FR\",\"potentialAction\":[{\"@type\":\"ReadAction\",\"target\":[\"https:\\\/\\\/www.picarussailingclub.com\\\/fr\\\/producto\\\/malizia\\\/\"]}]},{\"@type\":\"ImageObject\",\"inLanguage\":\"fr-FR\",\"@id\":\"https:\\\/\\\/www.picarussailingclub.com\\\/fr\\\/producto\\\/malizia\\\/#primaryimage\",\"url\":\"https:\\\/\\\/www.picarussailingclub.com\\\/wp-content\\\/uploads\\\/2023\\\/12\\\/MALIZIA.webp\",\"contentUrl\":\"https:\\\/\\\/www.picarussailingclub.com\\\/wp-content\\\/uploads\\\/2023\\\/12\\\/MALIZIA.webp\",\"width\":736,\"height\":736},{\"@type\":\"BreadcrumbList\",\"@id\":\"https:\\\/\\\/www.picarussailingclub.com\\\/fr\\\/producto\\\/malizia\\\/#breadcrumb\",\"itemListElement\":[{\"@type\":\"ListItem\",\"position\":1,\"name\":\"Portada\",\"item\":\"https:\\\/\\\/www.picarussailingclub.com\\\/fr\\\/\"},{\"@type\":\"ListItem\",\"position\":2,\"name\":\"Boutique\",\"item\":\"https:\\\/\\\/www.picarussailingclub.com\\\/fr\\\/boutique\\\/\"},{\"@type\":\"ListItem\",\"position\":3,\"name\":\"Malizia\"}]},{\"@type\":\"WebSite\",\"@id\":\"https:\\\/\\\/www.picarussailingclub.com\\\/fr\\\/#website\",\"url\":\"https:\\\/\\\/www.picarussailingclub.com\\\/fr\\\/\",\"name\":\"Picarus Sailing Club\",\"description\":\"Excursiones en Barco en Acantilado de los Gigantes\",\"publisher\":{\"@id\":\"https:\\\/\\\/www.picarussailingclub.com\\\/fr\\\/#organization\"},\"alternateName\":\"Avistamiento de Cet\u00e1ceos\",\"potentialAction\":[{\"@type\":\"SearchAction\",\"target\":{\"@type\":\"EntryPoint\",\"urlTemplate\":\"https:\\\/\\\/www.picarussailingclub.com\\\/fr\\\/?s={search_term_string}\"},\"query-input\":{\"@type\":\"PropertyValueSpecification\",\"valueRequired\":true,\"valueName\":\"search_term_string\"}}],\"inLanguage\":\"fr-FR\"},{\"@type\":\"Organization\",\"@id\":\"https:\\\/\\\/www.picarussailingclub.com\\\/fr\\\/#organization\",\"name\":\"Picarus Sailing Club\",\"alternateName\":\"Avistamiento de Cet\u00e1ceos en Tenerife\",\"url\":\"https:\\\/\\\/www.picarussailingclub.com\\\/fr\\\/\",\"logo\":{\"@type\":\"ImageObject\",\"inLanguage\":\"fr-FR\",\"@id\":\"https:\\\/\\\/www.picarussailingclub.com\\\/fr\\\/#\\\/schema\\\/logo\\\/image\\\/\",\"url\":\"https:\\\/\\\/avada.picarussailingclub.com\\\/wp-content\\\/uploads\\\/2023\\\/05\\\/picarus-696x696-1.png\",\"contentUrl\":\"https:\\\/\\\/avada.picarussailingclub.com\\\/wp-content\\\/uploads\\\/2023\\\/05\\\/picarus-696x696-1.png\",\"width\":696,\"height\":696,\"caption\":\"Picarus Sailing Club\"},\"image\":{\"@id\":\"https:\\\/\\\/www.picarussailingclub.com\\\/fr\\\/#\\\/schema\\\/logo\\\/image\\\/\"},\"sameAs\":[\"https:\\\/\\\/www.facebook.com\\\/picarussailingclub\\\/\",\"https:\\\/\\\/www.instagram.com\\\/picarus_sailing_club\\\/\"]}]}<\/script>\n<!-- \/ Yoast SEO plugin. -->","yoast_head_json":{"title":"Lunettes Vallon Malizia - PICARUS SAILING CLUB","description":"VALLON, en partenariat avec Boris Herrmann et l'\u00e9quipage Malizia, a d\u00e9velopp\u00e9 les meilleures lunettes de soleil pour la voile \u00e0 partir de mat\u00e9riaux durables.","robots":{"index":"index","follow":"follow","max-snippet":"max-snippet:-1","max-image-preview":"max-image-preview:large","max-video-preview":"max-video-preview:-1"},"canonical":"https:\/\/www.picarussailingclub.com\/fr\/producto\/malizia\/","og_locale":"fr_FR","og_type":"article","og_title":"Lunettes Vallon Malizia - PICARUS SAILING CLUB","og_description":"VALLON, en partenariat avec Boris Herrmann et l'\u00e9quipage Malizia, a d\u00e9velopp\u00e9 les meilleures lunettes de soleil pour la voile \u00e0 partir de mat\u00e9riaux durables.","og_url":"https:\/\/www.picarussailingclub.com\/fr\/producto\/malizia\/","og_site_name":"PICARUS SAILING CLUB","article_publisher":"https:\/\/www.facebook.com\/picarussailingclub\/","og_image":[{"width":736,"height":736,"url":"https:\/\/www.picarussailingclub.com\/wp-content\/uploads\/2023\/12\/MALIZIA.webp","type":"image\/webp"}],"twitter_card":"summary_large_image","schema":{"@context":"https:\/\/schema.org","@graph":[{"@type":"WebPage","@id":"https:\/\/www.picarussailingclub.com\/fr\/producto\/malizia\/","url":"https:\/\/www.picarussailingclub.com\/fr\/producto\/malizia\/","name":"Lunettes Vallon Malizia - PICARUS SAILING CLUB","isPartOf":{"@id":"https:\/\/www.picarussailingclub.com\/fr\/#website"},"primaryImageOfPage":{"@id":"https:\/\/www.picarussailingclub.com\/fr\/producto\/malizia\/#primaryimage"},"image":{"@id":"https:\/\/www.picarussailingclub.com\/fr\/producto\/malizia\/#primaryimage"},"thumbnailUrl":"https:\/\/www.picarussailingclub.com\/wp-content\/uploads\/2023\/12\/MALIZIA.webp","datePublished":"2023-12-14T18:34:56+00:00","description":"VALLON, en partenariat avec Boris Herrmann et l'\u00e9quipage Malizia, a d\u00e9velopp\u00e9 les meilleures lunettes de soleil pour la voile \u00e0 partir de mat\u00e9riaux durables.","breadcrumb":{"@id":"https:\/\/www.picarussailingclub.com\/fr\/producto\/malizia\/#breadcrumb"},"inLanguage":"fr-FR","potentialAction":[{"@type":"ReadAction","target":["https:\/\/www.picarussailingclub.com\/fr\/producto\/malizia\/"]}]},{"@type":"ImageObject","inLanguage":"fr-FR","@id":"https:\/\/www.picarussailingclub.com\/fr\/producto\/malizia\/#primaryimage","url":"https:\/\/www.picarussailingclub.com\/wp-content\/uploads\/2023\/12\/MALIZIA.webp","contentUrl":"https:\/\/www.picarussailingclub.com\/wp-content\/uploads\/2023\/12\/MALIZIA.webp","width":736,"height":736},{"@type":"BreadcrumbList","@id":"https:\/\/www.picarussailingclub.com\/fr\/producto\/malizia\/#breadcrumb","itemListElement":[{"@type":"ListItem","position":1,"name":"Portada","item":"https:\/\/www.picarussailingclub.com\/fr\/"},{"@type":"ListItem","position":2,"name":"Boutique","item":"https:\/\/www.picarussailingclub.com\/fr\/boutique\/"},{"@type":"ListItem","position":3,"name":"Malizia"}]},{"@type":"WebSite","@id":"https:\/\/www.picarussailingclub.com\/fr\/#website","url":"https:\/\/www.picarussailingclub.com\/fr\/","name":"Picarus Sailing Club","description":"Excursiones en Barco en Acantilado de los Gigantes","publisher":{"@id":"https:\/\/www.picarussailingclub.com\/fr\/#organization"},"alternateName":"Avistamiento de Cet\u00e1ceos","potentialAction":[{"@type":"SearchAction","target":{"@type":"EntryPoint","urlTemplate":"https:\/\/www.picarussailingclub.com\/fr\/?s={search_term_string}"},"query-input":{"@type":"PropertyValueSpecification","valueRequired":true,"valueName":"search_term_string"}}],"inLanguage":"fr-FR"},{"@type":"Organization","@id":"https:\/\/www.picarussailingclub.com\/fr\/#organization","name":"Picarus Sailing Club","alternateName":"Avistamiento de Cet\u00e1ceos en Tenerife","url":"https:\/\/www.picarussailingclub.com\/fr\/","logo":{"@type":"ImageObject","inLanguage":"fr-FR","@id":"https:\/\/www.picarussailingclub.com\/fr\/#\/schema\/logo\/image\/","url":"https:\/\/avada.picarussailingclub.com\/wp-content\/uploads\/2023\/05\/picarus-696x696-1.png","contentUrl":"https:\/\/avada.picarussailingclub.com\/wp-content\/uploads\/2023\/05\/picarus-696x696-1.png","width":696,"height":696,"caption":"Picarus Sailing Club"},"image":{"@id":"https:\/\/www.picarussailingclub.com\/fr\/#\/schema\/logo\/image\/"},"sameAs":["https:\/\/www.facebook.com\/picarussailingclub\/","https:\/\/www.instagram.com\/picarus_sailing_club\/"]}]}},"_links":{"self":[{"href":"https:\/\/www.picarussailingclub.com\/fr\/wp-json\/wp\/v2\/product\/3795","targetHints":{"allow":["GET"]}}],"collection":[{"href":"https:\/\/www.picarussailingclub.com\/fr\/wp-json\/wp\/v2\/product"}],"about":[{"href":"https:\/\/www.picarussailingclub.com\/fr\/wp-json\/wp\/v2\/types\/product"}],"wp:featuredmedia":[{"embeddable":true,"href":"https:\/\/www.picarussailingclub.com\/fr\/wp-json\/wp\/v2\/media\/3716"}],"wp:attachment":[{"href":"https:\/\/www.picarussailingclub.com\/fr\/wp-json\/wp\/v2\/media?parent=3795"}],"wp:term":[{"taxonomy":"product_brand","embeddable":true,"href":"https:\/\/www.picarussailingclub.com\/fr\/wp-json\/wp\/v2\/product_brand?post=3795"},{"taxonomy":"product_cat","embeddable":true,"href":"https:\/\/www.picarussailingclub.com\/fr\/wp-json\/wp\/v2\/product_cat?post=3795"},{"taxonomy":"product_tag","embeddable":true,"href":"https:\/\/www.picarussailingclub.com\/fr\/wp-json\/wp\/v2\/product_tag?post=3795"}],"curies":[{"name":"wp","href":"https:\/\/api.w.org\/{rel}","templated":true}]}}