{"id":3797,"date":"2023-12-14T19:46:43","date_gmt":"2023-12-14T18:46:43","guid":{"rendered":"https:\/\/www.picarussailingclub.com\/producto\/howlin-dark-tortoise\/"},"modified":"2023-12-14T19:46:43","modified_gmt":"2023-12-14T18:46:43","slug":"howlin-dark-tortoise","status":"publish","type":"product","link":"https:\/\/www.picarussailingclub.com\/fr\/producto\/howlin-dark-tortoise\/","title":{"rendered":"Howlin&rsquo; Dark Tortoise"},"content":{"rendered":"<p>Une lunette arrondie de style aviateur fabriqu\u00e9e en ac\u00e9tate de premi\u00e8re qualit\u00e9, \u00e9quip\u00e9e d&rsquo;un syst\u00e8me optique polaris\u00e9 V52\u00ae pour la meilleure clart\u00e9 de toutes les lunettes de soleil performantes du march\u00e9. Ils sont livr\u00e9s avec une sangle de t\u00eate optionnelle pour les activit\u00e9s sportives. Ils sont livr\u00e9s avec une sangle de t\u00eate optionnelle pour les activit\u00e9s sportives. L&rsquo;objectif de VALLON \u00e9tait de cr\u00e9er une fonctionnalit\u00e9 optimale : une paire de lunettes de soleil pour chaque occasion, et les lunettes de soleil les plus c\u00e9l\u00e8bres de VALLON Howlin&rsquo; s&rsquo;av\u00e8rent \u00eatre les lunettes de soleil les plus polyvalentes du march\u00e9 en termes de rapport qualit\u00e9-prix.<\/p>\n","protected":false},"excerpt":{"rendered":"<p>Une lunette arrondie de style aviateur fabriqu\u00e9e en ac\u00e9tate de premi\u00e8re qualit\u00e9, \u00e9quip\u00e9e d&rsquo;un syst\u00e8me optique polaris\u00e9 V52\u00ae pour la meilleure clart\u00e9 de toutes les lunettes de soleil performantes du march\u00e9. Ils sont livr\u00e9s avec une sangle de t\u00eate optionnelle pour les activit\u00e9s sportives. Ils sont livr\u00e9s avec une sangle de t\u00eate optionnelle pour les activit\u00e9s sportives. L&rsquo;objectif de VALLON \u00e9tait de cr\u00e9er une fonctionnalit\u00e9 optimale : une paire de lunettes de soleil pour chaque occasion, et les lunettes de soleil les plus c\u00e9l\u00e8bres de VALLON Howlin&rsquo; s&rsquo;av\u00e8rent \u00eatre les lunettes de soleil les plus polyvalentes du march\u00e9 en termes de rapport qualit\u00e9-prix.<\/p>\n","protected":false},"featured_media":3731,"template":"","meta":[],"product_brand":[],"product_cat":[96],"product_tag":[],"class_list":{"0":"post-3797","1":"product","2":"type-product","3":"status-publish","4":"has-post-thumbnail","6":"product_cat-lunettes","8":"first","9":"instock","10":"taxable","11":"shipping-taxable","12":"purchasable","13":"product-type-simple"},"yoast_head":"<!-- This site is optimized with the Yoast SEO plugin v27.5 - https:\/\/yoast.com\/product\/yoast-seo-wordpress\/ -->\n<title>Lunettes Vallon Howlin Dark Tortoise - PICARUS SAILING CLUB<\/title>\n<meta name=\"description\" content=\"Lunettes de style aviateur arrondies, fabriqu\u00e9es en ac\u00e9tate de premi\u00e8re qualit\u00e9 et dot\u00e9es d&#039;un syst\u00e8me optique polaris\u00e9 V52\u00ae.\" \/>\n<meta name=\"robots\" content=\"index, follow, max-snippet:-1, max-image-preview:large, max-video-preview:-1\" \/>\n<link rel=\"canonical\" href=\"https:\/\/www.picarussailingclub.com\/fr\/producto\/howlin-dark-tortoise\/\" \/>\n<meta property=\"og:locale\" content=\"fr_FR\" \/>\n<meta property=\"og:type\" content=\"article\" \/>\n<meta property=\"og:title\" content=\"Lunettes Vallon Howlin Dark Tortoise - PICARUS SAILING CLUB\" \/>\n<meta property=\"og:description\" content=\"Lunettes de style aviateur arrondies, fabriqu\u00e9es en ac\u00e9tate de premi\u00e8re qualit\u00e9 et dot\u00e9es d&#039;un syst\u00e8me optique polaris\u00e9 V52\u00ae.\" \/>\n<meta property=\"og:url\" content=\"https:\/\/www.picarussailingclub.com\/fr\/producto\/howlin-dark-tortoise\/\" \/>\n<meta property=\"og:site_name\" content=\"PICARUS SAILING CLUB\" \/>\n<meta property=\"article:publisher\" content=\"https:\/\/www.facebook.com\/picarussailingclub\/\" \/>\n<meta property=\"og:image\" content=\"https:\/\/www.picarussailingclub.com\/wp-content\/uploads\/2023\/12\/HOWLIN-DARK-TORTOISE.webp\" \/>\n\t<meta property=\"og:image:width\" content=\"736\" \/>\n\t<meta property=\"og:image:height\" content=\"736\" \/>\n\t<meta property=\"og:image:type\" content=\"image\/webp\" \/>\n<meta name=\"twitter:card\" content=\"summary_large_image\" \/>\n<script type=\"application\/ld+json\" class=\"yoast-schema-graph\">{\"@context\":\"https:\\\/\\\/schema.org\",\"@graph\":[{\"@type\":\"WebPage\",\"@id\":\"https:\\\/\\\/www.picarussailingclub.com\\\/fr\\\/producto\\\/howlin-dark-tortoise\\\/\",\"url\":\"https:\\\/\\\/www.picarussailingclub.com\\\/fr\\\/producto\\\/howlin-dark-tortoise\\\/\",\"name\":\"Lunettes Vallon Howlin Dark Tortoise - PICARUS SAILING CLUB\",\"isPartOf\":{\"@id\":\"https:\\\/\\\/www.picarussailingclub.com\\\/fr\\\/#website\"},\"primaryImageOfPage\":{\"@id\":\"https:\\\/\\\/www.picarussailingclub.com\\\/fr\\\/producto\\\/howlin-dark-tortoise\\\/#primaryimage\"},\"image\":{\"@id\":\"https:\\\/\\\/www.picarussailingclub.com\\\/fr\\\/producto\\\/howlin-dark-tortoise\\\/#primaryimage\"},\"thumbnailUrl\":\"https:\\\/\\\/www.picarussailingclub.com\\\/wp-content\\\/uploads\\\/2023\\\/12\\\/HOWLIN-DARK-TORTOISE.webp\",\"datePublished\":\"2023-12-14T18:46:43+00:00\",\"description\":\"Lunettes de style aviateur arrondies, fabriqu\u00e9es en ac\u00e9tate de premi\u00e8re qualit\u00e9 et dot\u00e9es d'un syst\u00e8me optique polaris\u00e9 V52\u00ae.\",\"breadcrumb\":{\"@id\":\"https:\\\/\\\/www.picarussailingclub.com\\\/fr\\\/producto\\\/howlin-dark-tortoise\\\/#breadcrumb\"},\"inLanguage\":\"fr-FR\",\"potentialAction\":[{\"@type\":\"ReadAction\",\"target\":[\"https:\\\/\\\/www.picarussailingclub.com\\\/fr\\\/producto\\\/howlin-dark-tortoise\\\/\"]}]},{\"@type\":\"ImageObject\",\"inLanguage\":\"fr-FR\",\"@id\":\"https:\\\/\\\/www.picarussailingclub.com\\\/fr\\\/producto\\\/howlin-dark-tortoise\\\/#primaryimage\",\"url\":\"https:\\\/\\\/www.picarussailingclub.com\\\/wp-content\\\/uploads\\\/2023\\\/12\\\/HOWLIN-DARK-TORTOISE.webp\",\"contentUrl\":\"https:\\\/\\\/www.picarussailingclub.com\\\/wp-content\\\/uploads\\\/2023\\\/12\\\/HOWLIN-DARK-TORTOISE.webp\",\"width\":736,\"height\":736},{\"@type\":\"BreadcrumbList\",\"@id\":\"https:\\\/\\\/www.picarussailingclub.com\\\/fr\\\/producto\\\/howlin-dark-tortoise\\\/#breadcrumb\",\"itemListElement\":[{\"@type\":\"ListItem\",\"position\":1,\"name\":\"Portada\",\"item\":\"https:\\\/\\\/www.picarussailingclub.com\\\/fr\\\/\"},{\"@type\":\"ListItem\",\"position\":2,\"name\":\"Boutique\",\"item\":\"https:\\\/\\\/www.picarussailingclub.com\\\/fr\\\/boutique\\\/\"},{\"@type\":\"ListItem\",\"position\":3,\"name\":\"Howlin&rsquo; Dark Tortoise\"}]},{\"@type\":\"WebSite\",\"@id\":\"https:\\\/\\\/www.picarussailingclub.com\\\/fr\\\/#website\",\"url\":\"https:\\\/\\\/www.picarussailingclub.com\\\/fr\\\/\",\"name\":\"Picarus Sailing Club\",\"description\":\"Excursiones en Barco en Acantilado de los Gigantes\",\"publisher\":{\"@id\":\"https:\\\/\\\/www.picarussailingclub.com\\\/fr\\\/#organization\"},\"alternateName\":\"Avistamiento de Cet\u00e1ceos\",\"potentialAction\":[{\"@type\":\"SearchAction\",\"target\":{\"@type\":\"EntryPoint\",\"urlTemplate\":\"https:\\\/\\\/www.picarussailingclub.com\\\/fr\\\/?s={search_term_string}\"},\"query-input\":{\"@type\":\"PropertyValueSpecification\",\"valueRequired\":true,\"valueName\":\"search_term_string\"}}],\"inLanguage\":\"fr-FR\"},{\"@type\":\"Organization\",\"@id\":\"https:\\\/\\\/www.picarussailingclub.com\\\/fr\\\/#organization\",\"name\":\"Picarus Sailing Club\",\"alternateName\":\"Avistamiento de Cet\u00e1ceos en Tenerife\",\"url\":\"https:\\\/\\\/www.picarussailingclub.com\\\/fr\\\/\",\"logo\":{\"@type\":\"ImageObject\",\"inLanguage\":\"fr-FR\",\"@id\":\"https:\\\/\\\/www.picarussailingclub.com\\\/fr\\\/#\\\/schema\\\/logo\\\/image\\\/\",\"url\":\"https:\\\/\\\/avada.picarussailingclub.com\\\/wp-content\\\/uploads\\\/2023\\\/05\\\/picarus-696x696-1.png\",\"contentUrl\":\"https:\\\/\\\/avada.picarussailingclub.com\\\/wp-content\\\/uploads\\\/2023\\\/05\\\/picarus-696x696-1.png\",\"width\":696,\"height\":696,\"caption\":\"Picarus Sailing Club\"},\"image\":{\"@id\":\"https:\\\/\\\/www.picarussailingclub.com\\\/fr\\\/#\\\/schema\\\/logo\\\/image\\\/\"},\"sameAs\":[\"https:\\\/\\\/www.facebook.com\\\/picarussailingclub\\\/\",\"https:\\\/\\\/www.instagram.com\\\/picarus_sailing_club\\\/\"]}]}<\/script>\n<!-- \/ Yoast SEO plugin. -->","yoast_head_json":{"title":"Lunettes Vallon Howlin Dark Tortoise - PICARUS SAILING CLUB","description":"Lunettes de style aviateur arrondies, fabriqu\u00e9es en ac\u00e9tate de premi\u00e8re qualit\u00e9 et dot\u00e9es d'un syst\u00e8me optique polaris\u00e9 V52\u00ae.","robots":{"index":"index","follow":"follow","max-snippet":"max-snippet:-1","max-image-preview":"max-image-preview:large","max-video-preview":"max-video-preview:-1"},"canonical":"https:\/\/www.picarussailingclub.com\/fr\/producto\/howlin-dark-tortoise\/","og_locale":"fr_FR","og_type":"article","og_title":"Lunettes Vallon Howlin Dark Tortoise - PICARUS SAILING CLUB","og_description":"Lunettes de style aviateur arrondies, fabriqu\u00e9es en ac\u00e9tate de premi\u00e8re qualit\u00e9 et dot\u00e9es d'un syst\u00e8me optique polaris\u00e9 V52\u00ae.","og_url":"https:\/\/www.picarussailingclub.com\/fr\/producto\/howlin-dark-tortoise\/","og_site_name":"PICARUS SAILING CLUB","article_publisher":"https:\/\/www.facebook.com\/picarussailingclub\/","og_image":[{"width":736,"height":736,"url":"https:\/\/www.picarussailingclub.com\/wp-content\/uploads\/2023\/12\/HOWLIN-DARK-TORTOISE.webp","type":"image\/webp"}],"twitter_card":"summary_large_image","schema":{"@context":"https:\/\/schema.org","@graph":[{"@type":"WebPage","@id":"https:\/\/www.picarussailingclub.com\/fr\/producto\/howlin-dark-tortoise\/","url":"https:\/\/www.picarussailingclub.com\/fr\/producto\/howlin-dark-tortoise\/","name":"Lunettes Vallon Howlin Dark Tortoise - PICARUS SAILING CLUB","isPartOf":{"@id":"https:\/\/www.picarussailingclub.com\/fr\/#website"},"primaryImageOfPage":{"@id":"https:\/\/www.picarussailingclub.com\/fr\/producto\/howlin-dark-tortoise\/#primaryimage"},"image":{"@id":"https:\/\/www.picarussailingclub.com\/fr\/producto\/howlin-dark-tortoise\/#primaryimage"},"thumbnailUrl":"https:\/\/www.picarussailingclub.com\/wp-content\/uploads\/2023\/12\/HOWLIN-DARK-TORTOISE.webp","datePublished":"2023-12-14T18:46:43+00:00","description":"Lunettes de style aviateur arrondies, fabriqu\u00e9es en ac\u00e9tate de premi\u00e8re qualit\u00e9 et dot\u00e9es d'un syst\u00e8me optique polaris\u00e9 V52\u00ae.","breadcrumb":{"@id":"https:\/\/www.picarussailingclub.com\/fr\/producto\/howlin-dark-tortoise\/#breadcrumb"},"inLanguage":"fr-FR","potentialAction":[{"@type":"ReadAction","target":["https:\/\/www.picarussailingclub.com\/fr\/producto\/howlin-dark-tortoise\/"]}]},{"@type":"ImageObject","inLanguage":"fr-FR","@id":"https:\/\/www.picarussailingclub.com\/fr\/producto\/howlin-dark-tortoise\/#primaryimage","url":"https:\/\/www.picarussailingclub.com\/wp-content\/uploads\/2023\/12\/HOWLIN-DARK-TORTOISE.webp","contentUrl":"https:\/\/www.picarussailingclub.com\/wp-content\/uploads\/2023\/12\/HOWLIN-DARK-TORTOISE.webp","width":736,"height":736},{"@type":"BreadcrumbList","@id":"https:\/\/www.picarussailingclub.com\/fr\/producto\/howlin-dark-tortoise\/#breadcrumb","itemListElement":[{"@type":"ListItem","position":1,"name":"Portada","item":"https:\/\/www.picarussailingclub.com\/fr\/"},{"@type":"ListItem","position":2,"name":"Boutique","item":"https:\/\/www.picarussailingclub.com\/fr\/boutique\/"},{"@type":"ListItem","position":3,"name":"Howlin&rsquo; Dark Tortoise"}]},{"@type":"WebSite","@id":"https:\/\/www.picarussailingclub.com\/fr\/#website","url":"https:\/\/www.picarussailingclub.com\/fr\/","name":"Picarus Sailing Club","description":"Excursiones en Barco en Acantilado de los Gigantes","publisher":{"@id":"https:\/\/www.picarussailingclub.com\/fr\/#organization"},"alternateName":"Avistamiento de Cet\u00e1ceos","potentialAction":[{"@type":"SearchAction","target":{"@type":"EntryPoint","urlTemplate":"https:\/\/www.picarussailingclub.com\/fr\/?s={search_term_string}"},"query-input":{"@type":"PropertyValueSpecification","valueRequired":true,"valueName":"search_term_string"}}],"inLanguage":"fr-FR"},{"@type":"Organization","@id":"https:\/\/www.picarussailingclub.com\/fr\/#organization","name":"Picarus Sailing Club","alternateName":"Avistamiento de Cet\u00e1ceos en Tenerife","url":"https:\/\/www.picarussailingclub.com\/fr\/","logo":{"@type":"ImageObject","inLanguage":"fr-FR","@id":"https:\/\/www.picarussailingclub.com\/fr\/#\/schema\/logo\/image\/","url":"https:\/\/avada.picarussailingclub.com\/wp-content\/uploads\/2023\/05\/picarus-696x696-1.png","contentUrl":"https:\/\/avada.picarussailingclub.com\/wp-content\/uploads\/2023\/05\/picarus-696x696-1.png","width":696,"height":696,"caption":"Picarus Sailing Club"},"image":{"@id":"https:\/\/www.picarussailingclub.com\/fr\/#\/schema\/logo\/image\/"},"sameAs":["https:\/\/www.facebook.com\/picarussailingclub\/","https:\/\/www.instagram.com\/picarus_sailing_club\/"]}]}},"_links":{"self":[{"href":"https:\/\/www.picarussailingclub.com\/fr\/wp-json\/wp\/v2\/product\/3797","targetHints":{"allow":["GET"]}}],"collection":[{"href":"https:\/\/www.picarussailingclub.com\/fr\/wp-json\/wp\/v2\/product"}],"about":[{"href":"https:\/\/www.picarussailingclub.com\/fr\/wp-json\/wp\/v2\/types\/product"}],"wp:featuredmedia":[{"embeddable":true,"href":"https:\/\/www.picarussailingclub.com\/fr\/wp-json\/wp\/v2\/media\/3731"}],"wp:attachment":[{"href":"https:\/\/www.picarussailingclub.com\/fr\/wp-json\/wp\/v2\/media?parent=3797"}],"wp:term":[{"taxonomy":"product_brand","embeddable":true,"href":"https:\/\/www.picarussailingclub.com\/fr\/wp-json\/wp\/v2\/product_brand?post=3797"},{"taxonomy":"product_cat","embeddable":true,"href":"https:\/\/www.picarussailingclub.com\/fr\/wp-json\/wp\/v2\/product_cat?post=3797"},{"taxonomy":"product_tag","embeddable":true,"href":"https:\/\/www.picarussailingclub.com\/fr\/wp-json\/wp\/v2\/product_tag?post=3797"}],"curies":[{"name":"wp","href":"https:\/\/api.w.org\/{rel}","templated":true}]}}