{"id":3799,"date":"2023-12-29T06:55:16","date_gmt":"2023-12-29T05:55:16","guid":{"rendered":"https:\/\/www.picarussailingclub.com\/producto\/fresh-water-revivals\/"},"modified":"2023-12-29T06:55:16","modified_gmt":"2023-12-29T05:55:16","slug":"fresh-water-revivals","status":"publish","type":"product","link":"https:\/\/www.picarussailingclub.com\/fr\/producto\/fresh-water-revivals\/","title":{"rendered":"Fresh water Revivals"},"content":{"rendered":"<p>Les Fresh Water Revivals sont \u00e9quip\u00e9es des meilleures optiques polaris\u00e9es du march\u00e9 V52\u00ae. Les verres teint\u00e9s marron am\u00e9liorent la perception de la profondeur et renforcent les contrastes, ce qui les rend id\u00e9aux pour la vision et la p\u00eache c\u00f4ti\u00e8re ou dans des environnements \u00e0 luminosit\u00e9 variable. La structure durable est constitu\u00e9e de filets de p\u00eache recycl\u00e9s, fusionn\u00e9s dans un nylon polyamide tr\u00e8s r\u00e9sistant et durable. Parmi les autres caract\u00e9ristiques, citons un rev\u00eatement anti-rayures, ol\u00e9ophobe et hydrofuge, ainsi qu&rsquo;une plaquette nasale en caoutchouc. Ils sont prot\u00e9g\u00e9s dans un \u00e9tui fonctionnel avec un crochet de fixation et des sangles de ceinture.<\/p>\n","protected":false},"excerpt":{"rendered":"<p>Les Fresh Water Revivals sont \u00e9quip\u00e9es des meilleures optiques polaris\u00e9es du march\u00e9 V52\u00ae. Les verres teint\u00e9s marron am\u00e9liorent la perception de la profondeur et renforcent les contrastes, ce qui les rend id\u00e9aux pour la vision et la p\u00eache c\u00f4ti\u00e8re ou dans des environnements \u00e0 luminosit\u00e9 variable. La structure durable est constitu\u00e9e de filets de p\u00eache recycl\u00e9s, fusionn\u00e9s dans un nylon polyamide tr\u00e8s r\u00e9sistant et durable. Parmi les autres caract\u00e9ristiques, citons un rev\u00eatement anti-rayures, ol\u00e9ophobe et hydrofuge, ainsi qu&rsquo;une plaquette nasale en caoutchouc. Ils sont prot\u00e9g\u00e9s dans un \u00e9tui fonctionnel avec un crochet de fixation et des sangles de ceinture.<\/p>\n","protected":false},"featured_media":3728,"template":"","meta":[],"product_brand":[],"product_cat":[96],"product_tag":[],"class_list":{"0":"post-3799","1":"product","2":"type-product","3":"status-publish","4":"has-post-thumbnail","6":"product_cat-lunettes","8":"first","9":"instock","10":"taxable","11":"shipping-taxable","12":"purchasable","13":"product-type-simple"},"yoast_head":"<!-- This site is optimized with the Yoast SEO plugin v27.4 - https:\/\/yoast.com\/product\/yoast-seo-wordpress\/ -->\n<title>Lunettes Vallon Fresh Water Revivals - PICARUS SAILING CLUB<\/title>\n<meta name=\"description\" content=\"Les Fresh Water Revivals sont \u00e9quip\u00e9es des meilleures optiques polaris\u00e9es du march\u00e9 V52\u00ae.\" \/>\n<meta name=\"robots\" content=\"index, follow, max-snippet:-1, max-image-preview:large, max-video-preview:-1\" \/>\n<link rel=\"canonical\" href=\"https:\/\/www.picarussailingclub.com\/fr\/producto\/fresh-water-revivals\/\" \/>\n<meta property=\"og:locale\" content=\"fr_FR\" \/>\n<meta property=\"og:type\" content=\"article\" \/>\n<meta property=\"og:title\" content=\"Lunettes Vallon Fresh Water Revivals - PICARUS SAILING CLUB\" \/>\n<meta property=\"og:description\" content=\"Les Fresh Water Revivals sont \u00e9quip\u00e9es des meilleures optiques polaris\u00e9es du march\u00e9 V52\u00ae.\" \/>\n<meta property=\"og:url\" content=\"https:\/\/www.picarussailingclub.com\/fr\/producto\/fresh-water-revivals\/\" \/>\n<meta property=\"og:site_name\" content=\"PICARUS SAILING CLUB\" \/>\n<meta property=\"article:publisher\" content=\"https:\/\/www.facebook.com\/picarussailingclub\/\" \/>\n<meta property=\"og:image\" content=\"https:\/\/www.picarussailingclub.com\/wp-content\/uploads\/2023\/12\/FRESH-WATER-REVIVALS-GREEN.webp\" \/>\n\t<meta property=\"og:image:width\" content=\"736\" \/>\n\t<meta property=\"og:image:height\" content=\"736\" \/>\n\t<meta property=\"og:image:type\" content=\"image\/webp\" \/>\n<meta name=\"twitter:card\" content=\"summary_large_image\" \/>\n<script type=\"application\/ld+json\" class=\"yoast-schema-graph\">{\"@context\":\"https:\\\/\\\/schema.org\",\"@graph\":[{\"@type\":\"WebPage\",\"@id\":\"https:\\\/\\\/www.picarussailingclub.com\\\/fr\\\/producto\\\/fresh-water-revivals\\\/\",\"url\":\"https:\\\/\\\/www.picarussailingclub.com\\\/fr\\\/producto\\\/fresh-water-revivals\\\/\",\"name\":\"Lunettes Vallon Fresh Water Revivals - PICARUS SAILING CLUB\",\"isPartOf\":{\"@id\":\"https:\\\/\\\/www.picarussailingclub.com\\\/fr\\\/#website\"},\"primaryImageOfPage\":{\"@id\":\"https:\\\/\\\/www.picarussailingclub.com\\\/fr\\\/producto\\\/fresh-water-revivals\\\/#primaryimage\"},\"image\":{\"@id\":\"https:\\\/\\\/www.picarussailingclub.com\\\/fr\\\/producto\\\/fresh-water-revivals\\\/#primaryimage\"},\"thumbnailUrl\":\"https:\\\/\\\/www.picarussailingclub.com\\\/wp-content\\\/uploads\\\/2023\\\/12\\\/FRESH-WATER-REVIVALS-GREEN.webp\",\"datePublished\":\"2023-12-29T05:55:16+00:00\",\"description\":\"Les Fresh Water Revivals sont \u00e9quip\u00e9es des meilleures optiques polaris\u00e9es du march\u00e9 V52\u00ae.\",\"breadcrumb\":{\"@id\":\"https:\\\/\\\/www.picarussailingclub.com\\\/fr\\\/producto\\\/fresh-water-revivals\\\/#breadcrumb\"},\"inLanguage\":\"fr-FR\",\"potentialAction\":[{\"@type\":\"ReadAction\",\"target\":[\"https:\\\/\\\/www.picarussailingclub.com\\\/fr\\\/producto\\\/fresh-water-revivals\\\/\"]}]},{\"@type\":\"ImageObject\",\"inLanguage\":\"fr-FR\",\"@id\":\"https:\\\/\\\/www.picarussailingclub.com\\\/fr\\\/producto\\\/fresh-water-revivals\\\/#primaryimage\",\"url\":\"https:\\\/\\\/www.picarussailingclub.com\\\/wp-content\\\/uploads\\\/2023\\\/12\\\/FRESH-WATER-REVIVALS-GREEN.webp\",\"contentUrl\":\"https:\\\/\\\/www.picarussailingclub.com\\\/wp-content\\\/uploads\\\/2023\\\/12\\\/FRESH-WATER-REVIVALS-GREEN.webp\",\"width\":736,\"height\":736},{\"@type\":\"BreadcrumbList\",\"@id\":\"https:\\\/\\\/www.picarussailingclub.com\\\/fr\\\/producto\\\/fresh-water-revivals\\\/#breadcrumb\",\"itemListElement\":[{\"@type\":\"ListItem\",\"position\":1,\"name\":\"Portada\",\"item\":\"https:\\\/\\\/www.picarussailingclub.com\\\/fr\\\/\"},{\"@type\":\"ListItem\",\"position\":2,\"name\":\"Boutique\",\"item\":\"https:\\\/\\\/www.picarussailingclub.com\\\/fr\\\/boutique\\\/\"},{\"@type\":\"ListItem\",\"position\":3,\"name\":\"Fresh water Revivals\"}]},{\"@type\":\"WebSite\",\"@id\":\"https:\\\/\\\/www.picarussailingclub.com\\\/fr\\\/#website\",\"url\":\"https:\\\/\\\/www.picarussailingclub.com\\\/fr\\\/\",\"name\":\"Picarus Sailing Club\",\"description\":\"Excursiones en Barco en Acantilado de los Gigantes\",\"publisher\":{\"@id\":\"https:\\\/\\\/www.picarussailingclub.com\\\/fr\\\/#organization\"},\"alternateName\":\"Avistamiento de Cet\u00e1ceos\",\"potentialAction\":[{\"@type\":\"SearchAction\",\"target\":{\"@type\":\"EntryPoint\",\"urlTemplate\":\"https:\\\/\\\/www.picarussailingclub.com\\\/fr\\\/?s={search_term_string}\"},\"query-input\":{\"@type\":\"PropertyValueSpecification\",\"valueRequired\":true,\"valueName\":\"search_term_string\"}}],\"inLanguage\":\"fr-FR\"},{\"@type\":\"Organization\",\"@id\":\"https:\\\/\\\/www.picarussailingclub.com\\\/fr\\\/#organization\",\"name\":\"Picarus Sailing Club\",\"alternateName\":\"Avistamiento de Cet\u00e1ceos en Tenerife\",\"url\":\"https:\\\/\\\/www.picarussailingclub.com\\\/fr\\\/\",\"logo\":{\"@type\":\"ImageObject\",\"inLanguage\":\"fr-FR\",\"@id\":\"https:\\\/\\\/www.picarussailingclub.com\\\/fr\\\/#\\\/schema\\\/logo\\\/image\\\/\",\"url\":\"https:\\\/\\\/avada.picarussailingclub.com\\\/wp-content\\\/uploads\\\/2023\\\/05\\\/picarus-696x696-1.png\",\"contentUrl\":\"https:\\\/\\\/avada.picarussailingclub.com\\\/wp-content\\\/uploads\\\/2023\\\/05\\\/picarus-696x696-1.png\",\"width\":696,\"height\":696,\"caption\":\"Picarus Sailing Club\"},\"image\":{\"@id\":\"https:\\\/\\\/www.picarussailingclub.com\\\/fr\\\/#\\\/schema\\\/logo\\\/image\\\/\"},\"sameAs\":[\"https:\\\/\\\/www.facebook.com\\\/picarussailingclub\\\/\",\"https:\\\/\\\/www.instagram.com\\\/picarus_sailing_club\\\/\"]}]}<\/script>\n<!-- \/ Yoast SEO plugin. -->","yoast_head_json":{"title":"Lunettes Vallon Fresh Water Revivals - PICARUS SAILING CLUB","description":"Les Fresh Water Revivals sont \u00e9quip\u00e9es des meilleures optiques polaris\u00e9es du march\u00e9 V52\u00ae.","robots":{"index":"index","follow":"follow","max-snippet":"max-snippet:-1","max-image-preview":"max-image-preview:large","max-video-preview":"max-video-preview:-1"},"canonical":"https:\/\/www.picarussailingclub.com\/fr\/producto\/fresh-water-revivals\/","og_locale":"fr_FR","og_type":"article","og_title":"Lunettes Vallon Fresh Water Revivals - PICARUS SAILING CLUB","og_description":"Les Fresh Water Revivals sont \u00e9quip\u00e9es des meilleures optiques polaris\u00e9es du march\u00e9 V52\u00ae.","og_url":"https:\/\/www.picarussailingclub.com\/fr\/producto\/fresh-water-revivals\/","og_site_name":"PICARUS SAILING CLUB","article_publisher":"https:\/\/www.facebook.com\/picarussailingclub\/","og_image":[{"width":736,"height":736,"url":"https:\/\/www.picarussailingclub.com\/wp-content\/uploads\/2023\/12\/FRESH-WATER-REVIVALS-GREEN.webp","type":"image\/webp"}],"twitter_card":"summary_large_image","schema":{"@context":"https:\/\/schema.org","@graph":[{"@type":"WebPage","@id":"https:\/\/www.picarussailingclub.com\/fr\/producto\/fresh-water-revivals\/","url":"https:\/\/www.picarussailingclub.com\/fr\/producto\/fresh-water-revivals\/","name":"Lunettes Vallon Fresh Water Revivals - PICARUS SAILING CLUB","isPartOf":{"@id":"https:\/\/www.picarussailingclub.com\/fr\/#website"},"primaryImageOfPage":{"@id":"https:\/\/www.picarussailingclub.com\/fr\/producto\/fresh-water-revivals\/#primaryimage"},"image":{"@id":"https:\/\/www.picarussailingclub.com\/fr\/producto\/fresh-water-revivals\/#primaryimage"},"thumbnailUrl":"https:\/\/www.picarussailingclub.com\/wp-content\/uploads\/2023\/12\/FRESH-WATER-REVIVALS-GREEN.webp","datePublished":"2023-12-29T05:55:16+00:00","description":"Les Fresh Water Revivals sont \u00e9quip\u00e9es des meilleures optiques polaris\u00e9es du march\u00e9 V52\u00ae.","breadcrumb":{"@id":"https:\/\/www.picarussailingclub.com\/fr\/producto\/fresh-water-revivals\/#breadcrumb"},"inLanguage":"fr-FR","potentialAction":[{"@type":"ReadAction","target":["https:\/\/www.picarussailingclub.com\/fr\/producto\/fresh-water-revivals\/"]}]},{"@type":"ImageObject","inLanguage":"fr-FR","@id":"https:\/\/www.picarussailingclub.com\/fr\/producto\/fresh-water-revivals\/#primaryimage","url":"https:\/\/www.picarussailingclub.com\/wp-content\/uploads\/2023\/12\/FRESH-WATER-REVIVALS-GREEN.webp","contentUrl":"https:\/\/www.picarussailingclub.com\/wp-content\/uploads\/2023\/12\/FRESH-WATER-REVIVALS-GREEN.webp","width":736,"height":736},{"@type":"BreadcrumbList","@id":"https:\/\/www.picarussailingclub.com\/fr\/producto\/fresh-water-revivals\/#breadcrumb","itemListElement":[{"@type":"ListItem","position":1,"name":"Portada","item":"https:\/\/www.picarussailingclub.com\/fr\/"},{"@type":"ListItem","position":2,"name":"Boutique","item":"https:\/\/www.picarussailingclub.com\/fr\/boutique\/"},{"@type":"ListItem","position":3,"name":"Fresh water Revivals"}]},{"@type":"WebSite","@id":"https:\/\/www.picarussailingclub.com\/fr\/#website","url":"https:\/\/www.picarussailingclub.com\/fr\/","name":"Picarus Sailing Club","description":"Excursiones en Barco en Acantilado de los Gigantes","publisher":{"@id":"https:\/\/www.picarussailingclub.com\/fr\/#organization"},"alternateName":"Avistamiento de Cet\u00e1ceos","potentialAction":[{"@type":"SearchAction","target":{"@type":"EntryPoint","urlTemplate":"https:\/\/www.picarussailingclub.com\/fr\/?s={search_term_string}"},"query-input":{"@type":"PropertyValueSpecification","valueRequired":true,"valueName":"search_term_string"}}],"inLanguage":"fr-FR"},{"@type":"Organization","@id":"https:\/\/www.picarussailingclub.com\/fr\/#organization","name":"Picarus Sailing Club","alternateName":"Avistamiento de Cet\u00e1ceos en Tenerife","url":"https:\/\/www.picarussailingclub.com\/fr\/","logo":{"@type":"ImageObject","inLanguage":"fr-FR","@id":"https:\/\/www.picarussailingclub.com\/fr\/#\/schema\/logo\/image\/","url":"https:\/\/avada.picarussailingclub.com\/wp-content\/uploads\/2023\/05\/picarus-696x696-1.png","contentUrl":"https:\/\/avada.picarussailingclub.com\/wp-content\/uploads\/2023\/05\/picarus-696x696-1.png","width":696,"height":696,"caption":"Picarus Sailing Club"},"image":{"@id":"https:\/\/www.picarussailingclub.com\/fr\/#\/schema\/logo\/image\/"},"sameAs":["https:\/\/www.facebook.com\/picarussailingclub\/","https:\/\/www.instagram.com\/picarus_sailing_club\/"]}]}},"_links":{"self":[{"href":"https:\/\/www.picarussailingclub.com\/fr\/wp-json\/wp\/v2\/product\/3799","targetHints":{"allow":["GET"]}}],"collection":[{"href":"https:\/\/www.picarussailingclub.com\/fr\/wp-json\/wp\/v2\/product"}],"about":[{"href":"https:\/\/www.picarussailingclub.com\/fr\/wp-json\/wp\/v2\/types\/product"}],"wp:featuredmedia":[{"embeddable":true,"href":"https:\/\/www.picarussailingclub.com\/fr\/wp-json\/wp\/v2\/media\/3728"}],"wp:attachment":[{"href":"https:\/\/www.picarussailingclub.com\/fr\/wp-json\/wp\/v2\/media?parent=3799"}],"wp:term":[{"taxonomy":"product_brand","embeddable":true,"href":"https:\/\/www.picarussailingclub.com\/fr\/wp-json\/wp\/v2\/product_brand?post=3799"},{"taxonomy":"product_cat","embeddable":true,"href":"https:\/\/www.picarussailingclub.com\/fr\/wp-json\/wp\/v2\/product_cat?post=3799"},{"taxonomy":"product_tag","embeddable":true,"href":"https:\/\/www.picarussailingclub.com\/fr\/wp-json\/wp\/v2\/product_tag?post=3799"}],"curies":[{"name":"wp","href":"https:\/\/api.w.org\/{rel}","templated":true}]}}