{"id":3800,"date":"2023-12-29T06:59:20","date_gmt":"2023-12-29T05:59:20","guid":{"rendered":"https:\/\/www.picarussailingclub.com\/producto\/junior-waylons\/"},"modified":"2023-12-29T06:59:20","modified_gmt":"2023-12-29T05:59:20","slug":"junior-waylons","status":"publish","type":"product","link":"https:\/\/www.picarussailingclub.com\/fr\/producto\/junior-waylons\/","title":{"rendered":"Junior Waylons"},"content":{"rendered":"<p>Les lunettes sont fabriqu\u00e9es \u00e0 partir de caoutchouc recycl\u00e9 flexible afin de garantir qu&rsquo;elles puissent r\u00e9sister aux \u00e9preuves des jeunes aventuriers, avec les lunettes Cat. 3 verres polarisants (100 % UV) avec traitement miroir pour une protection et un style maximums.<\/p>\n","protected":false},"excerpt":{"rendered":"<p>Les lunettes sont fabriqu\u00e9es \u00e0 partir de caoutchouc recycl\u00e9 flexible afin de garantir qu&rsquo;elles puissent r\u00e9sister aux \u00e9preuves des jeunes aventuriers, avec les lunettes Cat. 3 verres polarisants (100 % UV) avec traitement miroir pour une protection et un style maximums.<\/p>\n","protected":false},"featured_media":3734,"template":"","meta":[],"product_brand":[],"product_cat":[96],"product_tag":[],"class_list":{"0":"post-3800","1":"product","2":"type-product","3":"status-publish","4":"has-post-thumbnail","6":"product_cat-lunettes","8":"first","9":"instock","10":"taxable","11":"shipping-taxable","12":"purchasable","13":"product-type-variable"},"yoast_head":"<!-- This site is optimized with the Yoast SEO plugin v27.5 - https:\/\/yoast.com\/product\/yoast-seo-wordpress\/ -->\n<title>Lunettes Vallon - Junior Waylon - PICARUS SAILING CLUB<\/title>\n<meta name=\"description\" content=\"Les lunettes sont fabriqu\u00e9es \u00e0 partir de caoutchouc recycl\u00e9 flexible, ce qui leur permet de r\u00e9sister aux \u00e9preuves des plus jeunes aventuriers.\" \/>\n<meta name=\"robots\" content=\"index, follow, max-snippet:-1, max-image-preview:large, max-video-preview:-1\" \/>\n<link rel=\"canonical\" href=\"https:\/\/www.picarussailingclub.com\/fr\/producto\/junior-waylons\/\" \/>\n<meta property=\"og:locale\" content=\"fr_FR\" \/>\n<meta property=\"og:type\" content=\"article\" \/>\n<meta property=\"og:title\" content=\"Lunettes Vallon - Junior Waylon - PICARUS SAILING CLUB\" \/>\n<meta property=\"og:description\" content=\"Les lunettes sont fabriqu\u00e9es \u00e0 partir de caoutchouc recycl\u00e9 flexible, ce qui leur permet de r\u00e9sister aux \u00e9preuves des plus jeunes aventuriers.\" \/>\n<meta property=\"og:url\" content=\"https:\/\/www.picarussailingclub.com\/fr\/producto\/junior-waylons\/\" \/>\n<meta property=\"og:site_name\" content=\"PICARUS SAILING CLUB\" \/>\n<meta property=\"article:publisher\" content=\"https:\/\/www.facebook.com\/picarussailingclub\/\" \/>\n<meta property=\"og:image\" content=\"https:\/\/www.picarussailingclub.com\/wp-content\/uploads\/2023\/12\/JUNIOR-WAYLONS-GREEN.webp\" \/>\n\t<meta property=\"og:image:width\" content=\"736\" \/>\n\t<meta property=\"og:image:height\" content=\"736\" \/>\n\t<meta property=\"og:image:type\" content=\"image\/webp\" \/>\n<meta name=\"twitter:card\" content=\"summary_large_image\" \/>\n<script type=\"application\/ld+json\" class=\"yoast-schema-graph\">{\"@context\":\"https:\\\/\\\/schema.org\",\"@graph\":[{\"@type\":\"WebPage\",\"@id\":\"https:\\\/\\\/www.picarussailingclub.com\\\/fr\\\/producto\\\/junior-waylons\\\/\",\"url\":\"https:\\\/\\\/www.picarussailingclub.com\\\/fr\\\/producto\\\/junior-waylons\\\/\",\"name\":\"Lunettes Vallon - Junior Waylon - PICARUS SAILING CLUB\",\"isPartOf\":{\"@id\":\"https:\\\/\\\/www.picarussailingclub.com\\\/fr\\\/#website\"},\"primaryImageOfPage\":{\"@id\":\"https:\\\/\\\/www.picarussailingclub.com\\\/fr\\\/producto\\\/junior-waylons\\\/#primaryimage\"},\"image\":{\"@id\":\"https:\\\/\\\/www.picarussailingclub.com\\\/fr\\\/producto\\\/junior-waylons\\\/#primaryimage\"},\"thumbnailUrl\":\"https:\\\/\\\/www.picarussailingclub.com\\\/wp-content\\\/uploads\\\/2023\\\/12\\\/JUNIOR-WAYLONS-GREEN.webp\",\"datePublished\":\"2023-12-29T05:59:20+00:00\",\"description\":\"Les lunettes sont fabriqu\u00e9es \u00e0 partir de caoutchouc recycl\u00e9 flexible, ce qui leur permet de r\u00e9sister aux \u00e9preuves des plus jeunes aventuriers.\",\"breadcrumb\":{\"@id\":\"https:\\\/\\\/www.picarussailingclub.com\\\/fr\\\/producto\\\/junior-waylons\\\/#breadcrumb\"},\"inLanguage\":\"fr-FR\",\"potentialAction\":[{\"@type\":\"ReadAction\",\"target\":[\"https:\\\/\\\/www.picarussailingclub.com\\\/fr\\\/producto\\\/junior-waylons\\\/\"]}]},{\"@type\":\"ImageObject\",\"inLanguage\":\"fr-FR\",\"@id\":\"https:\\\/\\\/www.picarussailingclub.com\\\/fr\\\/producto\\\/junior-waylons\\\/#primaryimage\",\"url\":\"https:\\\/\\\/www.picarussailingclub.com\\\/wp-content\\\/uploads\\\/2023\\\/12\\\/JUNIOR-WAYLONS-GREEN.webp\",\"contentUrl\":\"https:\\\/\\\/www.picarussailingclub.com\\\/wp-content\\\/uploads\\\/2023\\\/12\\\/JUNIOR-WAYLONS-GREEN.webp\",\"width\":736,\"height\":736},{\"@type\":\"BreadcrumbList\",\"@id\":\"https:\\\/\\\/www.picarussailingclub.com\\\/fr\\\/producto\\\/junior-waylons\\\/#breadcrumb\",\"itemListElement\":[{\"@type\":\"ListItem\",\"position\":1,\"name\":\"Portada\",\"item\":\"https:\\\/\\\/www.picarussailingclub.com\\\/fr\\\/\"},{\"@type\":\"ListItem\",\"position\":2,\"name\":\"Boutique\",\"item\":\"https:\\\/\\\/www.picarussailingclub.com\\\/fr\\\/boutique\\\/\"},{\"@type\":\"ListItem\",\"position\":3,\"name\":\"Junior Waylons\"}]},{\"@type\":\"WebSite\",\"@id\":\"https:\\\/\\\/www.picarussailingclub.com\\\/fr\\\/#website\",\"url\":\"https:\\\/\\\/www.picarussailingclub.com\\\/fr\\\/\",\"name\":\"Picarus Sailing Club\",\"description\":\"Excursiones en Barco en Acantilado de los Gigantes\",\"publisher\":{\"@id\":\"https:\\\/\\\/www.picarussailingclub.com\\\/fr\\\/#organization\"},\"alternateName\":\"Avistamiento de Cet\u00e1ceos\",\"potentialAction\":[{\"@type\":\"SearchAction\",\"target\":{\"@type\":\"EntryPoint\",\"urlTemplate\":\"https:\\\/\\\/www.picarussailingclub.com\\\/fr\\\/?s={search_term_string}\"},\"query-input\":{\"@type\":\"PropertyValueSpecification\",\"valueRequired\":true,\"valueName\":\"search_term_string\"}}],\"inLanguage\":\"fr-FR\"},{\"@type\":\"Organization\",\"@id\":\"https:\\\/\\\/www.picarussailingclub.com\\\/fr\\\/#organization\",\"name\":\"Picarus Sailing Club\",\"alternateName\":\"Avistamiento de Cet\u00e1ceos en Tenerife\",\"url\":\"https:\\\/\\\/www.picarussailingclub.com\\\/fr\\\/\",\"logo\":{\"@type\":\"ImageObject\",\"inLanguage\":\"fr-FR\",\"@id\":\"https:\\\/\\\/www.picarussailingclub.com\\\/fr\\\/#\\\/schema\\\/logo\\\/image\\\/\",\"url\":\"https:\\\/\\\/avada.picarussailingclub.com\\\/wp-content\\\/uploads\\\/2023\\\/05\\\/picarus-696x696-1.png\",\"contentUrl\":\"https:\\\/\\\/avada.picarussailingclub.com\\\/wp-content\\\/uploads\\\/2023\\\/05\\\/picarus-696x696-1.png\",\"width\":696,\"height\":696,\"caption\":\"Picarus Sailing Club\"},\"image\":{\"@id\":\"https:\\\/\\\/www.picarussailingclub.com\\\/fr\\\/#\\\/schema\\\/logo\\\/image\\\/\"},\"sameAs\":[\"https:\\\/\\\/www.facebook.com\\\/picarussailingclub\\\/\",\"https:\\\/\\\/www.instagram.com\\\/picarus_sailing_club\\\/\"]}]}<\/script>\n<!-- \/ Yoast SEO plugin. -->","yoast_head_json":{"title":"Lunettes Vallon - Junior Waylon - PICARUS SAILING CLUB","description":"Les lunettes sont fabriqu\u00e9es \u00e0 partir de caoutchouc recycl\u00e9 flexible, ce qui leur permet de r\u00e9sister aux \u00e9preuves des plus jeunes aventuriers.","robots":{"index":"index","follow":"follow","max-snippet":"max-snippet:-1","max-image-preview":"max-image-preview:large","max-video-preview":"max-video-preview:-1"},"canonical":"https:\/\/www.picarussailingclub.com\/fr\/producto\/junior-waylons\/","og_locale":"fr_FR","og_type":"article","og_title":"Lunettes Vallon - Junior Waylon - PICARUS SAILING CLUB","og_description":"Les lunettes sont fabriqu\u00e9es \u00e0 partir de caoutchouc recycl\u00e9 flexible, ce qui leur permet de r\u00e9sister aux \u00e9preuves des plus jeunes aventuriers.","og_url":"https:\/\/www.picarussailingclub.com\/fr\/producto\/junior-waylons\/","og_site_name":"PICARUS SAILING CLUB","article_publisher":"https:\/\/www.facebook.com\/picarussailingclub\/","og_image":[{"width":736,"height":736,"url":"https:\/\/www.picarussailingclub.com\/wp-content\/uploads\/2023\/12\/JUNIOR-WAYLONS-GREEN.webp","type":"image\/webp"}],"twitter_card":"summary_large_image","schema":{"@context":"https:\/\/schema.org","@graph":[{"@type":"WebPage","@id":"https:\/\/www.picarussailingclub.com\/fr\/producto\/junior-waylons\/","url":"https:\/\/www.picarussailingclub.com\/fr\/producto\/junior-waylons\/","name":"Lunettes Vallon - Junior Waylon - PICARUS SAILING CLUB","isPartOf":{"@id":"https:\/\/www.picarussailingclub.com\/fr\/#website"},"primaryImageOfPage":{"@id":"https:\/\/www.picarussailingclub.com\/fr\/producto\/junior-waylons\/#primaryimage"},"image":{"@id":"https:\/\/www.picarussailingclub.com\/fr\/producto\/junior-waylons\/#primaryimage"},"thumbnailUrl":"https:\/\/www.picarussailingclub.com\/wp-content\/uploads\/2023\/12\/JUNIOR-WAYLONS-GREEN.webp","datePublished":"2023-12-29T05:59:20+00:00","description":"Les lunettes sont fabriqu\u00e9es \u00e0 partir de caoutchouc recycl\u00e9 flexible, ce qui leur permet de r\u00e9sister aux \u00e9preuves des plus jeunes aventuriers.","breadcrumb":{"@id":"https:\/\/www.picarussailingclub.com\/fr\/producto\/junior-waylons\/#breadcrumb"},"inLanguage":"fr-FR","potentialAction":[{"@type":"ReadAction","target":["https:\/\/www.picarussailingclub.com\/fr\/producto\/junior-waylons\/"]}]},{"@type":"ImageObject","inLanguage":"fr-FR","@id":"https:\/\/www.picarussailingclub.com\/fr\/producto\/junior-waylons\/#primaryimage","url":"https:\/\/www.picarussailingclub.com\/wp-content\/uploads\/2023\/12\/JUNIOR-WAYLONS-GREEN.webp","contentUrl":"https:\/\/www.picarussailingclub.com\/wp-content\/uploads\/2023\/12\/JUNIOR-WAYLONS-GREEN.webp","width":736,"height":736},{"@type":"BreadcrumbList","@id":"https:\/\/www.picarussailingclub.com\/fr\/producto\/junior-waylons\/#breadcrumb","itemListElement":[{"@type":"ListItem","position":1,"name":"Portada","item":"https:\/\/www.picarussailingclub.com\/fr\/"},{"@type":"ListItem","position":2,"name":"Boutique","item":"https:\/\/www.picarussailingclub.com\/fr\/boutique\/"},{"@type":"ListItem","position":3,"name":"Junior Waylons"}]},{"@type":"WebSite","@id":"https:\/\/www.picarussailingclub.com\/fr\/#website","url":"https:\/\/www.picarussailingclub.com\/fr\/","name":"Picarus Sailing Club","description":"Excursiones en Barco en Acantilado de los Gigantes","publisher":{"@id":"https:\/\/www.picarussailingclub.com\/fr\/#organization"},"alternateName":"Avistamiento de Cet\u00e1ceos","potentialAction":[{"@type":"SearchAction","target":{"@type":"EntryPoint","urlTemplate":"https:\/\/www.picarussailingclub.com\/fr\/?s={search_term_string}"},"query-input":{"@type":"PropertyValueSpecification","valueRequired":true,"valueName":"search_term_string"}}],"inLanguage":"fr-FR"},{"@type":"Organization","@id":"https:\/\/www.picarussailingclub.com\/fr\/#organization","name":"Picarus Sailing Club","alternateName":"Avistamiento de Cet\u00e1ceos en Tenerife","url":"https:\/\/www.picarussailingclub.com\/fr\/","logo":{"@type":"ImageObject","inLanguage":"fr-FR","@id":"https:\/\/www.picarussailingclub.com\/fr\/#\/schema\/logo\/image\/","url":"https:\/\/avada.picarussailingclub.com\/wp-content\/uploads\/2023\/05\/picarus-696x696-1.png","contentUrl":"https:\/\/avada.picarussailingclub.com\/wp-content\/uploads\/2023\/05\/picarus-696x696-1.png","width":696,"height":696,"caption":"Picarus Sailing Club"},"image":{"@id":"https:\/\/www.picarussailingclub.com\/fr\/#\/schema\/logo\/image\/"},"sameAs":["https:\/\/www.facebook.com\/picarussailingclub\/","https:\/\/www.instagram.com\/picarus_sailing_club\/"]}]}},"_links":{"self":[{"href":"https:\/\/www.picarussailingclub.com\/fr\/wp-json\/wp\/v2\/product\/3800","targetHints":{"allow":["GET"]}}],"collection":[{"href":"https:\/\/www.picarussailingclub.com\/fr\/wp-json\/wp\/v2\/product"}],"about":[{"href":"https:\/\/www.picarussailingclub.com\/fr\/wp-json\/wp\/v2\/types\/product"}],"wp:featuredmedia":[{"embeddable":true,"href":"https:\/\/www.picarussailingclub.com\/fr\/wp-json\/wp\/v2\/media\/3734"}],"wp:attachment":[{"href":"https:\/\/www.picarussailingclub.com\/fr\/wp-json\/wp\/v2\/media?parent=3800"}],"wp:term":[{"taxonomy":"product_brand","embeddable":true,"href":"https:\/\/www.picarussailingclub.com\/fr\/wp-json\/wp\/v2\/product_brand?post=3800"},{"taxonomy":"product_cat","embeddable":true,"href":"https:\/\/www.picarussailingclub.com\/fr\/wp-json\/wp\/v2\/product_cat?post=3800"},{"taxonomy":"product_tag","embeddable":true,"href":"https:\/\/www.picarussailingclub.com\/fr\/wp-json\/wp\/v2\/product_tag?post=3800"}],"curies":[{"name":"wp","href":"https:\/\/api.w.org\/{rel}","templated":true}]}}