{"id":3872,"date":"2023-12-07T08:02:20","date_gmt":"2023-12-07T07:02:20","guid":{"rendered":"https:\/\/www.picarussailingclub.com\/producto\/t-shirt-proa\/"},"modified":"2023-12-07T08:02:20","modified_gmt":"2023-12-07T07:02:20","slug":"t-shirt-proa","status":"publish","type":"product","link":"https:\/\/www.picarussailingclub.com\/fr\/producto\/t-shirt-proa\/","title":{"rendered":"T-shirt PROA"},"content":{"rendered":"<p>T-shirt en coton issu de plantations biologiques et encres biod\u00e9gradables \u00e0 base d&rsquo;eau pour la s\u00e9rigraphie, exemptes de solvants et autres composants toxiques ou m\u00e9taux lourds.<\/p>\n<p>En optant pour des mati\u00e8res premi\u00e8res durables et respectueuses de l&rsquo;environnement, nous proposons non seulement des produits moins nocifs pour la sant\u00e9, mais aussi plus respectueux de l&rsquo;environnement.<\/p>\n","protected":false},"excerpt":{"rendered":"<p>T-shirt en coton issu de plantations biologiques et encres biod\u00e9gradables \u00e0 base d&rsquo;eau pour la s\u00e9rigraphie, exemptes de solvants et autres composants toxiques ou m\u00e9taux lourds.<\/p>\n<p>En optant pour des mati\u00e8res premi\u00e8res durables et respectueuses de l&rsquo;environnement, nous proposons non seulement des produits moins nocifs pour la sant\u00e9, mais aussi plus respectueux de l&rsquo;environnement.<\/p>\n","protected":false},"featured_media":3838,"template":"","meta":[],"product_brand":[],"product_cat":[98],"product_tag":[],"class_list":{"0":"post-3872","1":"product","2":"type-product","3":"status-publish","4":"has-post-thumbnail","6":"product_cat-textile-fr","8":"first","9":"instock","10":"taxable","11":"shipping-taxable","12":"purchasable","13":"product-type-variable"},"yoast_head":"<!-- This site is optimized with the Yoast SEO plugin v27.5 - https:\/\/yoast.com\/product\/yoast-seo-wordpress\/ -->\n<title>T-shirt PROA - PICARUS SAILING CLUB<\/title>\n<meta name=\"robots\" content=\"index, follow, max-snippet:-1, max-image-preview:large, max-video-preview:-1\" \/>\n<link rel=\"canonical\" href=\"https:\/\/www.picarussailingclub.com\/fr\/producto\/t-shirt-proa\/\" \/>\n<meta property=\"og:locale\" content=\"fr_FR\" \/>\n<meta property=\"og:type\" content=\"article\" \/>\n<meta property=\"og:title\" content=\"T-shirt PROA - PICARUS SAILING CLUB\" \/>\n<meta property=\"og:description\" content=\"T-shirt en coton issu de plantations biologiques et encres biod\u00e9gradables \u00e0 base d&#039;eau pour la s\u00e9rigraphie, exemptes de solvants et autres composants toxiques ou m\u00e9taux lourds. En optant pour des mati\u00e8res premi\u00e8res durables et respectueuses de l&#039;environnement, nous proposons non seulement des produits moins nocifs pour la sant\u00e9, mais aussi plus respectueux de l&#039;environnement.\" \/>\n<meta property=\"og:url\" content=\"https:\/\/www.picarussailingclub.com\/fr\/producto\/t-shirt-proa\/\" \/>\n<meta property=\"og:site_name\" content=\"PICARUS SAILING CLUB\" \/>\n<meta property=\"article:publisher\" content=\"https:\/\/www.facebook.com\/picarussailingclub\/\" \/>\n<meta property=\"og:image\" content=\"https:\/\/www.picarussailingclub.com\/wp-content\/uploads\/2023\/12\/camiseta-PROA-azul-oscuro.webp\" \/>\n\t<meta property=\"og:image:width\" content=\"736\" \/>\n\t<meta property=\"og:image:height\" content=\"736\" \/>\n\t<meta property=\"og:image:type\" content=\"image\/webp\" \/>\n<meta name=\"twitter:card\" content=\"summary_large_image\" \/>\n<script type=\"application\/ld+json\" class=\"yoast-schema-graph\">{\"@context\":\"https:\\\/\\\/schema.org\",\"@graph\":[{\"@type\":\"WebPage\",\"@id\":\"https:\\\/\\\/www.picarussailingclub.com\\\/fr\\\/producto\\\/t-shirt-proa\\\/\",\"url\":\"https:\\\/\\\/www.picarussailingclub.com\\\/fr\\\/producto\\\/t-shirt-proa\\\/\",\"name\":\"T-shirt PROA - PICARUS SAILING CLUB\",\"isPartOf\":{\"@id\":\"https:\\\/\\\/www.picarussailingclub.com\\\/fr\\\/#website\"},\"primaryImageOfPage\":{\"@id\":\"https:\\\/\\\/www.picarussailingclub.com\\\/fr\\\/producto\\\/t-shirt-proa\\\/#primaryimage\"},\"image\":{\"@id\":\"https:\\\/\\\/www.picarussailingclub.com\\\/fr\\\/producto\\\/t-shirt-proa\\\/#primaryimage\"},\"thumbnailUrl\":\"https:\\\/\\\/www.picarussailingclub.com\\\/wp-content\\\/uploads\\\/2023\\\/12\\\/camiseta-PROA-azul-oscuro.webp\",\"datePublished\":\"2023-12-07T07:02:20+00:00\",\"breadcrumb\":{\"@id\":\"https:\\\/\\\/www.picarussailingclub.com\\\/fr\\\/producto\\\/t-shirt-proa\\\/#breadcrumb\"},\"inLanguage\":\"fr-FR\",\"potentialAction\":[{\"@type\":\"ReadAction\",\"target\":[\"https:\\\/\\\/www.picarussailingclub.com\\\/fr\\\/producto\\\/t-shirt-proa\\\/\"]}]},{\"@type\":\"ImageObject\",\"inLanguage\":\"fr-FR\",\"@id\":\"https:\\\/\\\/www.picarussailingclub.com\\\/fr\\\/producto\\\/t-shirt-proa\\\/#primaryimage\",\"url\":\"https:\\\/\\\/www.picarussailingclub.com\\\/wp-content\\\/uploads\\\/2023\\\/12\\\/camiseta-PROA-azul-oscuro.webp\",\"contentUrl\":\"https:\\\/\\\/www.picarussailingclub.com\\\/wp-content\\\/uploads\\\/2023\\\/12\\\/camiseta-PROA-azul-oscuro.webp\",\"width\":736,\"height\":736},{\"@type\":\"BreadcrumbList\",\"@id\":\"https:\\\/\\\/www.picarussailingclub.com\\\/fr\\\/producto\\\/t-shirt-proa\\\/#breadcrumb\",\"itemListElement\":[{\"@type\":\"ListItem\",\"position\":1,\"name\":\"Portada\",\"item\":\"https:\\\/\\\/www.picarussailingclub.com\\\/fr\\\/\"},{\"@type\":\"ListItem\",\"position\":2,\"name\":\"Boutique\",\"item\":\"https:\\\/\\\/www.picarussailingclub.com\\\/fr\\\/boutique\\\/\"},{\"@type\":\"ListItem\",\"position\":3,\"name\":\"T-shirt PROA\"}]},{\"@type\":\"WebSite\",\"@id\":\"https:\\\/\\\/www.picarussailingclub.com\\\/fr\\\/#website\",\"url\":\"https:\\\/\\\/www.picarussailingclub.com\\\/fr\\\/\",\"name\":\"Picarus Sailing Club\",\"description\":\"Excursiones en Barco en Acantilado de los Gigantes\",\"publisher\":{\"@id\":\"https:\\\/\\\/www.picarussailingclub.com\\\/fr\\\/#organization\"},\"alternateName\":\"Avistamiento de Cet\u00e1ceos\",\"potentialAction\":[{\"@type\":\"SearchAction\",\"target\":{\"@type\":\"EntryPoint\",\"urlTemplate\":\"https:\\\/\\\/www.picarussailingclub.com\\\/fr\\\/?s={search_term_string}\"},\"query-input\":{\"@type\":\"PropertyValueSpecification\",\"valueRequired\":true,\"valueName\":\"search_term_string\"}}],\"inLanguage\":\"fr-FR\"},{\"@type\":\"Organization\",\"@id\":\"https:\\\/\\\/www.picarussailingclub.com\\\/fr\\\/#organization\",\"name\":\"Picarus Sailing Club\",\"alternateName\":\"Avistamiento de Cet\u00e1ceos en Tenerife\",\"url\":\"https:\\\/\\\/www.picarussailingclub.com\\\/fr\\\/\",\"logo\":{\"@type\":\"ImageObject\",\"inLanguage\":\"fr-FR\",\"@id\":\"https:\\\/\\\/www.picarussailingclub.com\\\/fr\\\/#\\\/schema\\\/logo\\\/image\\\/\",\"url\":\"https:\\\/\\\/avada.picarussailingclub.com\\\/wp-content\\\/uploads\\\/2023\\\/05\\\/picarus-696x696-1.png\",\"contentUrl\":\"https:\\\/\\\/avada.picarussailingclub.com\\\/wp-content\\\/uploads\\\/2023\\\/05\\\/picarus-696x696-1.png\",\"width\":696,\"height\":696,\"caption\":\"Picarus Sailing Club\"},\"image\":{\"@id\":\"https:\\\/\\\/www.picarussailingclub.com\\\/fr\\\/#\\\/schema\\\/logo\\\/image\\\/\"},\"sameAs\":[\"https:\\\/\\\/www.facebook.com\\\/picarussailingclub\\\/\",\"https:\\\/\\\/www.instagram.com\\\/picarus_sailing_club\\\/\"]}]}<\/script>\n<!-- \/ Yoast SEO plugin. -->","yoast_head_json":{"title":"T-shirt PROA - PICARUS SAILING CLUB","robots":{"index":"index","follow":"follow","max-snippet":"max-snippet:-1","max-image-preview":"max-image-preview:large","max-video-preview":"max-video-preview:-1"},"canonical":"https:\/\/www.picarussailingclub.com\/fr\/producto\/t-shirt-proa\/","og_locale":"fr_FR","og_type":"article","og_title":"T-shirt PROA - PICARUS SAILING CLUB","og_description":"T-shirt en coton issu de plantations biologiques et encres biod\u00e9gradables \u00e0 base d'eau pour la s\u00e9rigraphie, exemptes de solvants et autres composants toxiques ou m\u00e9taux lourds. En optant pour des mati\u00e8res premi\u00e8res durables et respectueuses de l'environnement, nous proposons non seulement des produits moins nocifs pour la sant\u00e9, mais aussi plus respectueux de l'environnement.","og_url":"https:\/\/www.picarussailingclub.com\/fr\/producto\/t-shirt-proa\/","og_site_name":"PICARUS SAILING CLUB","article_publisher":"https:\/\/www.facebook.com\/picarussailingclub\/","og_image":[{"width":736,"height":736,"url":"https:\/\/www.picarussailingclub.com\/wp-content\/uploads\/2023\/12\/camiseta-PROA-azul-oscuro.webp","type":"image\/webp"}],"twitter_card":"summary_large_image","schema":{"@context":"https:\/\/schema.org","@graph":[{"@type":"WebPage","@id":"https:\/\/www.picarussailingclub.com\/fr\/producto\/t-shirt-proa\/","url":"https:\/\/www.picarussailingclub.com\/fr\/producto\/t-shirt-proa\/","name":"T-shirt PROA - PICARUS SAILING CLUB","isPartOf":{"@id":"https:\/\/www.picarussailingclub.com\/fr\/#website"},"primaryImageOfPage":{"@id":"https:\/\/www.picarussailingclub.com\/fr\/producto\/t-shirt-proa\/#primaryimage"},"image":{"@id":"https:\/\/www.picarussailingclub.com\/fr\/producto\/t-shirt-proa\/#primaryimage"},"thumbnailUrl":"https:\/\/www.picarussailingclub.com\/wp-content\/uploads\/2023\/12\/camiseta-PROA-azul-oscuro.webp","datePublished":"2023-12-07T07:02:20+00:00","breadcrumb":{"@id":"https:\/\/www.picarussailingclub.com\/fr\/producto\/t-shirt-proa\/#breadcrumb"},"inLanguage":"fr-FR","potentialAction":[{"@type":"ReadAction","target":["https:\/\/www.picarussailingclub.com\/fr\/producto\/t-shirt-proa\/"]}]},{"@type":"ImageObject","inLanguage":"fr-FR","@id":"https:\/\/www.picarussailingclub.com\/fr\/producto\/t-shirt-proa\/#primaryimage","url":"https:\/\/www.picarussailingclub.com\/wp-content\/uploads\/2023\/12\/camiseta-PROA-azul-oscuro.webp","contentUrl":"https:\/\/www.picarussailingclub.com\/wp-content\/uploads\/2023\/12\/camiseta-PROA-azul-oscuro.webp","width":736,"height":736},{"@type":"BreadcrumbList","@id":"https:\/\/www.picarussailingclub.com\/fr\/producto\/t-shirt-proa\/#breadcrumb","itemListElement":[{"@type":"ListItem","position":1,"name":"Portada","item":"https:\/\/www.picarussailingclub.com\/fr\/"},{"@type":"ListItem","position":2,"name":"Boutique","item":"https:\/\/www.picarussailingclub.com\/fr\/boutique\/"},{"@type":"ListItem","position":3,"name":"T-shirt PROA"}]},{"@type":"WebSite","@id":"https:\/\/www.picarussailingclub.com\/fr\/#website","url":"https:\/\/www.picarussailingclub.com\/fr\/","name":"Picarus Sailing Club","description":"Excursiones en Barco en Acantilado de los Gigantes","publisher":{"@id":"https:\/\/www.picarussailingclub.com\/fr\/#organization"},"alternateName":"Avistamiento de Cet\u00e1ceos","potentialAction":[{"@type":"SearchAction","target":{"@type":"EntryPoint","urlTemplate":"https:\/\/www.picarussailingclub.com\/fr\/?s={search_term_string}"},"query-input":{"@type":"PropertyValueSpecification","valueRequired":true,"valueName":"search_term_string"}}],"inLanguage":"fr-FR"},{"@type":"Organization","@id":"https:\/\/www.picarussailingclub.com\/fr\/#organization","name":"Picarus Sailing Club","alternateName":"Avistamiento de Cet\u00e1ceos en Tenerife","url":"https:\/\/www.picarussailingclub.com\/fr\/","logo":{"@type":"ImageObject","inLanguage":"fr-FR","@id":"https:\/\/www.picarussailingclub.com\/fr\/#\/schema\/logo\/image\/","url":"https:\/\/avada.picarussailingclub.com\/wp-content\/uploads\/2023\/05\/picarus-696x696-1.png","contentUrl":"https:\/\/avada.picarussailingclub.com\/wp-content\/uploads\/2023\/05\/picarus-696x696-1.png","width":696,"height":696,"caption":"Picarus Sailing Club"},"image":{"@id":"https:\/\/www.picarussailingclub.com\/fr\/#\/schema\/logo\/image\/"},"sameAs":["https:\/\/www.facebook.com\/picarussailingclub\/","https:\/\/www.instagram.com\/picarus_sailing_club\/"]}]}},"_links":{"self":[{"href":"https:\/\/www.picarussailingclub.com\/fr\/wp-json\/wp\/v2\/product\/3872","targetHints":{"allow":["GET"]}}],"collection":[{"href":"https:\/\/www.picarussailingclub.com\/fr\/wp-json\/wp\/v2\/product"}],"about":[{"href":"https:\/\/www.picarussailingclub.com\/fr\/wp-json\/wp\/v2\/types\/product"}],"wp:featuredmedia":[{"embeddable":true,"href":"https:\/\/www.picarussailingclub.com\/fr\/wp-json\/wp\/v2\/media\/3838"}],"wp:attachment":[{"href":"https:\/\/www.picarussailingclub.com\/fr\/wp-json\/wp\/v2\/media?parent=3872"}],"wp:term":[{"taxonomy":"product_brand","embeddable":true,"href":"https:\/\/www.picarussailingclub.com\/fr\/wp-json\/wp\/v2\/product_brand?post=3872"},{"taxonomy":"product_cat","embeddable":true,"href":"https:\/\/www.picarussailingclub.com\/fr\/wp-json\/wp\/v2\/product_cat?post=3872"},{"taxonomy":"product_tag","embeddable":true,"href":"https:\/\/www.picarussailingclub.com\/fr\/wp-json\/wp\/v2\/product_tag?post=3872"}],"curies":[{"name":"wp","href":"https:\/\/api.w.org\/{rel}","templated":true}]}}