{"id":3883,"date":"2023-12-14T19:01:10","date_gmt":"2023-12-14T18:01:10","guid":{"rendered":"https:\/\/www.picarussailingclub.com\/producto\/sweat-proa\/"},"modified":"2024-03-05T15:59:52","modified_gmt":"2024-03-05T14:59:52","slug":"sweat-proa","status":"publish","type":"product","link":"https:\/\/www.picarussailingclub.com\/fr\/producto\/sweat-proa\/","title":{"rendered":"Sweat PROA"},"content":{"rendered":"<p>Sweat-shirt en coton issu de plantations biologiques et encres biod\u00e9gradables \u00e0 base d&rsquo;eau pour la s\u00e9rigraphie, sans solvants et autres composants toxiques ou m\u00e9taux lourds.<\/p>\n<p>Le sweat PROA Picarus sera votre v\u00eatement pr\u00e9f\u00e9r\u00e9 lors des journ\u00e9es de navigation fra\u00eeches. Le confort et le style de votre garde-robe vous invitent \u00e0 renouveler les aventures nautiques avec nous !<\/p>\n<p>En optant pour des mati\u00e8res premi\u00e8res durables et respectueuses de l&rsquo;environnement, nous proposons non seulement des produits moins nocifs pour la sant\u00e9, mais aussi plus respectueux de l&rsquo;environnement.<\/p>\n<p><img decoding=\"async\" class=\"lazyload wp-image-4095 size-full aligncenter\" src=\"https:\/\/www.picarussailingclub.com\/wp-content\/uploads\/2023\/12\/tallas-sudadera-PROA.png\" data-orig-src=\"https:\/\/www.picarussailingclub.com\/wp-content\/uploads\/2023\/12\/tallas-sudadera-PROA.png\" alt=\"\" width=\"1047\" height=\"162\" srcset=\"data:image\/svg+xml,%3Csvg%20xmlns%3D%27http%3A%2F%2Fwww.w3.org%2F2000%2Fsvg%27%20width%3D%271047%27%20height%3D%27162%27%20viewBox%3D%270%200%201047%20162%27%3E%3Crect%20width%3D%271047%27%20height%3D%27162%27%20fill-opacity%3D%220%22%2F%3E%3C%2Fsvg%3E\" data-srcset=\"https:\/\/www.picarussailingclub.com\/wp-content\/uploads\/2023\/12\/tallas-sudadera-PROA-200x31.png 200w, https:\/\/www.picarussailingclub.com\/wp-content\/uploads\/2023\/12\/tallas-sudadera-PROA-300x46.png 300w, https:\/\/www.picarussailingclub.com\/wp-content\/uploads\/2023\/12\/tallas-sudadera-PROA-400x62.png 400w, https:\/\/www.picarussailingclub.com\/wp-content\/uploads\/2023\/12\/tallas-sudadera-PROA-500x77.png 500w, https:\/\/www.picarussailingclub.com\/wp-content\/uploads\/2023\/12\/tallas-sudadera-PROA-600x93.png 600w, https:\/\/www.picarussailingclub.com\/wp-content\/uploads\/2023\/12\/tallas-sudadera-PROA-700x108.png 700w, https:\/\/www.picarussailingclub.com\/wp-content\/uploads\/2023\/12\/tallas-sudadera-PROA-768x119.png 768w, https:\/\/www.picarussailingclub.com\/wp-content\/uploads\/2023\/12\/tallas-sudadera-PROA-800x124.png 800w, https:\/\/www.picarussailingclub.com\/wp-content\/uploads\/2023\/12\/tallas-sudadera-PROA-1024x158.png 1024w, https:\/\/www.picarussailingclub.com\/wp-content\/uploads\/2023\/12\/tallas-sudadera-PROA.png 1047w\" data-sizes=\"auto\" data-orig-sizes=\"(max-width: 1047px) 100vw, 1047px\" \/><\/p>\n","protected":false},"excerpt":{"rendered":"<p>Sweat-shirt en coton issu de plantations biologiques et encres biod\u00e9gradables \u00e0 base d&rsquo;eau pour la s\u00e9rigraphie, sans solvants et autres composants toxiques ou m\u00e9taux lourds.<\/p>\n<p>Le sweat PROA Picarus sera votre v\u00eatement pr\u00e9f\u00e9r\u00e9 lors des journ\u00e9es de navigation fra\u00eeches. Le confort et le style de votre garde-robe vous invitent \u00e0 renouveler les aventures nautiques avec nous !<\/p>\n<p>En optant pour des mati\u00e8res premi\u00e8res durables et respectueuses de l&rsquo;environnement, nous proposons non seulement des produits moins nocifs pour la sant\u00e9, mais aussi plus respectueux de l&rsquo;environnement.<\/p>\n<p><img decoding=\"async\" class=\"wp-image-4095 size-full aligncenter\" src=\"https:\/\/www.picarussailingclub.com\/wp-content\/uploads\/2023\/12\/tallas-sudadera-PROA.png\" alt=\"\" width=\"1047\" height=\"162\" srcset=\"https:\/\/www.picarussailingclub.com\/wp-content\/uploads\/2023\/12\/tallas-sudadera-PROA-200x31.png 200w, https:\/\/www.picarussailingclub.com\/wp-content\/uploads\/2023\/12\/tallas-sudadera-PROA-300x46.png 300w, https:\/\/www.picarussailingclub.com\/wp-content\/uploads\/2023\/12\/tallas-sudadera-PROA-400x62.png 400w, https:\/\/www.picarussailingclub.com\/wp-content\/uploads\/2023\/12\/tallas-sudadera-PROA-500x77.png 500w, https:\/\/www.picarussailingclub.com\/wp-content\/uploads\/2023\/12\/tallas-sudadera-PROA-600x93.png 600w, https:\/\/www.picarussailingclub.com\/wp-content\/uploads\/2023\/12\/tallas-sudadera-PROA-700x108.png 700w, https:\/\/www.picarussailingclub.com\/wp-content\/uploads\/2023\/12\/tallas-sudadera-PROA-768x119.png 768w, https:\/\/www.picarussailingclub.com\/wp-content\/uploads\/2023\/12\/tallas-sudadera-PROA-800x124.png 800w, https:\/\/www.picarussailingclub.com\/wp-content\/uploads\/2023\/12\/tallas-sudadera-PROA-1024x158.png 1024w, https:\/\/www.picarussailingclub.com\/wp-content\/uploads\/2023\/12\/tallas-sudadera-PROA.png 1047w\" sizes=\"(max-width: 1047px) 100vw, 1047px\" \/><\/p>\n","protected":false},"featured_media":3841,"template":"","meta":[],"product_brand":[],"product_cat":[98],"product_tag":[],"class_list":{"0":"post-3883","1":"product","2":"type-product","3":"status-publish","4":"has-post-thumbnail","6":"product_cat-textile-fr","8":"first","9":"instock","10":"taxable","11":"shipping-taxable","12":"purchasable","13":"product-type-variable"},"yoast_head":"<!-- This site is optimized with the Yoast SEO plugin v27.4 - https:\/\/yoast.com\/product\/yoast-seo-wordpress\/ -->\n<title>Sweat PROA - PICARUS SAILING CLUB<\/title>\n<meta name=\"robots\" content=\"index, follow, max-snippet:-1, max-image-preview:large, max-video-preview:-1\" \/>\n<link rel=\"canonical\" href=\"https:\/\/www.picarussailingclub.com\/fr\/producto\/sweat-proa\/\" \/>\n<meta property=\"og:locale\" content=\"fr_FR\" \/>\n<meta property=\"og:type\" content=\"article\" \/>\n<meta property=\"og:title\" content=\"Sweat PROA - PICARUS SAILING CLUB\" \/>\n<meta property=\"og:description\" content=\"Sweat-shirt en coton issu de plantations biologiques et encres biod\u00e9gradables \u00e0 base d&#039;eau pour la s\u00e9rigraphie, sans solvants et autres composants toxiques ou m\u00e9taux lourds.  Le sweat PROA Picarus sera votre v\u00eatement pr\u00e9f\u00e9r\u00e9 lors des journ\u00e9es de navigation fra\u00eeches. Le confort et le style de votre garde-robe vous invitent \u00e0 renouveler les aventures nautiques avec nous !  En optant pour des mati\u00e8res premi\u00e8res durables et respectueuses de l&#039;environnement, nous proposons non seulement des produits moins nocifs pour la sant\u00e9, mais aussi plus respectueux de l&#039;environnement.\" \/>\n<meta property=\"og:url\" content=\"https:\/\/www.picarussailingclub.com\/fr\/producto\/sweat-proa\/\" \/>\n<meta property=\"og:site_name\" content=\"PICARUS SAILING CLUB\" \/>\n<meta property=\"article:publisher\" content=\"https:\/\/www.facebook.com\/picarussailingclub\/\" \/>\n<meta property=\"article:modified_time\" content=\"2024-03-05T14:59:52+00:00\" \/>\n<meta property=\"og:image\" content=\"https:\/\/www.picarussailingclub.com\/wp-content\/uploads\/2023\/12\/Sudadera-PROA-azul.webp\" \/>\n\t<meta property=\"og:image:width\" content=\"736\" \/>\n\t<meta property=\"og:image:height\" content=\"736\" \/>\n\t<meta property=\"og:image:type\" content=\"image\/webp\" \/>\n<meta name=\"twitter:card\" content=\"summary_large_image\" \/>\n<script type=\"application\/ld+json\" class=\"yoast-schema-graph\">{\"@context\":\"https:\\\/\\\/schema.org\",\"@graph\":[{\"@type\":\"WebPage\",\"@id\":\"https:\\\/\\\/www.picarussailingclub.com\\\/fr\\\/producto\\\/sweat-proa\\\/\",\"url\":\"https:\\\/\\\/www.picarussailingclub.com\\\/fr\\\/producto\\\/sweat-proa\\\/\",\"name\":\"Sweat PROA - PICARUS SAILING CLUB\",\"isPartOf\":{\"@id\":\"https:\\\/\\\/www.picarussailingclub.com\\\/fr\\\/#website\"},\"primaryImageOfPage\":{\"@id\":\"https:\\\/\\\/www.picarussailingclub.com\\\/fr\\\/producto\\\/sweat-proa\\\/#primaryimage\"},\"image\":{\"@id\":\"https:\\\/\\\/www.picarussailingclub.com\\\/fr\\\/producto\\\/sweat-proa\\\/#primaryimage\"},\"thumbnailUrl\":\"https:\\\/\\\/www.picarussailingclub.com\\\/wp-content\\\/uploads\\\/2023\\\/12\\\/Sudadera-PROA-azul.webp\",\"datePublished\":\"2023-12-14T18:01:10+00:00\",\"dateModified\":\"2024-03-05T14:59:52+00:00\",\"breadcrumb\":{\"@id\":\"https:\\\/\\\/www.picarussailingclub.com\\\/fr\\\/producto\\\/sweat-proa\\\/#breadcrumb\"},\"inLanguage\":\"fr-FR\",\"potentialAction\":[{\"@type\":\"ReadAction\",\"target\":[\"https:\\\/\\\/www.picarussailingclub.com\\\/fr\\\/producto\\\/sweat-proa\\\/\"]}]},{\"@type\":\"ImageObject\",\"inLanguage\":\"fr-FR\",\"@id\":\"https:\\\/\\\/www.picarussailingclub.com\\\/fr\\\/producto\\\/sweat-proa\\\/#primaryimage\",\"url\":\"https:\\\/\\\/www.picarussailingclub.com\\\/wp-content\\\/uploads\\\/2023\\\/12\\\/Sudadera-PROA-azul.webp\",\"contentUrl\":\"https:\\\/\\\/www.picarussailingclub.com\\\/wp-content\\\/uploads\\\/2023\\\/12\\\/Sudadera-PROA-azul.webp\",\"width\":736,\"height\":736},{\"@type\":\"BreadcrumbList\",\"@id\":\"https:\\\/\\\/www.picarussailingclub.com\\\/fr\\\/producto\\\/sweat-proa\\\/#breadcrumb\",\"itemListElement\":[{\"@type\":\"ListItem\",\"position\":1,\"name\":\"Portada\",\"item\":\"https:\\\/\\\/www.picarussailingclub.com\\\/fr\\\/\"},{\"@type\":\"ListItem\",\"position\":2,\"name\":\"Boutique\",\"item\":\"https:\\\/\\\/www.picarussailingclub.com\\\/fr\\\/boutique\\\/\"},{\"@type\":\"ListItem\",\"position\":3,\"name\":\"Sweat PROA\"}]},{\"@type\":\"WebSite\",\"@id\":\"https:\\\/\\\/www.picarussailingclub.com\\\/fr\\\/#website\",\"url\":\"https:\\\/\\\/www.picarussailingclub.com\\\/fr\\\/\",\"name\":\"Picarus Sailing Club\",\"description\":\"Excursiones en Barco en Acantilado de los Gigantes\",\"publisher\":{\"@id\":\"https:\\\/\\\/www.picarussailingclub.com\\\/fr\\\/#organization\"},\"alternateName\":\"Avistamiento de Cet\u00e1ceos\",\"potentialAction\":[{\"@type\":\"SearchAction\",\"target\":{\"@type\":\"EntryPoint\",\"urlTemplate\":\"https:\\\/\\\/www.picarussailingclub.com\\\/fr\\\/?s={search_term_string}\"},\"query-input\":{\"@type\":\"PropertyValueSpecification\",\"valueRequired\":true,\"valueName\":\"search_term_string\"}}],\"inLanguage\":\"fr-FR\"},{\"@type\":\"Organization\",\"@id\":\"https:\\\/\\\/www.picarussailingclub.com\\\/fr\\\/#organization\",\"name\":\"Picarus Sailing Club\",\"alternateName\":\"Avistamiento de Cet\u00e1ceos en Tenerife\",\"url\":\"https:\\\/\\\/www.picarussailingclub.com\\\/fr\\\/\",\"logo\":{\"@type\":\"ImageObject\",\"inLanguage\":\"fr-FR\",\"@id\":\"https:\\\/\\\/www.picarussailingclub.com\\\/fr\\\/#\\\/schema\\\/logo\\\/image\\\/\",\"url\":\"https:\\\/\\\/avada.picarussailingclub.com\\\/wp-content\\\/uploads\\\/2023\\\/05\\\/picarus-696x696-1.png\",\"contentUrl\":\"https:\\\/\\\/avada.picarussailingclub.com\\\/wp-content\\\/uploads\\\/2023\\\/05\\\/picarus-696x696-1.png\",\"width\":696,\"height\":696,\"caption\":\"Picarus Sailing Club\"},\"image\":{\"@id\":\"https:\\\/\\\/www.picarussailingclub.com\\\/fr\\\/#\\\/schema\\\/logo\\\/image\\\/\"},\"sameAs\":[\"https:\\\/\\\/www.facebook.com\\\/picarussailingclub\\\/\",\"https:\\\/\\\/www.instagram.com\\\/picarus_sailing_club\\\/\"]}]}<\/script>\n<!-- \/ Yoast SEO plugin. -->","yoast_head_json":{"title":"Sweat PROA - PICARUS SAILING CLUB","robots":{"index":"index","follow":"follow","max-snippet":"max-snippet:-1","max-image-preview":"max-image-preview:large","max-video-preview":"max-video-preview:-1"},"canonical":"https:\/\/www.picarussailingclub.com\/fr\/producto\/sweat-proa\/","og_locale":"fr_FR","og_type":"article","og_title":"Sweat PROA - PICARUS SAILING CLUB","og_description":"Sweat-shirt en coton issu de plantations biologiques et encres biod\u00e9gradables \u00e0 base d'eau pour la s\u00e9rigraphie, sans solvants et autres composants toxiques ou m\u00e9taux lourds.  Le sweat PROA Picarus sera votre v\u00eatement pr\u00e9f\u00e9r\u00e9 lors des journ\u00e9es de navigation fra\u00eeches. Le confort et le style de votre garde-robe vous invitent \u00e0 renouveler les aventures nautiques avec nous !  En optant pour des mati\u00e8res premi\u00e8res durables et respectueuses de l'environnement, nous proposons non seulement des produits moins nocifs pour la sant\u00e9, mais aussi plus respectueux de l'environnement.","og_url":"https:\/\/www.picarussailingclub.com\/fr\/producto\/sweat-proa\/","og_site_name":"PICARUS SAILING CLUB","article_publisher":"https:\/\/www.facebook.com\/picarussailingclub\/","article_modified_time":"2024-03-05T14:59:52+00:00","og_image":[{"width":736,"height":736,"url":"https:\/\/www.picarussailingclub.com\/wp-content\/uploads\/2023\/12\/Sudadera-PROA-azul.webp","type":"image\/webp"}],"twitter_card":"summary_large_image","schema":{"@context":"https:\/\/schema.org","@graph":[{"@type":"WebPage","@id":"https:\/\/www.picarussailingclub.com\/fr\/producto\/sweat-proa\/","url":"https:\/\/www.picarussailingclub.com\/fr\/producto\/sweat-proa\/","name":"Sweat PROA - PICARUS SAILING CLUB","isPartOf":{"@id":"https:\/\/www.picarussailingclub.com\/fr\/#website"},"primaryImageOfPage":{"@id":"https:\/\/www.picarussailingclub.com\/fr\/producto\/sweat-proa\/#primaryimage"},"image":{"@id":"https:\/\/www.picarussailingclub.com\/fr\/producto\/sweat-proa\/#primaryimage"},"thumbnailUrl":"https:\/\/www.picarussailingclub.com\/wp-content\/uploads\/2023\/12\/Sudadera-PROA-azul.webp","datePublished":"2023-12-14T18:01:10+00:00","dateModified":"2024-03-05T14:59:52+00:00","breadcrumb":{"@id":"https:\/\/www.picarussailingclub.com\/fr\/producto\/sweat-proa\/#breadcrumb"},"inLanguage":"fr-FR","potentialAction":[{"@type":"ReadAction","target":["https:\/\/www.picarussailingclub.com\/fr\/producto\/sweat-proa\/"]}]},{"@type":"ImageObject","inLanguage":"fr-FR","@id":"https:\/\/www.picarussailingclub.com\/fr\/producto\/sweat-proa\/#primaryimage","url":"https:\/\/www.picarussailingclub.com\/wp-content\/uploads\/2023\/12\/Sudadera-PROA-azul.webp","contentUrl":"https:\/\/www.picarussailingclub.com\/wp-content\/uploads\/2023\/12\/Sudadera-PROA-azul.webp","width":736,"height":736},{"@type":"BreadcrumbList","@id":"https:\/\/www.picarussailingclub.com\/fr\/producto\/sweat-proa\/#breadcrumb","itemListElement":[{"@type":"ListItem","position":1,"name":"Portada","item":"https:\/\/www.picarussailingclub.com\/fr\/"},{"@type":"ListItem","position":2,"name":"Boutique","item":"https:\/\/www.picarussailingclub.com\/fr\/boutique\/"},{"@type":"ListItem","position":3,"name":"Sweat PROA"}]},{"@type":"WebSite","@id":"https:\/\/www.picarussailingclub.com\/fr\/#website","url":"https:\/\/www.picarussailingclub.com\/fr\/","name":"Picarus Sailing Club","description":"Excursiones en Barco en Acantilado de los Gigantes","publisher":{"@id":"https:\/\/www.picarussailingclub.com\/fr\/#organization"},"alternateName":"Avistamiento de Cet\u00e1ceos","potentialAction":[{"@type":"SearchAction","target":{"@type":"EntryPoint","urlTemplate":"https:\/\/www.picarussailingclub.com\/fr\/?s={search_term_string}"},"query-input":{"@type":"PropertyValueSpecification","valueRequired":true,"valueName":"search_term_string"}}],"inLanguage":"fr-FR"},{"@type":"Organization","@id":"https:\/\/www.picarussailingclub.com\/fr\/#organization","name":"Picarus Sailing Club","alternateName":"Avistamiento de Cet\u00e1ceos en Tenerife","url":"https:\/\/www.picarussailingclub.com\/fr\/","logo":{"@type":"ImageObject","inLanguage":"fr-FR","@id":"https:\/\/www.picarussailingclub.com\/fr\/#\/schema\/logo\/image\/","url":"https:\/\/avada.picarussailingclub.com\/wp-content\/uploads\/2023\/05\/picarus-696x696-1.png","contentUrl":"https:\/\/avada.picarussailingclub.com\/wp-content\/uploads\/2023\/05\/picarus-696x696-1.png","width":696,"height":696,"caption":"Picarus Sailing Club"},"image":{"@id":"https:\/\/www.picarussailingclub.com\/fr\/#\/schema\/logo\/image\/"},"sameAs":["https:\/\/www.facebook.com\/picarussailingclub\/","https:\/\/www.instagram.com\/picarus_sailing_club\/"]}]}},"_links":{"self":[{"href":"https:\/\/www.picarussailingclub.com\/fr\/wp-json\/wp\/v2\/product\/3883","targetHints":{"allow":["GET"]}}],"collection":[{"href":"https:\/\/www.picarussailingclub.com\/fr\/wp-json\/wp\/v2\/product"}],"about":[{"href":"https:\/\/www.picarussailingclub.com\/fr\/wp-json\/wp\/v2\/types\/product"}],"wp:featuredmedia":[{"embeddable":true,"href":"https:\/\/www.picarussailingclub.com\/fr\/wp-json\/wp\/v2\/media\/3841"}],"wp:attachment":[{"href":"https:\/\/www.picarussailingclub.com\/fr\/wp-json\/wp\/v2\/media?parent=3883"}],"wp:term":[{"taxonomy":"product_brand","embeddable":true,"href":"https:\/\/www.picarussailingclub.com\/fr\/wp-json\/wp\/v2\/product_brand?post=3883"},{"taxonomy":"product_cat","embeddable":true,"href":"https:\/\/www.picarussailingclub.com\/fr\/wp-json\/wp\/v2\/product_cat?post=3883"},{"taxonomy":"product_tag","embeddable":true,"href":"https:\/\/www.picarussailingclub.com\/fr\/wp-json\/wp\/v2\/product_tag?post=3883"}],"curies":[{"name":"wp","href":"https:\/\/api.w.org\/{rel}","templated":true}]}}