{"id":4182,"date":"2024-06-04T17:47:06","date_gmt":"2024-06-04T16:47:06","guid":{"rendered":"https:\/\/www.picarussailingclub.com\/producto\/chapeau\/"},"modified":"2024-06-04T17:47:06","modified_gmt":"2024-06-04T16:47:06","slug":"chapeau","status":"publish","type":"product","link":"https:\/\/www.picarussailingclub.com\/fr\/producto\/chapeau\/","title":{"rendered":"Chapeau"},"content":{"rendered":"<p>Notre chapeau Moly ne vous laissera pas indiff\u00e9rent, fait \u00e0 la main par des artisans de l&rsquo;\u00eele et fabriqu\u00e9 avec des mat\u00e9riaux r\u00e9sistants au soleil et \u00e0 la mer. Ce chapeau est con\u00e7u pour vous offrir la meilleure protection contre le soleil gr\u00e2ce \u00e0 son large bord et \u00e0 son tissu anti-UV. C&rsquo;est un chapeau respirant, avec un r\u00e9glage \u00e0 l&rsquo;arri\u00e8re pour plus de confort.<\/p>\n","protected":false},"excerpt":{"rendered":"<p>Notre chapeau Moly ne vous laissera pas indiff\u00e9rent, fait \u00e0 la main par des artisans de l&rsquo;\u00eele et fabriqu\u00e9 avec des mat\u00e9riaux r\u00e9sistants au soleil et \u00e0 la mer. Ce chapeau est con\u00e7u pour vous offrir la meilleure protection contre le soleil gr\u00e2ce \u00e0 son large bord et \u00e0 son tissu anti-UV. C&rsquo;est un chapeau respirant, avec un r\u00e9glage \u00e0 l&rsquo;arri\u00e8re pour plus de confort.<\/p>\n","protected":false},"featured_media":4177,"template":"","meta":[],"product_brand":[],"product_cat":[98],"product_tag":[],"class_list":{"0":"post-4182","1":"product","2":"type-product","3":"status-publish","4":"has-post-thumbnail","6":"product_cat-textile-fr","8":"first","9":"instock","10":"taxable","11":"shipping-taxable","12":"purchasable","13":"product-type-simple"},"yoast_head":"<!-- This site is optimized with the Yoast SEO plugin v27.4 - https:\/\/yoast.com\/product\/yoast-seo-wordpress\/ -->\n<title>Chapeau - PICARUS SAILING CLUB<\/title>\n<meta name=\"description\" content=\"Fabriqu\u00e9s \u00e0 la main par des artisans de l&#039;\u00eele. R\u00e9sistant au soleil et \u00e0 la mer. Large bord, tissu anti-UV, respirant et r\u00e9glable \u00e0 l&#039;arri\u00e8re.\" \/>\n<meta name=\"robots\" content=\"index, follow, max-snippet:-1, max-image-preview:large, max-video-preview:-1\" \/>\n<link rel=\"canonical\" href=\"https:\/\/www.picarussailingclub.com\/fr\/producto\/chapeau\/\" \/>\n<meta property=\"og:locale\" content=\"fr_FR\" \/>\n<meta property=\"og:type\" content=\"article\" \/>\n<meta property=\"og:title\" content=\"Chapeau - PICARUS SAILING CLUB\" \/>\n<meta property=\"og:description\" content=\"Fabriqu\u00e9s \u00e0 la main par des artisans de l&#039;\u00eele. R\u00e9sistant au soleil et \u00e0 la mer. Large bord, tissu anti-UV, respirant et r\u00e9glable \u00e0 l&#039;arri\u00e8re.\" \/>\n<meta property=\"og:url\" content=\"https:\/\/www.picarussailingclub.com\/fr\/producto\/chapeau\/\" \/>\n<meta property=\"og:site_name\" content=\"PICARUS SAILING CLUB\" \/>\n<meta property=\"article:publisher\" content=\"https:\/\/www.facebook.com\/picarussailingclub\/\" \/>\n<meta property=\"og:image\" content=\"https:\/\/www.picarussailingclub.com\/wp-content\/uploads\/2024\/06\/sombrero.webp\" \/>\n\t<meta property=\"og:image:width\" content=\"736\" \/>\n\t<meta property=\"og:image:height\" content=\"736\" \/>\n\t<meta property=\"og:image:type\" content=\"image\/webp\" \/>\n<meta name=\"twitter:card\" content=\"summary_large_image\" \/>\n<script type=\"application\/ld+json\" class=\"yoast-schema-graph\">{\"@context\":\"https:\\\/\\\/schema.org\",\"@graph\":[{\"@type\":\"WebPage\",\"@id\":\"https:\\\/\\\/www.picarussailingclub.com\\\/fr\\\/producto\\\/chapeau\\\/\",\"url\":\"https:\\\/\\\/www.picarussailingclub.com\\\/fr\\\/producto\\\/chapeau\\\/\",\"name\":\"Chapeau - PICARUS SAILING CLUB\",\"isPartOf\":{\"@id\":\"https:\\\/\\\/www.picarussailingclub.com\\\/fr\\\/#website\"},\"primaryImageOfPage\":{\"@id\":\"https:\\\/\\\/www.picarussailingclub.com\\\/fr\\\/producto\\\/chapeau\\\/#primaryimage\"},\"image\":{\"@id\":\"https:\\\/\\\/www.picarussailingclub.com\\\/fr\\\/producto\\\/chapeau\\\/#primaryimage\"},\"thumbnailUrl\":\"https:\\\/\\\/www.picarussailingclub.com\\\/wp-content\\\/uploads\\\/2024\\\/06\\\/sombrero.webp\",\"datePublished\":\"2024-06-04T16:47:06+00:00\",\"description\":\"Fabriqu\u00e9s \u00e0 la main par des artisans de l'\u00eele. R\u00e9sistant au soleil et \u00e0 la mer. Large bord, tissu anti-UV, respirant et r\u00e9glable \u00e0 l'arri\u00e8re.\",\"breadcrumb\":{\"@id\":\"https:\\\/\\\/www.picarussailingclub.com\\\/fr\\\/producto\\\/chapeau\\\/#breadcrumb\"},\"inLanguage\":\"fr-FR\",\"potentialAction\":[{\"@type\":\"ReadAction\",\"target\":[\"https:\\\/\\\/www.picarussailingclub.com\\\/fr\\\/producto\\\/chapeau\\\/\"]}]},{\"@type\":\"ImageObject\",\"inLanguage\":\"fr-FR\",\"@id\":\"https:\\\/\\\/www.picarussailingclub.com\\\/fr\\\/producto\\\/chapeau\\\/#primaryimage\",\"url\":\"https:\\\/\\\/www.picarussailingclub.com\\\/wp-content\\\/uploads\\\/2024\\\/06\\\/sombrero.webp\",\"contentUrl\":\"https:\\\/\\\/www.picarussailingclub.com\\\/wp-content\\\/uploads\\\/2024\\\/06\\\/sombrero.webp\",\"width\":736,\"height\":736},{\"@type\":\"BreadcrumbList\",\"@id\":\"https:\\\/\\\/www.picarussailingclub.com\\\/fr\\\/producto\\\/chapeau\\\/#breadcrumb\",\"itemListElement\":[{\"@type\":\"ListItem\",\"position\":1,\"name\":\"Portada\",\"item\":\"https:\\\/\\\/www.picarussailingclub.com\\\/fr\\\/\"},{\"@type\":\"ListItem\",\"position\":2,\"name\":\"Boutique\",\"item\":\"https:\\\/\\\/www.picarussailingclub.com\\\/fr\\\/boutique\\\/\"},{\"@type\":\"ListItem\",\"position\":3,\"name\":\"Chapeau\"}]},{\"@type\":\"WebSite\",\"@id\":\"https:\\\/\\\/www.picarussailingclub.com\\\/fr\\\/#website\",\"url\":\"https:\\\/\\\/www.picarussailingclub.com\\\/fr\\\/\",\"name\":\"Picarus Sailing Club\",\"description\":\"Excursiones en Barco en Acantilado de los Gigantes\",\"publisher\":{\"@id\":\"https:\\\/\\\/www.picarussailingclub.com\\\/fr\\\/#organization\"},\"alternateName\":\"Avistamiento de Cet\u00e1ceos\",\"potentialAction\":[{\"@type\":\"SearchAction\",\"target\":{\"@type\":\"EntryPoint\",\"urlTemplate\":\"https:\\\/\\\/www.picarussailingclub.com\\\/fr\\\/?s={search_term_string}\"},\"query-input\":{\"@type\":\"PropertyValueSpecification\",\"valueRequired\":true,\"valueName\":\"search_term_string\"}}],\"inLanguage\":\"fr-FR\"},{\"@type\":\"Organization\",\"@id\":\"https:\\\/\\\/www.picarussailingclub.com\\\/fr\\\/#organization\",\"name\":\"Picarus Sailing Club\",\"alternateName\":\"Avistamiento de Cet\u00e1ceos en Tenerife\",\"url\":\"https:\\\/\\\/www.picarussailingclub.com\\\/fr\\\/\",\"logo\":{\"@type\":\"ImageObject\",\"inLanguage\":\"fr-FR\",\"@id\":\"https:\\\/\\\/www.picarussailingclub.com\\\/fr\\\/#\\\/schema\\\/logo\\\/image\\\/\",\"url\":\"https:\\\/\\\/avada.picarussailingclub.com\\\/wp-content\\\/uploads\\\/2023\\\/05\\\/picarus-696x696-1.png\",\"contentUrl\":\"https:\\\/\\\/avada.picarussailingclub.com\\\/wp-content\\\/uploads\\\/2023\\\/05\\\/picarus-696x696-1.png\",\"width\":696,\"height\":696,\"caption\":\"Picarus Sailing Club\"},\"image\":{\"@id\":\"https:\\\/\\\/www.picarussailingclub.com\\\/fr\\\/#\\\/schema\\\/logo\\\/image\\\/\"},\"sameAs\":[\"https:\\\/\\\/www.facebook.com\\\/picarussailingclub\\\/\",\"https:\\\/\\\/www.instagram.com\\\/picarus_sailing_club\\\/\"]}]}<\/script>\n<!-- \/ Yoast SEO plugin. -->","yoast_head_json":{"title":"Chapeau - PICARUS SAILING CLUB","description":"Fabriqu\u00e9s \u00e0 la main par des artisans de l'\u00eele. R\u00e9sistant au soleil et \u00e0 la mer. Large bord, tissu anti-UV, respirant et r\u00e9glable \u00e0 l'arri\u00e8re.","robots":{"index":"index","follow":"follow","max-snippet":"max-snippet:-1","max-image-preview":"max-image-preview:large","max-video-preview":"max-video-preview:-1"},"canonical":"https:\/\/www.picarussailingclub.com\/fr\/producto\/chapeau\/","og_locale":"fr_FR","og_type":"article","og_title":"Chapeau - PICARUS SAILING CLUB","og_description":"Fabriqu\u00e9s \u00e0 la main par des artisans de l'\u00eele. R\u00e9sistant au soleil et \u00e0 la mer. Large bord, tissu anti-UV, respirant et r\u00e9glable \u00e0 l'arri\u00e8re.","og_url":"https:\/\/www.picarussailingclub.com\/fr\/producto\/chapeau\/","og_site_name":"PICARUS SAILING CLUB","article_publisher":"https:\/\/www.facebook.com\/picarussailingclub\/","og_image":[{"width":736,"height":736,"url":"https:\/\/www.picarussailingclub.com\/wp-content\/uploads\/2024\/06\/sombrero.webp","type":"image\/webp"}],"twitter_card":"summary_large_image","schema":{"@context":"https:\/\/schema.org","@graph":[{"@type":"WebPage","@id":"https:\/\/www.picarussailingclub.com\/fr\/producto\/chapeau\/","url":"https:\/\/www.picarussailingclub.com\/fr\/producto\/chapeau\/","name":"Chapeau - PICARUS SAILING CLUB","isPartOf":{"@id":"https:\/\/www.picarussailingclub.com\/fr\/#website"},"primaryImageOfPage":{"@id":"https:\/\/www.picarussailingclub.com\/fr\/producto\/chapeau\/#primaryimage"},"image":{"@id":"https:\/\/www.picarussailingclub.com\/fr\/producto\/chapeau\/#primaryimage"},"thumbnailUrl":"https:\/\/www.picarussailingclub.com\/wp-content\/uploads\/2024\/06\/sombrero.webp","datePublished":"2024-06-04T16:47:06+00:00","description":"Fabriqu\u00e9s \u00e0 la main par des artisans de l'\u00eele. R\u00e9sistant au soleil et \u00e0 la mer. Large bord, tissu anti-UV, respirant et r\u00e9glable \u00e0 l'arri\u00e8re.","breadcrumb":{"@id":"https:\/\/www.picarussailingclub.com\/fr\/producto\/chapeau\/#breadcrumb"},"inLanguage":"fr-FR","potentialAction":[{"@type":"ReadAction","target":["https:\/\/www.picarussailingclub.com\/fr\/producto\/chapeau\/"]}]},{"@type":"ImageObject","inLanguage":"fr-FR","@id":"https:\/\/www.picarussailingclub.com\/fr\/producto\/chapeau\/#primaryimage","url":"https:\/\/www.picarussailingclub.com\/wp-content\/uploads\/2024\/06\/sombrero.webp","contentUrl":"https:\/\/www.picarussailingclub.com\/wp-content\/uploads\/2024\/06\/sombrero.webp","width":736,"height":736},{"@type":"BreadcrumbList","@id":"https:\/\/www.picarussailingclub.com\/fr\/producto\/chapeau\/#breadcrumb","itemListElement":[{"@type":"ListItem","position":1,"name":"Portada","item":"https:\/\/www.picarussailingclub.com\/fr\/"},{"@type":"ListItem","position":2,"name":"Boutique","item":"https:\/\/www.picarussailingclub.com\/fr\/boutique\/"},{"@type":"ListItem","position":3,"name":"Chapeau"}]},{"@type":"WebSite","@id":"https:\/\/www.picarussailingclub.com\/fr\/#website","url":"https:\/\/www.picarussailingclub.com\/fr\/","name":"Picarus Sailing Club","description":"Excursiones en Barco en Acantilado de los Gigantes","publisher":{"@id":"https:\/\/www.picarussailingclub.com\/fr\/#organization"},"alternateName":"Avistamiento de Cet\u00e1ceos","potentialAction":[{"@type":"SearchAction","target":{"@type":"EntryPoint","urlTemplate":"https:\/\/www.picarussailingclub.com\/fr\/?s={search_term_string}"},"query-input":{"@type":"PropertyValueSpecification","valueRequired":true,"valueName":"search_term_string"}}],"inLanguage":"fr-FR"},{"@type":"Organization","@id":"https:\/\/www.picarussailingclub.com\/fr\/#organization","name":"Picarus Sailing Club","alternateName":"Avistamiento de Cet\u00e1ceos en Tenerife","url":"https:\/\/www.picarussailingclub.com\/fr\/","logo":{"@type":"ImageObject","inLanguage":"fr-FR","@id":"https:\/\/www.picarussailingclub.com\/fr\/#\/schema\/logo\/image\/","url":"https:\/\/avada.picarussailingclub.com\/wp-content\/uploads\/2023\/05\/picarus-696x696-1.png","contentUrl":"https:\/\/avada.picarussailingclub.com\/wp-content\/uploads\/2023\/05\/picarus-696x696-1.png","width":696,"height":696,"caption":"Picarus Sailing Club"},"image":{"@id":"https:\/\/www.picarussailingclub.com\/fr\/#\/schema\/logo\/image\/"},"sameAs":["https:\/\/www.facebook.com\/picarussailingclub\/","https:\/\/www.instagram.com\/picarus_sailing_club\/"]}]}},"_links":{"self":[{"href":"https:\/\/www.picarussailingclub.com\/fr\/wp-json\/wp\/v2\/product\/4182","targetHints":{"allow":["GET"]}}],"collection":[{"href":"https:\/\/www.picarussailingclub.com\/fr\/wp-json\/wp\/v2\/product"}],"about":[{"href":"https:\/\/www.picarussailingclub.com\/fr\/wp-json\/wp\/v2\/types\/product"}],"wp:featuredmedia":[{"embeddable":true,"href":"https:\/\/www.picarussailingclub.com\/fr\/wp-json\/wp\/v2\/media\/4177"}],"wp:attachment":[{"href":"https:\/\/www.picarussailingclub.com\/fr\/wp-json\/wp\/v2\/media?parent=4182"}],"wp:term":[{"taxonomy":"product_brand","embeddable":true,"href":"https:\/\/www.picarussailingclub.com\/fr\/wp-json\/wp\/v2\/product_brand?post=4182"},{"taxonomy":"product_cat","embeddable":true,"href":"https:\/\/www.picarussailingclub.com\/fr\/wp-json\/wp\/v2\/product_cat?post=4182"},{"taxonomy":"product_tag","embeddable":true,"href":"https:\/\/www.picarussailingclub.com\/fr\/wp-json\/wp\/v2\/product_tag?post=4182"}],"curies":[{"name":"wp","href":"https:\/\/api.w.org\/{rel}","templated":true}]}}